{"id":29295,"date":"2025-02-20T22:30:53","date_gmt":"2025-02-20T22:30:53","guid":{"rendered":"https:\/\/olemosaic.orbitalia.org\/producto\/bol-de-coco-rojo-sardina\/"},"modified":"2025-07-25T19:41:08","modified_gmt":"2025-07-25T17:41:08","slug":"bol-noix-de-coco-rouge-sardine","status":"publish","type":"product","link":"https:\/\/olemosaic.orbitalia.org\/fr\/produit\/bol-noix-de-coco-rouge-sardine\/","title":{"rendered":"Bol en noix de coco rouge. Sardine."},"content":{"rendered":"<p>Ce bol en noix de coco rouge avec un design de sardine est une pi\u00e8ce fascinante qui capture l&rsquo;essence de la mer et de la culture espagnole. Fabriqu\u00e9 en noix de coco naturelle, il pr\u00e9sente une finition rouge vibrante qui apporte joie et couleur \u00e0 n&rsquo;importe quelle table. Au centre, un motif distinctif de sardine en blanc flotte avec \u00e9l\u00e9gance, \u00e9voquant la tradition de la p\u00eache des c\u00f4tes m\u00e9diterran\u00e9ennes. La ligne blanche en forme de poisson cr\u00e9e un contraste attrayant sur le fond rouge, tandis que la texture unique de la noix de coco ajoute un caract\u00e8re diff\u00e9renciateur \u00e0 cet objet d\u00e9coratif.<\/p>\n<p>Id\u00e9al pour servir des ap\u00e9ritifs ou simplement comme \u00e9l\u00e9ment d\u00e9coratif, ce bol symbolise le lien riche entre la gastronomie et la culture du littoral espagnol. Son design ludique et fonctionnel en fait un excellent souvenir pour les touristes qui souhaitent emporter un morceau authentique des traditions maritimes de l&rsquo;Espagne. Chez Ol\u00e9 Mosaic, nous nous engageons dans la distribution de souvenirs en gros, offrant des pi\u00e8ces authentiques qui soulignent l&rsquo;identit\u00e9 culturelle de la r\u00e9gion. Ce bol en noix de coco rouge est une option parfaite pour les boutiques de cadeaux touristiques cherchant \u00e0 mettre en avant la diversit\u00e9 et la tradition de l&rsquo;art d\u00e9coratif espagnol, garantissant sa pertinence culturelle et esth\u00e9tique.<\/p>\n","protected":false},"excerpt":{"rendered":"<p>Bol en noix de coco rouge avec design de sardine, id\u00e9al pour d\u00e9corer ou servir des ap\u00e9ritifs. Ce bol attrayant, fabriqu\u00e9 en noix de coco, pr\u00e9sente une finition rouge vibrante et un motif distinctif de sardine en blanc, qui ajoute une touche amusante et culturelle. La d\u00e9licate ligne blanche en forme de poisson ressort sur le fond rouge, cr\u00e9ant une pi\u00e8ce frappante et fonctionnelle qui \u00e9voque la tradition maritime des c\u00f4tes espagnoles. Parfait pour toute occasion.<\/p>\n","protected":false},"featured_media":11733,"template":"","meta":{"_acf_changed":false},"product_brand":[],"product_cat":[521],"product_tag":[530],"class_list":{"0":"post-29295","1":"product","2":"type-product","3":"status-publish","4":"has-post-thumbnail","6":"product_cat-bols","7":"product_tag-animaux","8":"pa_motivo-sardines","10":"first","11":"instock","12":"shipping-taxable","13":"product-type-simple"},"acf":[],"_links":{"self":[{"href":"https:\/\/olemosaic.orbitalia.org\/fr\/wp-json\/wp\/v2\/product\/29295","targetHints":{"allow":["GET"]}}],"collection":[{"href":"https:\/\/olemosaic.orbitalia.org\/fr\/wp-json\/wp\/v2\/product"}],"about":[{"href":"https:\/\/olemosaic.orbitalia.org\/fr\/wp-json\/wp\/v2\/types\/product"}],"wp:featuredmedia":[{"embeddable":true,"href":"https:\/\/olemosaic.orbitalia.org\/fr\/wp-json\/wp\/v2\/media\/11733"}],"wp:attachment":[{"href":"https:\/\/olemosaic.orbitalia.org\/fr\/wp-json\/wp\/v2\/media?parent=29295"}],"wp:term":[{"taxonomy":"product_brand","embeddable":true,"href":"https:\/\/olemosaic.orbitalia.org\/fr\/wp-json\/wp\/v2\/product_brand?post=29295"},{"taxonomy":"product_cat","embeddable":true,"href":"https:\/\/olemosaic.orbitalia.org\/fr\/wp-json\/wp\/v2\/product_cat?post=29295"},{"taxonomy":"product_tag","embeddable":true,"href":"https:\/\/olemosaic.orbitalia.org\/fr\/wp-json\/wp\/v2\/product_tag?post=29295"}],"curies":[{"name":"wp","href":"https:\/\/api.w.org\/{rel}","templated":true}]}}