{"id":29294,"date":"2025-02-20T23:30:53","date_gmt":"2025-02-20T22:30:53","guid":{"rendered":"https:\/\/olemosaic.orbitalia.org\/producto\/bol-de-coco-rojo-salamandra-mallorca-2\/"},"modified":"2025-07-25T19:37:28","modified_gmt":"2025-07-25T17:37:28","slug":"bol-noix-de-coco-rouge-salamandre-majorque-2","status":"publish","type":"product","link":"https:\/\/olemosaic.orbitalia.org\/fr\/produit\/bol-noix-de-coco-rouge-salamandre-majorque-2\/","title":{"rendered":"Bol en noix de coco rouge. Salamandre. Majorque. Fond rouge."},"content":{"rendered":"<p>Ce bol en noix de coco rouge avec un design de salamandre est un magnifique exemple de l&rsquo;artisanat majorquin, parfait pour ceux qui recherchent des souvenirs authentiques et color\u00e9s de cette charmante \u00eele m\u00e9diterran\u00e9enne. Fabriqu\u00e9 en noix de coco, ce bol se distingue par sa finition vibrante d&rsquo;un rouge intense qui attire le regard, orn\u00e9 de petits c\u0153urs qui apportent une touche ludique et romantique. Au centre, une salamandre illustr\u00e9e, symbole de la faune locale, ressort avec son ton rouge brillant, rehaussant la joie et la vitalit\u00e9 du design. Le mot \u00ab\u00a0MALLORCA\u00a0\u00bb est \u00e9l\u00e9gamment imprim\u00e9 au fond, nous rappelant la g\u00e9ographie culturelle de l&rsquo;\u00eele.<\/p>\n<p>Ce bol n&rsquo;est pas seulement un \u00e9l\u00e9ment d\u00e9coratif distinctif, mais il est \u00e9galement parfait pour pr\u00e9senter des ap\u00e9ritifs ou comme centre de table lors d&rsquo;une c\u00e9l\u00e9bration, capturant l&rsquo;essence du mode de vie m\u00e9diterran\u00e9en. Le lien culturel de cet article r\u00e9side dans son inspiration de la tradition insulaire, en faisant un souvenir significatif pour tout visiteur. Chez Ol\u00e9 Mosaic, nous sommes fiers de proposer des produits artisanaux comme ce bol en noix de coco rouge, apportant un morceau de Majorque dans votre foyer, id\u00e9al pour les boutiques recherchant des souvenirs de qualit\u00e9 et authentiques qui refl\u00e8tent la diversit\u00e9 culturelle de l&rsquo;Espagne. En tant que distributeurs de souvenirs, nous garantissons que chaque pi\u00e8ce est une fid\u00e8le repr\u00e9sentation de notre richesse culturelle.<\/p>\n","protected":false},"excerpt":{"rendered":"<p>Bol en noix de coco rouge avec design de salamandre, inspir\u00e9 par la tradition majorquine. Ce bol attrayant, fabriqu\u00e9 \u00e0 partir de noix de coco, pr\u00e9sente une finition brillante d&rsquo;un rouge intense, orn\u00e9 de petits c\u0153urs et d&rsquo;une illustration centrale d&rsquo;une salamandre de la m\u00eame couleur. Le mot \u00ab\u00a0MALLORCA\u00a0\u00bb est \u00e9l\u00e9gamment imprim\u00e9 au fond, ce qui en fait un souvenir parfait pour se souvenir de la beaut\u00e9 de cette \u00eele m\u00e9diterran\u00e9enne. Id\u00e9al comme \u00e9l\u00e9ment d\u00e9coratif ou pour servir de petits ap\u00e9ritifs.<\/p>\n","protected":false},"featured_media":10216,"template":"","meta":{"_acf_changed":false},"product_brand":[],"product_cat":[521],"product_tag":[530],"class_list":{"0":"post-29294","1":"product","2":"type-product","3":"status-publish","4":"has-post-thumbnail","6":"product_cat-bols","7":"product_tag-animaux","8":"pa_ciudad-mallorca","9":"pa_motivo-salamandres","10":"pa_pais-espana","12":"first","13":"instock","14":"shipping-taxable","15":"product-type-simple"},"acf":[],"_links":{"self":[{"href":"https:\/\/olemosaic.orbitalia.org\/fr\/wp-json\/wp\/v2\/product\/29294","targetHints":{"allow":["GET"]}}],"collection":[{"href":"https:\/\/olemosaic.orbitalia.org\/fr\/wp-json\/wp\/v2\/product"}],"about":[{"href":"https:\/\/olemosaic.orbitalia.org\/fr\/wp-json\/wp\/v2\/types\/product"}],"wp:featuredmedia":[{"embeddable":true,"href":"https:\/\/olemosaic.orbitalia.org\/fr\/wp-json\/wp\/v2\/media\/10216"}],"wp:attachment":[{"href":"https:\/\/olemosaic.orbitalia.org\/fr\/wp-json\/wp\/v2\/media?parent=29294"}],"wp:term":[{"taxonomy":"product_brand","embeddable":true,"href":"https:\/\/olemosaic.orbitalia.org\/fr\/wp-json\/wp\/v2\/product_brand?post=29294"},{"taxonomy":"product_cat","embeddable":true,"href":"https:\/\/olemosaic.orbitalia.org\/fr\/wp-json\/wp\/v2\/product_cat?post=29294"},{"taxonomy":"product_tag","embeddable":true,"href":"https:\/\/olemosaic.orbitalia.org\/fr\/wp-json\/wp\/v2\/product_tag?post=29294"}],"curies":[{"name":"wp","href":"https:\/\/api.w.org\/{rel}","templated":true}]}}