{"id":29276,"date":"2025-02-20T23:30:53","date_gmt":"2025-02-20T22:30:53","guid":{"rendered":"https:\/\/olemosaic.orbitalia.org\/producto\/bol-de-coco-rojo-delfin-mallorca-2\/"},"modified":"2025-07-25T20:00:34","modified_gmt":"2025-07-25T18:00:34","slug":"bol-noix-de-coco-rouge-dauphin-majorque-2","status":"publish","type":"product","link":"https:\/\/olemosaic.orbitalia.org\/fr\/produit\/bol-noix-de-coco-rouge-dauphin-majorque-2\/","title":{"rendered":"Bol en noix de coco rouge. Dauphin. Majorque. Blanc."},"content":{"rendered":"<p>Ce bol en noix de coco rouge, orn\u00e9 d&rsquo;un dauphin attrayant, est un authentique souvenir de Majorque qui encapsule la beaut\u00e9 marine de l&rsquo;\u00eele. Fabriqu\u00e9 artisanalement \u00e0 partir de coques de noix de coco, cet article singulier pr\u00e9sente un int\u00e9rieur rouge vibrant qui \u00e9voque la chaleur du soleil des Bal\u00e9ares et fait ressortir spectaculairement le motif blanc du dauphin sautant au centre. Juste en dessous de l&rsquo;image du dauphin, le mot \u00ab\u00a0MALLORCA\u00a0\u00bb souligne l&rsquo;identit\u00e9 culturelle de cette belle destination touristique.<\/p>\n<p>Les bords du bol sont d\u00e9cor\u00e9s de d\u00e9tails artisanaux qui lui conf\u00e8rent un caract\u00e8re distinctif, rendant chaque pi\u00e8ce unique. Ce bol ne sert pas seulement de r\u00e9cipient pratique pour de petits objets, mais agit \u00e9galement comme un magnifique centre de table, rappelant \u00e0 ceux qui le voient les eaux cristallines et la vie marine vibrante de Majorque. Son design attrayant et color\u00e9 en fait un cadeau parfait pour les amis et la famille, ou simplement un beau souvenir \u00e0 exposer chez soi.<\/p>\n<p>Chez Ol\u00e9 Mosaic, nous nous consacrons \u00e0 la distribution de souvenirs en gros, et ce bol en noix de coco rouge est une excellente option pour les boutiques de cadeaux touristiques recherchant des produits authentiques et repr\u00e9sentatifs de la riche culture de Majorque. Nous n&rsquo;offrons que les meilleurs souvenirs, garantissant qualit\u00e9 et pertinence culturelle dans chaque pi\u00e8ce.<\/p>\n","protected":false},"excerpt":{"rendered":"<p>Bol en noix de coco rouge d\u00e9cor\u00e9 d&rsquo;un dauphin attrayant, repr\u00e9sentant la beaut\u00e9 marine de Majorque. Cet article, fabriqu\u00e9 en noix de coco, pr\u00e9sente un int\u00e9rieur rouge vibrant qui fait ressortir le motif blanc du dauphin et le texte \u00ab\u00a0MALLORCA\u00a0\u00bb, cr\u00e9ant une pi\u00e8ce distinctive. Les d\u00e9tails du bord du bol ajoutent une touche artisanale, en faisant un souvenir id\u00e9al pour se souvenir des eaux cristallines de l&rsquo;\u00eele.<\/p>\n","protected":false},"featured_media":11780,"template":"","meta":{"_acf_changed":false},"product_brand":[],"product_cat":[521],"product_tag":[530],"class_list":{"0":"post-29276","1":"product","2":"type-product","3":"status-publish","4":"has-post-thumbnail","6":"product_cat-bols","7":"product_tag-animaux","8":"pa_ciudad-mallorca","9":"pa_motivo-dauphins","10":"pa_pais-espana","12":"first","13":"instock","14":"shipping-taxable","15":"product-type-simple"},"acf":[],"_links":{"self":[{"href":"https:\/\/olemosaic.orbitalia.org\/fr\/wp-json\/wp\/v2\/product\/29276","targetHints":{"allow":["GET"]}}],"collection":[{"href":"https:\/\/olemosaic.orbitalia.org\/fr\/wp-json\/wp\/v2\/product"}],"about":[{"href":"https:\/\/olemosaic.orbitalia.org\/fr\/wp-json\/wp\/v2\/types\/product"}],"wp:featuredmedia":[{"embeddable":true,"href":"https:\/\/olemosaic.orbitalia.org\/fr\/wp-json\/wp\/v2\/media\/11780"}],"wp:attachment":[{"href":"https:\/\/olemosaic.orbitalia.org\/fr\/wp-json\/wp\/v2\/media?parent=29276"}],"wp:term":[{"taxonomy":"product_brand","embeddable":true,"href":"https:\/\/olemosaic.orbitalia.org\/fr\/wp-json\/wp\/v2\/product_brand?post=29276"},{"taxonomy":"product_cat","embeddable":true,"href":"https:\/\/olemosaic.orbitalia.org\/fr\/wp-json\/wp\/v2\/product_cat?post=29276"},{"taxonomy":"product_tag","embeddable":true,"href":"https:\/\/olemosaic.orbitalia.org\/fr\/wp-json\/wp\/v2\/product_tag?post=29276"}],"curies":[{"name":"wp","href":"https:\/\/api.w.org\/{rel}","templated":true}]}}