{"id":29272,"date":"2025-02-20T23:30:52","date_gmt":"2025-02-20T22:30:52","guid":{"rendered":"https:\/\/olemosaic.orbitalia.org\/producto\/bol-de-coco-azul-caballito-de-mar-gran-canaria-3\/"},"modified":"2025-07-25T19:05:07","modified_gmt":"2025-07-25T17:05:07","slug":"bol-noix-de-coco-bleu-hippocampe-grande-canarie-3","status":"publish","type":"product","link":"https:\/\/olemosaic.orbitalia.org\/fr\/produit\/bol-noix-de-coco-bleu-hippocampe-grande-canarie-3\/","title":{"rendered":"Bol en noix de coco bleu. Hippocampe. Grande Canarie."},"content":{"rendered":"<p>Ce bol en noix de coco peint \u00e0 la main est une magnifique repr\u00e9sentation artistique de la beaut\u00e9 de l&rsquo;archipel des Canaries, plus pr\u00e9cis\u00e9ment de la Grande Canarie. Son design vibrant aux tons bleus \u00e9voque les eaux cristallines de l&rsquo;oc\u00e9an qui entoure l&rsquo;\u00eele, tandis qu&rsquo;au centre se distinguent deux hippocampes stylis\u00e9s, symboles de la vie marine et de la s\u00e9r\u00e9nit\u00e9 qui caract\u00e9risent la r\u00e9gion. Ces hippocampes sont entour\u00e9s de c\u0153urs d\u00e9licats qui ajoutent une touche de chaleur et d&rsquo;amour \u00e0 la pi\u00e8ce.<\/p>\n<p>Le fond noir de ce bol rehausse l&rsquo;\u00e9l\u00e9gance du design, cr\u00e9ant un contraste qui non seulement attire l&rsquo;attention, mais offre \u00e9galement une excellente base pour les \u00e9l\u00e9ments color\u00e9s qui l&rsquo;ornent. Sur la partie inf\u00e9rieure du bol, l&rsquo;inscription \u00ab\u00a0Gran Canaria\u00a0\u00bb souligne son origine authentique, en faisant un souvenir repr\u00e9sentatif et significatif pour ceux qui cherchent \u00e0 ramener un morceau de la culture canarienne chez eux.<\/p>\n<p>Ce bol n&rsquo;est pas seulement un objet d\u00e9coratif ; son design et son artisanat en font un souvenir parfait qui capture l&rsquo;essence de la vie aux \u00eeles Canaries. Id\u00e9al pour les touristes \u00e0 la recherche de souvenirs authentiques, ce bol en noix de coco est une excellente option que toute boutique de cadeaux touristiques souhaiterait proposer. Chez Ol\u00e9 Mosaic, nous nous consacrons \u00e0 la distribution de souvenirs de qualit\u00e9 en gros, et ce bol est un exemple parfait de notre engagement envers l&rsquo;artisanat et l&rsquo;authenticit\u00e9.<\/p>\n","protected":false},"excerpt":{"rendered":"<p>Bol en noix de coco au design artisanal, peint \u00e0 la main, avec un design vibrant aux tons bleus \u00e9voquant la beaut\u00e9 marine de la Grande Canarie. Au centre, deux hippocampes stylis\u00e9s se distinguent, entour\u00e9s de c\u0153urs et sur un fond noir qui souligne leur \u00e9l\u00e9gance. Sur la partie inf\u00e9rieure, l&rsquo;inscription \u00ab\u00a0Gran Canaria\u00a0\u00bb souligne son origine. Ce bol n&rsquo;est pas seulement un objet d\u00e9coratif, mais aussi un souvenir authentique qui capture l&rsquo;essence culturelle de l&rsquo;archipel canarien.<\/p>\n","protected":false},"featured_media":10247,"template":"","meta":{"_acf_changed":false},"product_brand":[],"product_cat":[521],"product_tag":[530],"class_list":{"0":"post-29272","1":"product","2":"type-product","3":"status-publish","4":"has-post-thumbnail","6":"product_cat-bols","7":"product_tag-animaux","8":"pa_ciudad-gran-canaria","9":"pa_motivo-hippocampes","10":"pa_pais-espana","12":"first","13":"instock","14":"shipping-taxable","15":"product-type-simple"},"acf":[],"_links":{"self":[{"href":"https:\/\/olemosaic.orbitalia.org\/fr\/wp-json\/wp\/v2\/product\/29272","targetHints":{"allow":["GET"]}}],"collection":[{"href":"https:\/\/olemosaic.orbitalia.org\/fr\/wp-json\/wp\/v2\/product"}],"about":[{"href":"https:\/\/olemosaic.orbitalia.org\/fr\/wp-json\/wp\/v2\/types\/product"}],"wp:featuredmedia":[{"embeddable":true,"href":"https:\/\/olemosaic.orbitalia.org\/fr\/wp-json\/wp\/v2\/media\/10247"}],"wp:attachment":[{"href":"https:\/\/olemosaic.orbitalia.org\/fr\/wp-json\/wp\/v2\/media?parent=29272"}],"wp:term":[{"taxonomy":"product_brand","embeddable":true,"href":"https:\/\/olemosaic.orbitalia.org\/fr\/wp-json\/wp\/v2\/product_brand?post=29272"},{"taxonomy":"product_cat","embeddable":true,"href":"https:\/\/olemosaic.orbitalia.org\/fr\/wp-json\/wp\/v2\/product_cat?post=29272"},{"taxonomy":"product_tag","embeddable":true,"href":"https:\/\/olemosaic.orbitalia.org\/fr\/wp-json\/wp\/v2\/product_tag?post=29272"}],"curies":[{"name":"wp","href":"https:\/\/api.w.org\/{rel}","templated":true}]}}