{"id":29261,"date":"2025-02-20T23:30:52","date_gmt":"2025-02-20T22:30:52","guid":{"rendered":"https:\/\/olemosaic.orbitalia.org\/producto\/bol-de-coco-amarillo-caballito-de-mar\/"},"modified":"2025-07-25T20:10:40","modified_gmt":"2025-07-25T18:10:40","slug":"bol-noix-de-coco-jaune-hippocampe","status":"publish","type":"product","link":"https:\/\/olemosaic.orbitalia.org\/fr\/produit\/bol-noix-de-coco-jaune-hippocampe\/","title":{"rendered":"Bol en noix de coco jaune. Hippocampe."},"content":{"rendered":"<p>Ce bol en noix de coco peint \u00e0 la main est un bijou artisanal qui capture l&rsquo;essence de la c\u00f4te m\u00e9diterran\u00e9enne. D\u00e9cor\u00e9 d&rsquo;un hippocampe vibrant dans des tons jaunes, cette pi\u00e8ce se d\u00e9tache sur un fond marron qui met en valeur les motifs complexes en jaune, incluant des c\u0153urs et des fragments qui lui donnent une touche artistique et joyeuse. Chaque bol est cr\u00e9\u00e9 avec soin, ce qui en fait un souvenir unique c\u00e9l\u00e9brant la riche culture et l&rsquo;ambiance marine de l&rsquo;Espagne.<\/p>\n<p>L&rsquo;hippocampe, symbole d&rsquo;harmonie et de beaut\u00e9 de l&rsquo;oc\u00e9an, est le protagoniste de cette pi\u00e8ce, \u00e9voquant des souvenirs des plages tranquilles et des eaux cristallines de la M\u00e9diterran\u00e9e. Son design tr\u00e8s sp\u00e9cial et color\u00e9 le rend non seulement id\u00e9al comme objet d\u00e9coratif, mais il peut \u00e9galement \u00eatre utilis\u00e9 quotidiennement, apportant un style frais \u00e0 n&rsquo;importe quelle table.<\/p>\n<p>Ce bol est une excellente option pour les touristes \u00e0 la recherche de souvenirs authentiques refl\u00e9tant la culture locale, devenant un rappel tangible de leur visite. Chez Ol\u00e9 Mosaic, nous sommes fiers de proposer des produits de haute qualit\u00e9 et d&rsquo;une grande pertinence culturelle, et ce bol en noix de coco est un exemple parfait de nos souvenirs artistiques. En tant que grossistes de souvenirs en noix de coco, nous garantissons l&rsquo;authenticit\u00e9 et l&rsquo;attrait de chaque pi\u00e8ce, id\u00e9ale pour les boutiques de cadeaux touristiques souhaitant offrir \u00e0 leurs clients de v\u00e9ritables \u0153uvres d&rsquo;art.<\/p>\n","protected":false},"excerpt":{"rendered":"<p>Bol en noix de coco au design artisanal, peint \u00e0 la main, d\u00e9cor\u00e9 d&rsquo;un \u00e9l\u00e9gant hippocampe dans des tons jaunes vibrants. Cet article attrayant pr\u00e9sente un design tr\u00e8s sp\u00e9cial avec un fond marron qui fait ressortir les formes jaunes, incluant des c\u0153urs et des fragments qui lui donnent une touche artistique. Id\u00e9al pour ajouter un \u00e9l\u00e9ment c\u00f4tier et culturel, ce bol est parfait aussi bien comme objet d\u00e9coratif que pour un usage quotidien, \u00e9voquant l&rsquo;esprit de la mer.<\/p>\n","protected":false},"featured_media":10173,"template":"","meta":{"_acf_changed":false},"product_brand":[],"product_cat":[521],"product_tag":[530],"class_list":{"0":"post-29261","1":"product","2":"type-product","3":"status-publish","4":"has-post-thumbnail","6":"product_cat-bols","7":"product_tag-animaux","8":"pa_motivo-hippocampes","10":"first","11":"instock","12":"shipping-taxable","13":"product-type-simple"},"acf":[],"_links":{"self":[{"href":"https:\/\/olemosaic.orbitalia.org\/fr\/wp-json\/wp\/v2\/product\/29261","targetHints":{"allow":["GET"]}}],"collection":[{"href":"https:\/\/olemosaic.orbitalia.org\/fr\/wp-json\/wp\/v2\/product"}],"about":[{"href":"https:\/\/olemosaic.orbitalia.org\/fr\/wp-json\/wp\/v2\/types\/product"}],"wp:featuredmedia":[{"embeddable":true,"href":"https:\/\/olemosaic.orbitalia.org\/fr\/wp-json\/wp\/v2\/media\/10173"}],"wp:attachment":[{"href":"https:\/\/olemosaic.orbitalia.org\/fr\/wp-json\/wp\/v2\/media?parent=29261"}],"wp:term":[{"taxonomy":"product_brand","embeddable":true,"href":"https:\/\/olemosaic.orbitalia.org\/fr\/wp-json\/wp\/v2\/product_brand?post=29261"},{"taxonomy":"product_cat","embeddable":true,"href":"https:\/\/olemosaic.orbitalia.org\/fr\/wp-json\/wp\/v2\/product_cat?post=29261"},{"taxonomy":"product_tag","embeddable":true,"href":"https:\/\/olemosaic.orbitalia.org\/fr\/wp-json\/wp\/v2\/product_tag?post=29261"}],"curies":[{"name":"wp","href":"https:\/\/api.w.org\/{rel}","templated":true}]}}