{"id":29246,"date":"2025-02-20T23:30:51","date_gmt":"2025-02-20T22:30:51","guid":{"rendered":"https:\/\/olemosaic.orbitalia.org\/producto\/bol-de-coco-naranja-mariposa-2\/"},"modified":"2025-07-25T18:53:19","modified_gmt":"2025-07-25T16:53:19","slug":"bol-noix-de-coco-orange-papillon-2","status":"publish","type":"product","link":"https:\/\/olemosaic.orbitalia.org\/fr\/produit\/bol-noix-de-coco-orange-papillon-2\/","title":{"rendered":"Bol en noix de coco orange. Papillon."},"content":{"rendered":"<p>Ce bol en noix de coco peint \u00e0 la main dans une couleur orange vibrante est un exemple exceptionnel d&rsquo;art populaire, id\u00e9al comme souvenir d&rsquo;une r\u00e9gion riche en culture et tradition. Sa forme ovale et \u00e9l\u00e9gante souligne la texture naturelle du mat\u00e9riau, cr\u00e9ant un effet visuel attrayant qui invite \u00e0 la contemplation. Le motif de papillon au centre ajoute une touche d\u00e9licate, symbolisant la beaut\u00e9 et la transformation, \u00e9l\u00e9ments intrins\u00e8ques de nombreuses cultures m\u00e9diterran\u00e9ennes.<\/p>\n<p>La finition brillante du bol non seulement rehausse sa couleur chaude, mais en fait \u00e9galement une pi\u00e8ce polyvalente, parfaite aussi bien pour servir des ap\u00e9ritifs lors d&rsquo;une r\u00e9union que pour \u00eatre un objet d\u00e9coratif apportant un air moderne et accueillant \u00e0 n&rsquo;importe quelle ambiance. Ce bol en noix de coco devient un hommage \u00e0 l&rsquo;artisanat r\u00e9gional, \u00e9tant un cadeau inoubliable qui capture l&rsquo;essence du lieu d&rsquo;origine.<\/p>\n<p>Acheter des souvenirs de ce type offre non seulement un souvenir tangible de votre visite, mais soutient \u00e9galement les artisans locaux. Chez Ol\u00e9 Mosaic, notre sp\u00e9cialit\u00e9 en tant que distributeur de souvenirs artisanaux en gros garantit que chaque produit, comme ce bol en noix de coco, est authentique et refl\u00e8te le riche patrimoine culturel de son origine. Parfait pour les boutiques de cadeaux touristiques cherchant \u00e0 proposer des articles uniques et significatifs.<\/p>\n","protected":false},"excerpt":{"rendered":"<p>Bol en noix de coco au design artisanal, peint \u00e0 la main, dans un orange vibrant, d\u00e9cor\u00e9 d&rsquo;un \u00e9l\u00e9gant motif de papillon au centre. Ce magnifique bol souligne la texture naturelle de la noix de coco, avec une finition brillante qui rehausse son attrait. Id\u00e9al comme pi\u00e8ce d\u00e9corative ou pour servir des ap\u00e9ritifs, sa forme ovale originale et sa couleur chaude apportent une touche moderne et exotique \u00e0 n&rsquo;importe quelle ambiance. Un souvenir charmant qui refl\u00e8te l&rsquo;essence de l&rsquo;art folklorique de la r\u00e9gion.<\/p>\n","protected":false},"featured_media":13423,"template":"","meta":{"_acf_changed":false},"product_brand":[],"product_cat":[521],"product_tag":[530],"class_list":{"0":"post-29246","1":"product","2":"type-product","3":"status-publish","4":"has-post-thumbnail","6":"product_cat-bols","7":"product_tag-animaux","8":"pa_motivo-papillons","10":"first","11":"instock","12":"shipping-taxable","13":"product-type-simple"},"acf":[],"_links":{"self":[{"href":"https:\/\/olemosaic.orbitalia.org\/fr\/wp-json\/wp\/v2\/product\/29246","targetHints":{"allow":["GET"]}}],"collection":[{"href":"https:\/\/olemosaic.orbitalia.org\/fr\/wp-json\/wp\/v2\/product"}],"about":[{"href":"https:\/\/olemosaic.orbitalia.org\/fr\/wp-json\/wp\/v2\/types\/product"}],"wp:featuredmedia":[{"embeddable":true,"href":"https:\/\/olemosaic.orbitalia.org\/fr\/wp-json\/wp\/v2\/media\/13423"}],"wp:attachment":[{"href":"https:\/\/olemosaic.orbitalia.org\/fr\/wp-json\/wp\/v2\/media?parent=29246"}],"wp:term":[{"taxonomy":"product_brand","embeddable":true,"href":"https:\/\/olemosaic.orbitalia.org\/fr\/wp-json\/wp\/v2\/product_brand?post=29246"},{"taxonomy":"product_cat","embeddable":true,"href":"https:\/\/olemosaic.orbitalia.org\/fr\/wp-json\/wp\/v2\/product_cat?post=29246"},{"taxonomy":"product_tag","embeddable":true,"href":"https:\/\/olemosaic.orbitalia.org\/fr\/wp-json\/wp\/v2\/product_tag?post=29246"}],"curies":[{"name":"wp","href":"https:\/\/api.w.org\/{rel}","templated":true}]}}