{"id":29245,"date":"2025-02-20T23:30:51","date_gmt":"2025-02-20T22:30:51","guid":{"rendered":"https:\/\/olemosaic.orbitalia.org\/producto\/bol-de-coco-naranja-ibiscus-2\/"},"modified":"2025-07-25T20:18:22","modified_gmt":"2025-07-25T18:18:22","slug":"bol-noix-de-coco-orange-hibiscus-2","status":"publish","type":"product","link":"https:\/\/olemosaic.orbitalia.org\/fr\/produit\/bol-noix-de-coco-orange-hibiscus-2\/","title":{"rendered":"Bol en noix de coco orange. Hibiscus. Dor\u00e9."},"content":{"rendered":"<p>Ce bol en noix de coco orange, orn\u00e9 d&rsquo;un \u00e9l\u00e9gant motif d&rsquo;hibiscus, est le compl\u00e9ment parfait pour apporter une touche distinctive et tropicale \u00e0 n&rsquo;importe quel espace. Son design artisanal se distingue par une texture unique, \u00e9voquant un effet craquel\u00e9 dans des tons dor\u00e9s, offrant une finition sophistiqu\u00e9e et attrayante. L&rsquo;hibiscus, symbole de la beaut\u00e9 et de l&rsquo;hospitalit\u00e9 m\u00e9diterran\u00e9ennes, est d\u00e9licatement peint au centre du bol, cr\u00e9ant un contraste visuel qui capture l&rsquo;essence de l&rsquo;\u00e9t\u00e9 et de la culture c\u00f4ti\u00e8re.<\/p>\n<p>Ce bol en noix de coco n&rsquo;est pas seulement une pi\u00e8ce d\u00e9corative, il est aussi tr\u00e8s fonctionnel, id\u00e9al pour servir des ap\u00e9ritifs ou comme photophore, ajoutant un air d&rsquo;\u00e9l\u00e9gance \u00e0 toute r\u00e9union. Il s&rsquo;int\u00e8gre parfaitement aux styles de d\u00e9coration m\u00e9diterran\u00e9ens et baln\u00e9aires, son ton orange chaud \u00e9voquant le coucher du soleil, faisant de chaque utilisation un rappel de la chaleur et de la joie des destinations c\u00f4ti\u00e8res d&rsquo;Espagne.<\/p>\n<p>Chez Ol\u00e9 Mosaic, nous nous engageons pour l&rsquo;authenticit\u00e9 et la qualit\u00e9 de nos souvenirs. Ce bol en noix de coco est une excellente option pour les boutiques de cadeaux touristiques \u00e0 la recherche de produits uniques et repr\u00e9sentatifs. En acqu\u00e9rant ce bol artisanal, vous obtenez non seulement un objet d\u00e9coratif, mais aussi une pi\u00e8ce du riche patrimoine culturel m\u00e9diterran\u00e9en, parfaite comme cadeau ou souvenir. En tant que grossistes de souvenirs, nous garantissons l&rsquo;acc\u00e8s \u00e0 des produits artisanaux qui mettent en valeur la beaut\u00e9 et l&rsquo;authenticit\u00e9 de chaque coin du monde.<\/p>\n","protected":false},"excerpt":{"rendered":"<p>Bol en noix de coco de couleur orange, d\u00e9cor\u00e9 d&rsquo;un \u00e9l\u00e9gant motif d&rsquo;hibiscus. Cet objet attrayant, \u00e9labor\u00e9 de mani\u00e8re artisanale, pr\u00e9sente un design unique avec une texture rappelant le craquel\u00e9, soulign\u00e9e par des tons dor\u00e9s. Id\u00e9al pour la d\u00e9coration d&rsquo;espaces m\u00e9diterran\u00e9ens, ce bol en noix de coco allie parfaitement beaut\u00e9 et fonctionnalit\u00e9, devenant un d\u00e9tail \u00e9l\u00e9gant pour la maison ou un charmant cadeau \u00e0 l&rsquo;air tropical.<\/p>\n","protected":false},"featured_media":13427,"template":"","meta":{"_acf_changed":false},"product_brand":[],"product_cat":[521],"product_tag":[],"class_list":{"0":"post-29245","1":"product","2":"type-product","3":"status-publish","4":"has-post-thumbnail","6":"product_cat-bols","7":"pa_motivo-hibiscus","9":"first","10":"instock","11":"shipping-taxable","12":"product-type-simple"},"acf":[],"_links":{"self":[{"href":"https:\/\/olemosaic.orbitalia.org\/fr\/wp-json\/wp\/v2\/product\/29245","targetHints":{"allow":["GET"]}}],"collection":[{"href":"https:\/\/olemosaic.orbitalia.org\/fr\/wp-json\/wp\/v2\/product"}],"about":[{"href":"https:\/\/olemosaic.orbitalia.org\/fr\/wp-json\/wp\/v2\/types\/product"}],"wp:featuredmedia":[{"embeddable":true,"href":"https:\/\/olemosaic.orbitalia.org\/fr\/wp-json\/wp\/v2\/media\/13427"}],"wp:attachment":[{"href":"https:\/\/olemosaic.orbitalia.org\/fr\/wp-json\/wp\/v2\/media?parent=29245"}],"wp:term":[{"taxonomy":"product_brand","embeddable":true,"href":"https:\/\/olemosaic.orbitalia.org\/fr\/wp-json\/wp\/v2\/product_brand?post=29245"},{"taxonomy":"product_cat","embeddable":true,"href":"https:\/\/olemosaic.orbitalia.org\/fr\/wp-json\/wp\/v2\/product_cat?post=29245"},{"taxonomy":"product_tag","embeddable":true,"href":"https:\/\/olemosaic.orbitalia.org\/fr\/wp-json\/wp\/v2\/product_tag?post=29245"}],"curies":[{"name":"wp","href":"https:\/\/api.w.org\/{rel}","templated":true}]}}