{"id":29241,"date":"2025-02-20T22:30:51","date_gmt":"2025-02-20T22:30:51","guid":{"rendered":"https:\/\/olemosaic.orbitalia.org\/producto\/bol-de-coco-naranja-ibiscus\/"},"modified":"2025-07-25T20:41:43","modified_gmt":"2025-07-25T18:41:43","slug":"bol-noix-de-coco-orange-hibiscus","status":"publish","type":"product","link":"https:\/\/olemosaic.orbitalia.org\/fr\/produit\/bol-noix-de-coco-orange-hibiscus\/","title":{"rendered":"Bol en noix de coco orange. Hibiscus."},"content":{"rendered":"<p>Ce bol en noix de coco orange est une pi\u00e8ce unique qui allie fonctionnalit\u00e9 et esth\u00e9tique, id\u00e9ale pour ceux qui recherchent des souvenirs authentiques de la culture tropicale. \u00c9labor\u00e9 avec une coque de noix de coco, le bol pr\u00e9sente une forme organique qui lui conf\u00e8re un caract\u00e8re distinctif et charmant. Sa couleur orange vibrante \u00e9voque la chaleur de l&rsquo;\u00e9t\u00e9 et refl\u00e8te fid\u00e8lement les paysages ensoleill\u00e9s des r\u00e9gions tropicales. Au centre, se d\u00e9tache un magnifique motif d&rsquo;hibiscus dans un ton blanc \u00e9l\u00e9gant, symbolisant la beaut\u00e9 et la richesse de la flore locale. Le bord du bol est orn\u00e9 d&rsquo;un motif d\u00e9licat qui souligne le processus artisanal de sa fabrication, faisant de chaque pi\u00e8ce un objet d&rsquo;art.<\/p>\n<p>Ce bol n&rsquo;est pas seulement parfait pour servir des ap\u00e9ritifs et des salades, mais il peut \u00e9galement \u00eatre utilis\u00e9 comme \u00e9l\u00e9ment d\u00e9coratif dans la maison, apportant une touche exotique \u00e0 n&rsquo;importe quel espace. Son lien culturel avec les techniques artisanales des \u00eeles tropicales en fait un souvenir significatif pour les touristes \u00e0 la recherche de souvenirs authentiques. Chez Ol\u00e9 Mosaic, en tant que distributeurs de produits uniques du secteur, nous proposons ce bol en noix de coco orange, une excellente option pour les boutiques de cadeaux touristiques souhaitant capturer l&rsquo;essence du tropical. Avec son authenticit\u00e9 et son design attrayant, c&rsquo;est sans aucun doute un souvenir m\u00e9morable et repr\u00e9sentatif de la riche culture de ces lieux.<\/p>\n","protected":false},"excerpt":{"rendered":"<p>Bol en noix de coco de couleur orange, d\u00e9cor\u00e9 d&rsquo;un magnifique motif d&rsquo;hibiscus au centre. Ce bol attrayant, \u00e9labor\u00e9 principalement \u00e0 partir d&rsquo;une coque de noix de coco, se distingue par sa forme organique et sa couleur orange vibrante, \u00e9voquant la chaleur de l&rsquo;\u00e9t\u00e9 dans les r\u00e9gions tropicales. La d\u00e9coration blanche de l&rsquo;hibiscus ressort sur la base orang\u00e9e, tandis que son liser\u00e9 pr\u00e9sente un motif d\u00e9licat qui ajoute une touche artisanale. Id\u00e9al pour servir des ap\u00e9ritifs ou comme \u00e9l\u00e9ment d\u00e9coratif dans la maison.<\/p>\n","protected":false},"featured_media":13399,"template":"","meta":{"_acf_changed":false},"product_brand":[],"product_cat":[521],"product_tag":[],"class_list":{"0":"post-29241","1":"product","2":"type-product","3":"status-publish","4":"has-post-thumbnail","6":"product_cat-bols","7":"pa_motivo-hibiscus","9":"first","10":"instock","11":"shipping-taxable","12":"product-type-simple"},"acf":[],"_links":{"self":[{"href":"https:\/\/olemosaic.orbitalia.org\/fr\/wp-json\/wp\/v2\/product\/29241","targetHints":{"allow":["GET"]}}],"collection":[{"href":"https:\/\/olemosaic.orbitalia.org\/fr\/wp-json\/wp\/v2\/product"}],"about":[{"href":"https:\/\/olemosaic.orbitalia.org\/fr\/wp-json\/wp\/v2\/types\/product"}],"wp:featuredmedia":[{"embeddable":true,"href":"https:\/\/olemosaic.orbitalia.org\/fr\/wp-json\/wp\/v2\/media\/13399"}],"wp:attachment":[{"href":"https:\/\/olemosaic.orbitalia.org\/fr\/wp-json\/wp\/v2\/media?parent=29241"}],"wp:term":[{"taxonomy":"product_brand","embeddable":true,"href":"https:\/\/olemosaic.orbitalia.org\/fr\/wp-json\/wp\/v2\/product_brand?post=29241"},{"taxonomy":"product_cat","embeddable":true,"href":"https:\/\/olemosaic.orbitalia.org\/fr\/wp-json\/wp\/v2\/product_cat?post=29241"},{"taxonomy":"product_tag","embeddable":true,"href":"https:\/\/olemosaic.orbitalia.org\/fr\/wp-json\/wp\/v2\/product_tag?post=29241"}],"curies":[{"name":"wp","href":"https:\/\/api.w.org\/{rel}","templated":true}]}}