{"id":29240,"date":"2025-02-20T23:30:50","date_gmt":"2025-02-20T22:30:50","guid":{"rendered":"https:\/\/olemosaic.orbitalia.org\/producto\/bol-de-coco-naranja-delfin-2\/"},"modified":"2025-07-25T18:39:22","modified_gmt":"2025-07-25T16:39:22","slug":"bol-noix-de-coco-orange-dauphin-2","status":"publish","type":"product","link":"https:\/\/olemosaic.orbitalia.org\/fr\/produit\/bol-noix-de-coco-orange-dauphin-2\/","title":{"rendered":"Bol en noix de coco orange. Style m\u00e9diterran\u00e9en. Dauphin."},"content":{"rendered":"<p>Ce bol en noix de coco orange est une pi\u00e8ce exceptionnelle et vibrante qui capture l&rsquo;essence de la mer et de la culture c\u00f4ti\u00e8re. Avec un design peint \u00e0 la main, ce bol attrayant pr\u00e9sente un dauphin \u00e9l\u00e9gant au centre, symbole de joie et de gr\u00e2ce dans l&rsquo;eau. La surface brillante et chaleureuse, dans des tons orange, rehausse la beaut\u00e9 de la noix de coco, tandis que la bande d\u00e9licate aux couleurs blanc et orange qui orne son bord ajoute une touche moderne et artistique. Id\u00e9al aussi bien pour servir de d\u00e9licieux ap\u00e9ritifs que pour l&rsquo;utiliser comme \u00e9l\u00e9ment d\u00e9coratif dans la maison, ce bol est un v\u00e9ritable hommage \u00e0 la tradition artisanale des r\u00e9gions c\u00f4ti\u00e8res.<\/p>\n<p>Le lien culturel du dauphin dans cette pi\u00e8ce est significatif, car ces magnifiques mammif\u00e8res sont fr\u00e9quemment associ\u00e9s aux eaux des c\u00f4tes espagnoles et portugaises, repr\u00e9sentant un lien entre la nature et la vie marine. Ce bol en noix de coco, avec ses couleurs vibrantes et son design minutieux, devient un souvenir parfait qui comm\u00e9more la beaut\u00e9 et l&rsquo;authenticit\u00e9 de la culture m\u00e9diterran\u00e9enne. Chez Ol\u00e9 Mosaic, nous reconnaissons l&rsquo;importance de proposer des souvenirs authentiques et de qualit\u00e9, et ce bol en noix de coco est une excellente option pour les boutiques de cadeaux touristiques cherchant \u00e0 offrir \u00e0 leurs clients une pi\u00e8ce unique refl\u00e9tant la richesse de leur h\u00e9ritage culturel. En tant que grossistes de souvenirs, nous garantissons que chaque article, y compris ce bol, soit un \u00e9cho de l&rsquo;art et de la tradition de son lieu d&rsquo;origine.<\/p>\n","protected":false},"excerpt":{"rendered":"<p>Bol en noix de coco orang\u00e9, d\u00e9cor\u00e9 d&rsquo;un dauphin \u00e9l\u00e9gant au centre. Ce bol attrayant, fait de noix de coco, pr\u00e9sente une finition brillante et une bande color\u00e9e dans des tons orange et blanc qui orne son bord. Id\u00e9al pour servir des ap\u00e9ritifs ou comme \u00e9l\u00e9ment d\u00e9coratif, il capture l&rsquo;essence de la mer et de la culture c\u00f4ti\u00e8re. Son design artisanal, peint \u00e0 la main, et la combinaison de textures en font un souvenir exceptionnel qui refl\u00e8te la tradition artisanale.<\/p>\n","protected":false},"featured_media":11738,"template":"","meta":{"_acf_changed":false},"product_brand":[],"product_cat":[521],"product_tag":[530],"class_list":{"0":"post-29240","1":"product","2":"type-product","3":"status-publish","4":"has-post-thumbnail","6":"product_cat-bols","7":"product_tag-animaux","8":"pa_motivo-dauphins","10":"first","11":"instock","12":"shipping-taxable","13":"product-type-simple"},"acf":[],"_links":{"self":[{"href":"https:\/\/olemosaic.orbitalia.org\/fr\/wp-json\/wp\/v2\/product\/29240","targetHints":{"allow":["GET"]}}],"collection":[{"href":"https:\/\/olemosaic.orbitalia.org\/fr\/wp-json\/wp\/v2\/product"}],"about":[{"href":"https:\/\/olemosaic.orbitalia.org\/fr\/wp-json\/wp\/v2\/types\/product"}],"wp:featuredmedia":[{"embeddable":true,"href":"https:\/\/olemosaic.orbitalia.org\/fr\/wp-json\/wp\/v2\/media\/11738"}],"wp:attachment":[{"href":"https:\/\/olemosaic.orbitalia.org\/fr\/wp-json\/wp\/v2\/media?parent=29240"}],"wp:term":[{"taxonomy":"product_brand","embeddable":true,"href":"https:\/\/olemosaic.orbitalia.org\/fr\/wp-json\/wp\/v2\/product_brand?post=29240"},{"taxonomy":"product_cat","embeddable":true,"href":"https:\/\/olemosaic.orbitalia.org\/fr\/wp-json\/wp\/v2\/product_cat?post=29240"},{"taxonomy":"product_tag","embeddable":true,"href":"https:\/\/olemosaic.orbitalia.org\/fr\/wp-json\/wp\/v2\/product_tag?post=29240"}],"curies":[{"name":"wp","href":"https:\/\/api.w.org\/{rel}","templated":true}]}}