{"id":29239,"date":"2025-02-20T23:30:50","date_gmt":"2025-02-20T22:30:50","guid":{"rendered":"https:\/\/olemosaic.orbitalia.org\/producto\/bol-de-coco-naranja-flor-2\/"},"modified":"2025-07-25T20:28:23","modified_gmt":"2025-07-25T18:28:23","slug":"bol-noix-de-coco-orange-fleur-2","status":"publish","type":"product","link":"https:\/\/olemosaic.orbitalia.org\/fr\/produit\/bol-noix-de-coco-orange-fleur-2\/","title":{"rendered":"Bol en noix de coco orange. Fleur. Dor\u00e9."},"content":{"rendered":"<p>Ce bol en noix de coco orange est une pi\u00e8ce spectaculaire con\u00e7ue pour mettre en valeur la richesse de l&rsquo;artisanat traditionnel. \u00c9labor\u00e9 \u00e0 partir de coques de noix de coco, ce produit pr\u00e9sente une finition attrayante dans des tons orange vibrants combin\u00e9s \u00e0 des d\u00e9tails dor\u00e9s, cr\u00e9ant un effet lumineux qui attire l&rsquo;attention. Sa surface arbore un d\u00e9licat motif floral peint \u00e0 la main, o\u00f9 une fleur \u00e9l\u00e9gante dans des tons clairs se d\u00e9ploie au centre, offrant un contraste \u00e9l\u00e9gant qui ajoute une touche distinctive et originale au bol.<\/p>\n<p>Id\u00e9al aussi bien comme pi\u00e8ce d\u00e9corative que pour servir des ap\u00e9ritifs, ce bol refl\u00e8te la cr\u00e9ativit\u00e9 et l&rsquo;ing\u00e9niosit\u00e9 des traditions artisanales de la r\u00e9gion. Sa texture unique et les d\u00e9tails floraux complexes lui conf\u00e8rent non seulement un caract\u00e8re authentique, mais en font \u00e9galement un souvenir amusant et fonctionnel qui \u00e9voque la chaleur et les couleurs de la culture locale.<\/p>\n<p>En tant que repr\u00e9sentant classique des souvenirs artisanaux, ce bol en noix de coco orange est un choix id\u00e9al pour les touristes \u00e0 la recherche de souvenirs authentiques qui enrichissent leur exp\u00e9rience. Chez Ol\u00e9 Mosaic, nous nous sp\u00e9cialisons dans la distribution en gros de souvenirs culturels, garantissant la qualit\u00e9 et l&rsquo;authenticit\u00e9 de chaque pi\u00e8ce. Ce bol est une option parfaite pour les boutiques de cadeaux touristiques souhaitant proposer des produits uniques qui incarnent l&rsquo;esprit artisanal et la beaut\u00e9 de la tradition.<\/p>\n","protected":false},"excerpt":{"rendered":"<p>Bol en noix de coco orange d\u00e9cor\u00e9 d&rsquo;un d\u00e9licat motif floral. Ce produit attrayant, \u00e9labor\u00e9 \u00e0 partir d&rsquo;une coque de noix de coco, pr\u00e9sente un design artisanal peint \u00e0 la main dans des tons orange et dor\u00e9s vibrants, qui soulignent sa texture unique. Au centre, une fleur \u00e9l\u00e9gante dans des tons clairs apporte une touche distinctive et originale. Id\u00e9al comme pi\u00e8ce d\u00e9corative ou pour servir des ap\u00e9ritifs, ce bol refl\u00e8te la cr\u00e9ativit\u00e9 et la tradition artisanale de la r\u00e9gion.<\/p>\n","protected":false},"featured_media":10082,"template":"","meta":{"_acf_changed":false},"product_brand":[],"product_cat":[521],"product_tag":[],"class_list":{"0":"post-29239","1":"product","2":"type-product","3":"status-publish","4":"has-post-thumbnail","6":"product_cat-bols","7":"pa_motivo-fleurs","9":"first","10":"instock","11":"shipping-taxable","12":"product-type-simple"},"acf":[],"_links":{"self":[{"href":"https:\/\/olemosaic.orbitalia.org\/fr\/wp-json\/wp\/v2\/product\/29239","targetHints":{"allow":["GET"]}}],"collection":[{"href":"https:\/\/olemosaic.orbitalia.org\/fr\/wp-json\/wp\/v2\/product"}],"about":[{"href":"https:\/\/olemosaic.orbitalia.org\/fr\/wp-json\/wp\/v2\/types\/product"}],"wp:featuredmedia":[{"embeddable":true,"href":"https:\/\/olemosaic.orbitalia.org\/fr\/wp-json\/wp\/v2\/media\/10082"}],"wp:attachment":[{"href":"https:\/\/olemosaic.orbitalia.org\/fr\/wp-json\/wp\/v2\/media?parent=29239"}],"wp:term":[{"taxonomy":"product_brand","embeddable":true,"href":"https:\/\/olemosaic.orbitalia.org\/fr\/wp-json\/wp\/v2\/product_brand?post=29239"},{"taxonomy":"product_cat","embeddable":true,"href":"https:\/\/olemosaic.orbitalia.org\/fr\/wp-json\/wp\/v2\/product_cat?post=29239"},{"taxonomy":"product_tag","embeddable":true,"href":"https:\/\/olemosaic.orbitalia.org\/fr\/wp-json\/wp\/v2\/product_tag?post=29239"}],"curies":[{"name":"wp","href":"https:\/\/api.w.org\/{rel}","templated":true}]}}