{"id":29238,"date":"2025-02-20T23:30:50","date_gmt":"2025-02-20T22:30:50","guid":{"rendered":"https:\/\/olemosaic.orbitalia.org\/producto\/bol-de-coco-naranja-tortuga-2\/"},"modified":"2025-07-25T20:26:54","modified_gmt":"2025-07-25T18:26:54","slug":"bol-noix-de-coco-orange-tortue-2","status":"publish","type":"product","link":"https:\/\/olemosaic.orbitalia.org\/fr\/produit\/bol-noix-de-coco-orange-tortue-2\/","title":{"rendered":"Bol en noix de coco orange. Style m\u00e9diterran\u00e9en. Tortue."},"content":{"rendered":"<p>Ce bol en noix de coco orange est une pi\u00e8ce d\u00e9corative et fonctionnelle qui se distingue par son design artisanal et vibrant. \u00c9labor\u00e9 \u00e0 partir d&rsquo;une coque de noix de coco recycl\u00e9e, cette pi\u00e8ce a \u00e9t\u00e9 peinte \u00e0 la main dans un ton orange captivant, cr\u00e9ant un contraste parfait avec la repr\u00e9sentation d\u00e9licate d&rsquo;une tortue \u00e0 l&rsquo;int\u00e9rieur, entour\u00e9e d&rsquo;\u00e9l\u00e9ments marins. Les d\u00e9tails dans des tons clairs, incluant des coraux et des coquillages, renforcent la connexion avec le monde marin, \u00e9voquant la riche culture c\u00f4ti\u00e8re de r\u00e9gions comme la M\u00e9diterran\u00e9e et l&rsquo;Atlantique, o\u00f9 la tortue est un symbole de vie marine et de conservation.<\/p>\n<p>Ce bol n&rsquo;est pas seulement parfait pour servir des ap\u00e9ritifs ou comme bo\u00eete \u00e0 bijoux, mais il fonctionne \u00e9galement comme une magnifique pi\u00e8ce d\u00e9corative pour n&rsquo;importe quel foyer, ajoutant une touche de couleur et un air exotique. Son authenticit\u00e9 et sa singularit\u00e9 en font un souvenir sp\u00e9cial qui repr\u00e9sente l&rsquo;essence des traditions artisanales. Chez Ol\u00e9 Mosaic, en tant que grossistes de souvenirs authentiques, nous proposons des produits qui c\u00e9l\u00e8brent et pr\u00e9servent l&rsquo;h\u00e9ritage culturel de chaque r\u00e9gion, faisant de ce bol en noix de coco orange un excellent souvenir pour les touristes cherchant \u00e0 ramener chez eux un petit morceau de mer. Id\u00e9al pour les boutiques de cadeaux touristiques souhaitant proposer des articles uniques et repr\u00e9sentatifs.<\/p>\n","protected":false},"excerpt":{"rendered":"<p>Bol en noix de coco orange avec motif de tortue, id\u00e9al comme \u00e9l\u00e9ment d\u00e9coratif ou fonctionnel. Cet article, \u00e9labor\u00e9 \u00e0 partir d&rsquo;une coque de noix de coco, pr\u00e9sente un design artisanal peint \u00e0 la main dans un ton orange vibrant. \u00c0 l&rsquo;int\u00e9rieur, on appr\u00e9cie une repr\u00e9sentation d\u00e9licate d&rsquo;une tortue entour\u00e9e d&rsquo;\u00e9l\u00e9ments marins, le tout dans des tons clairs contrastant avec le fond. Son design unique et artisanal en fait un souvenir sp\u00e9cial de la riche culture marine.<\/p>\n","protected":false},"featured_media":10063,"template":"","meta":{"_acf_changed":false},"product_brand":[],"product_cat":[521],"product_tag":[530],"class_list":{"0":"post-29238","1":"product","2":"type-product","3":"status-publish","4":"has-post-thumbnail","6":"product_cat-bols","7":"product_tag-animaux","8":"pa_motivo-tortues","10":"first","11":"instock","12":"shipping-taxable","13":"product-type-simple"},"acf":[],"_links":{"self":[{"href":"https:\/\/olemosaic.orbitalia.org\/fr\/wp-json\/wp\/v2\/product\/29238","targetHints":{"allow":["GET"]}}],"collection":[{"href":"https:\/\/olemosaic.orbitalia.org\/fr\/wp-json\/wp\/v2\/product"}],"about":[{"href":"https:\/\/olemosaic.orbitalia.org\/fr\/wp-json\/wp\/v2\/types\/product"}],"wp:featuredmedia":[{"embeddable":true,"href":"https:\/\/olemosaic.orbitalia.org\/fr\/wp-json\/wp\/v2\/media\/10063"}],"wp:attachment":[{"href":"https:\/\/olemosaic.orbitalia.org\/fr\/wp-json\/wp\/v2\/media?parent=29238"}],"wp:term":[{"taxonomy":"product_brand","embeddable":true,"href":"https:\/\/olemosaic.orbitalia.org\/fr\/wp-json\/wp\/v2\/product_brand?post=29238"},{"taxonomy":"product_cat","embeddable":true,"href":"https:\/\/olemosaic.orbitalia.org\/fr\/wp-json\/wp\/v2\/product_cat?post=29238"},{"taxonomy":"product_tag","embeddable":true,"href":"https:\/\/olemosaic.orbitalia.org\/fr\/wp-json\/wp\/v2\/product_tag?post=29238"}],"curies":[{"name":"wp","href":"https:\/\/api.w.org\/{rel}","templated":true}]}}