{"id":29235,"date":"2025-02-20T23:30:49","date_gmt":"2025-02-20T22:30:49","guid":{"rendered":"https:\/\/olemosaic.orbitalia.org\/producto\/bol-de-coco-naranja-isla-mallorca\/"},"modified":"2025-07-25T20:31:47","modified_gmt":"2025-07-25T18:31:47","slug":"bol-noix-de-coco-orange-ile-majorque","status":"publish","type":"product","link":"https:\/\/olemosaic.orbitalia.org\/fr\/produit\/bol-noix-de-coco-orange-ile-majorque\/","title":{"rendered":"Bol en noix de coco orange. \u00cele. Majorque."},"content":{"rendered":"<p>Ce bol en noix de coco orange est un chef-d&rsquo;\u0153uvre qui capture l&rsquo;essence et la beaut\u00e9 de Majorque, devenant un souvenir id\u00e9al pour ceux qui recherchent un souvenir authentique de l&rsquo;\u00eele. Fabriqu\u00e9 \u00e0 la main avec de la noix de coco naturelle, ce bol se distingue par sa couleur orange vif \u00e9clatante, qui \u00e9voque la chaleur du soleil majorquin. La surface int\u00e9rieure est d\u00e9cor\u00e9e d&rsquo;un design unique pr\u00e9sentant la silhouette de l&rsquo;\u00eele dans une magnifique finition blanche, accompagn\u00e9e du nom \u00ab\u00a0Mallorca\u00a0\u00bb en lettres distinctives, ce qui fait de chaque pi\u00e8ce quelque chose de vraiment sp\u00e9cial et repr\u00e9sentatif de la culture locale.<\/p>\n<p>La forme organique du bol rehausse son caract\u00e8re artistique, et sa finition soigneusement \u00e9labor\u00e9e ajoute une touche d&rsquo;\u00e9l\u00e9gance \u00e0 n&rsquo;importe quelle table. Qu&rsquo;il soit utilis\u00e9 pour servir des gourmandises ou comme \u00e9l\u00e9ment d\u00e9coratif, ce bol est un ajout polyvalent qui attirera l&rsquo;attention de tous, refl\u00e9tant le charme du littoral bal\u00e9are.<\/p>\n<p>En tant qu&rsquo;expression authentique de l&rsquo;artisanat majorquin, ce bol en noix de coco est un excellent souvenir qui c\u00e9l\u00e8bre la riche tradition culturelle de Majorque. Chez Ol\u00e9 Mosaic, nous sommes fiers de proposer des produits uniques en gros qui rehaussent la beaut\u00e9 de l&rsquo;Espagne. Ce bol est parfait pour les boutiques de cadeaux touristiques \u00e0 la recherche d&rsquo;articles capturant l&rsquo;essence de leurs lieux favoris, ce qui en fait un incontournable des souvenirs de Majorque.<\/p>\n","protected":false},"excerpt":{"rendered":"<p>Bol en noix de coco de couleur orange, inspir\u00e9 par la beaut\u00e9 de Majorque. Cet \u00e9l\u00e9gant bol pr\u00e9sente un design unique, avec une finition brillante et des d\u00e9tails blancs qui soulignent la silhouette de l&rsquo;\u00eele et le nom \u00ab\u00a0Mallorca\u00a0\u00bb. Fabriqu\u00e9 \u00e0 partir de mat\u00e9riau naturel de noix de coco, chaque pi\u00e8ce semble peinte \u00e0 la main, ce qui garantit sa singularit\u00e9. Sa forme organique et sa couleur vibrante ajoutent une touche artistique \u00e0 n&rsquo;importe quelle table, parfait pour servir ou simplement comme \u00e9l\u00e9ment d\u00e9coratif.<\/p>\n","protected":false},"featured_media":11769,"template":"","meta":{"_acf_changed":false},"product_brand":[],"product_cat":[521],"product_tag":[],"class_list":{"0":"post-29235","1":"product","2":"type-product","3":"status-publish","4":"has-post-thumbnail","6":"product_cat-bols","7":"pa_ciudad-mallorca","8":"pa_motivo-iles","9":"pa_pais-espana","11":"first","12":"instock","13":"shipping-taxable","14":"product-type-simple"},"acf":[],"_links":{"self":[{"href":"https:\/\/olemosaic.orbitalia.org\/fr\/wp-json\/wp\/v2\/product\/29235","targetHints":{"allow":["GET"]}}],"collection":[{"href":"https:\/\/olemosaic.orbitalia.org\/fr\/wp-json\/wp\/v2\/product"}],"about":[{"href":"https:\/\/olemosaic.orbitalia.org\/fr\/wp-json\/wp\/v2\/types\/product"}],"wp:featuredmedia":[{"embeddable":true,"href":"https:\/\/olemosaic.orbitalia.org\/fr\/wp-json\/wp\/v2\/media\/11769"}],"wp:attachment":[{"href":"https:\/\/olemosaic.orbitalia.org\/fr\/wp-json\/wp\/v2\/media?parent=29235"}],"wp:term":[{"taxonomy":"product_brand","embeddable":true,"href":"https:\/\/olemosaic.orbitalia.org\/fr\/wp-json\/wp\/v2\/product_brand?post=29235"},{"taxonomy":"product_cat","embeddable":true,"href":"https:\/\/olemosaic.orbitalia.org\/fr\/wp-json\/wp\/v2\/product_cat?post=29235"},{"taxonomy":"product_tag","embeddable":true,"href":"https:\/\/olemosaic.orbitalia.org\/fr\/wp-json\/wp\/v2\/product_tag?post=29235"}],"curies":[{"name":"wp","href":"https:\/\/api.w.org\/{rel}","templated":true}]}}