{"id":29232,"date":"2025-02-20T22:30:49","date_gmt":"2025-02-20T22:30:49","guid":{"rendered":"https:\/\/olemosaic.orbitalia.org\/producto\/bol-de-coco-naranja-flor\/"},"modified":"2025-07-25T18:53:08","modified_gmt":"2025-07-25T16:53:08","slug":"bol-noix-de-coco-orange-fleur","status":"publish","type":"product","link":"https:\/\/olemosaic.orbitalia.org\/fr\/produit\/bol-noix-de-coco-orange-fleur\/","title":{"rendered":"Bol en noix de coco orange. Fleur."},"content":{"rendered":"<p>Ce bol en noix de coco orange est un v\u00e9ritable bijou artisanal qui capture l&rsquo;essence de la culture locale. Fabriqu\u00e9 \u00e0 partir d&rsquo;une coque de noix de coco, ce produit pr\u00e9sente une couleur orang\u00e9e vibrante qui rayonne de chaleur et de fra\u00eecheur, id\u00e9ale pour enrichir n&rsquo;importe quel environnement. Son design se distingue par une \u00e9l\u00e9gante fleur centrale, m\u00e9ticuleusement d\u00e9cor\u00e9e de d\u00e9tails blancs qui cr\u00e9ent un magnifique contraste avec le fond orange. Cette touche artistique non seulement embellit le bol, mais c\u00e9l\u00e8bre \u00e9galement le riche h\u00e9ritage de l&rsquo;artisanat typique de la r\u00e9gion.<\/p>\n<p>Le bord du bol est orn\u00e9 de motifs g\u00e9om\u00e9triques, apportant une finition distinctive et moderne qui en fait un \u00e9l\u00e9ment d\u00e9coratif attrayant. Parfait pour \u00eatre utilis\u00e9 comme centre de table, ce bol en noix de coco n&rsquo;est pas seulement pratique pour ranger de petits objets, mais il se transforme \u00e9galement en un souvenir visuel \u00e9voquant les traditions et l&rsquo;art populaire.<\/p>\n<p>En tant que souvenir repr\u00e9sentatif de la culture artisanale, ce bol incarne l&rsquo;authenticit\u00e9 et la valeur du travail manuel. Chez Ol\u00e9 Mosaic, nous sommes fiers de proposer des souvenirs uniques qui refl\u00e8tent l&rsquo;h\u00e9ritage culturel, ce bol en noix de coco orange \u00e9tant une option exceptionnelle pour les touristes et les boutiques de cadeaux \u00e0 la recherche de produits sp\u00e9ciaux en gros.<\/p>\n","protected":false},"excerpt":{"rendered":"<p>Bol en noix de coco orang\u00e9 d\u00e9cor\u00e9 d&rsquo;une \u00e9l\u00e9gante fleur centrale. Cette pi\u00e8ce unique, \u00e9labor\u00e9e \u00e0 partir d&rsquo;une coque de noix de coco, se distingue par sa couleur vibrante et ses d\u00e9licats d\u00e9tails blancs contrastant avec le fond orang\u00e9. Son design inclut un bord aux motifs g\u00e9om\u00e9triques, ce qui en fait un \u00e9l\u00e9ment d\u00e9coratif attrayant. Id\u00e9al comme centre de table ou pour ranger de petits objets, ce bol est un beau souvenir de la culture artisanale.<\/p>\n","protected":false},"featured_media":10067,"template":"","meta":{"_acf_changed":false},"product_brand":[],"product_cat":[521],"product_tag":[],"class_list":{"0":"post-29232","1":"product","2":"type-product","3":"status-publish","4":"has-post-thumbnail","6":"product_cat-bols","7":"pa_motivo-fleurs","9":"first","10":"instock","11":"shipping-taxable","12":"product-type-simple"},"acf":[],"_links":{"self":[{"href":"https:\/\/olemosaic.orbitalia.org\/fr\/wp-json\/wp\/v2\/product\/29232","targetHints":{"allow":["GET"]}}],"collection":[{"href":"https:\/\/olemosaic.orbitalia.org\/fr\/wp-json\/wp\/v2\/product"}],"about":[{"href":"https:\/\/olemosaic.orbitalia.org\/fr\/wp-json\/wp\/v2\/types\/product"}],"wp:featuredmedia":[{"embeddable":true,"href":"https:\/\/olemosaic.orbitalia.org\/fr\/wp-json\/wp\/v2\/media\/10067"}],"wp:attachment":[{"href":"https:\/\/olemosaic.orbitalia.org\/fr\/wp-json\/wp\/v2\/media?parent=29232"}],"wp:term":[{"taxonomy":"product_brand","embeddable":true,"href":"https:\/\/olemosaic.orbitalia.org\/fr\/wp-json\/wp\/v2\/product_brand?post=29232"},{"taxonomy":"product_cat","embeddable":true,"href":"https:\/\/olemosaic.orbitalia.org\/fr\/wp-json\/wp\/v2\/product_cat?post=29232"},{"taxonomy":"product_tag","embeddable":true,"href":"https:\/\/olemosaic.orbitalia.org\/fr\/wp-json\/wp\/v2\/product_tag?post=29232"}],"curies":[{"name":"wp","href":"https:\/\/api.w.org\/{rel}","templated":true}]}}