{"id":29212,"date":"2025-02-20T23:30:48","date_gmt":"2025-02-20T22:30:48","guid":{"rendered":"https:\/\/olemosaic.orbitalia.org\/producto\/bol-de-coco-naranja-abanico-2\/"},"modified":"2025-07-25T19:42:17","modified_gmt":"2025-07-25T17:42:17","slug":"bol-noix-de-coco-orange-eventail-2","status":"publish","type":"product","link":"https:\/\/olemosaic.orbitalia.org\/fr\/produit\/bol-noix-de-coco-orange-eventail-2\/","title":{"rendered":"Bol en noix de coco orange. \u00c9ventail. Style m\u00e9diterran\u00e9en."},"content":{"rendered":"<p>Ce bol en noix de coco orange est un v\u00e9ritable tr\u00e9sor artisanal qui capture l&rsquo;essence de l&rsquo;\u00e9t\u00e9 et la chaleur de l&rsquo;oc\u00e9an. Fabriqu\u00e9 \u00e0 la main, son design unique combine une teinte orange vibrante avec de d\u00e9licats motifs en r\u00e9sille, cr\u00e9ant une surface visuellement fascinante qui souligne sa nature organique. La forme charmante du bol abrite un \u00e9l\u00e9gant d\u00e9tail en forme de coquillage, un symbole qui \u00e9voque la beaut\u00e9 des c\u00f4tes m\u00e9diterran\u00e9ennes, o\u00f9 la mer et le sable se fondent dans une \u00e9treinte \u00e9ternelle.<\/p>\n<p>En plus d&rsquo;\u00eatre un \u00e9l\u00e9ment d\u00e9coratif distinctif, ce bol est id\u00e9al pour ajouter une touche accueillante et printani\u00e8re \u00e0 n&rsquo;importe quel foyer. Parfait pour servir des ap\u00e9ritifs, des fruits ou simplement comme pi\u00e8ce centrale d\u00e9corative, il t\u00e9moigne du soin et du savoir-faire artisanal de sa fabrication. En l&rsquo;acqu\u00e9rant, vous obtenez non seulement un objet fonctionnel, mais aussi un morceau de culture qui vous transporte vers les c\u00f4tes ensoleill\u00e9es d&rsquo;Espagne, vous rappelant des moments de d\u00e9tente et de joie.<\/p>\n<p>Chez Ol\u00e9 Mosaic, nous sommes distributeurs de souvenirs de haute qualit\u00e9 et ce bol en noix de coco orange est une excellente option pour les boutiques de cadeaux touristiques \u00e0 la recherche de produits authentiques et significatifs. Avec sa pertinence culturelle et son esth\u00e9tique captivante, ce souvenir n&rsquo;est pas seulement un cadeau parfait, mais aussi un rappel tangible de la beaut\u00e9 m\u00e9diterran\u00e9enne. En tant que grossistes de produits artisanaux, nous garantissons que chaque bol refl\u00e8te l&rsquo;authenticit\u00e9 et le prestige, id\u00e9al pour ceux qui appr\u00e9cient la singularit\u00e9 et la tradition.<\/p>\n","protected":false},"excerpt":{"rendered":"<p>Bol en noix de coco orange fait \u00e0 la main, avec un design unique qui \u00e9voque la chaleur de l&rsquo;oc\u00e9an. Fabriqu\u00e9 en noix de coco, ce bol pr\u00e9sente un ton orange vibrant avec de d\u00e9licats motifs en r\u00e9sille, qui soulignent sa structure naturelle. La surface d\u00e9corative comprend un \u00e9l\u00e9gant d\u00e9tail en forme de coquillage, symbolisant le charme c\u00f4tier. Id\u00e9al comme \u00e9l\u00e9ment d\u00e9coratif ou pour un usage quotidien dans votre maison, il \u00e9voque l&rsquo;essence de l&rsquo;\u00e9t\u00e9 dans les r\u00e9gions m\u00e9diterran\u00e9ennes.<\/p>\n","protected":false},"featured_media":10094,"template":"","meta":{"_acf_changed":false},"product_brand":[],"product_cat":[521],"product_tag":[],"class_list":{"0":"post-29212","1":"product","2":"type-product","3":"status-publish","4":"has-post-thumbnail","6":"product_cat-bols","8":"first","9":"instock","10":"shipping-taxable","11":"product-type-simple"},"acf":[],"_links":{"self":[{"href":"https:\/\/olemosaic.orbitalia.org\/fr\/wp-json\/wp\/v2\/product\/29212","targetHints":{"allow":["GET"]}}],"collection":[{"href":"https:\/\/olemosaic.orbitalia.org\/fr\/wp-json\/wp\/v2\/product"}],"about":[{"href":"https:\/\/olemosaic.orbitalia.org\/fr\/wp-json\/wp\/v2\/types\/product"}],"wp:featuredmedia":[{"embeddable":true,"href":"https:\/\/olemosaic.orbitalia.org\/fr\/wp-json\/wp\/v2\/media\/10094"}],"wp:attachment":[{"href":"https:\/\/olemosaic.orbitalia.org\/fr\/wp-json\/wp\/v2\/media?parent=29212"}],"wp:term":[{"taxonomy":"product_brand","embeddable":true,"href":"https:\/\/olemosaic.orbitalia.org\/fr\/wp-json\/wp\/v2\/product_brand?post=29212"},{"taxonomy":"product_cat","embeddable":true,"href":"https:\/\/olemosaic.orbitalia.org\/fr\/wp-json\/wp\/v2\/product_cat?post=29212"},{"taxonomy":"product_tag","embeddable":true,"href":"https:\/\/olemosaic.orbitalia.org\/fr\/wp-json\/wp\/v2\/product_tag?post=29212"}],"curies":[{"name":"wp","href":"https:\/\/api.w.org\/{rel}","templated":true}]}}