{"id":29195,"date":"2025-02-20T23:30:48","date_gmt":"2025-02-20T22:30:48","guid":{"rendered":"https:\/\/olemosaic.orbitalia.org\/producto\/bol-de-coco-naranja-salamandra-barcelona\/"},"modified":"2025-07-25T19:00:38","modified_gmt":"2025-07-25T17:00:38","slug":"bol-noix-de-coco-orange-salamandre-barcelone","status":"publish","type":"product","link":"https:\/\/olemosaic.orbitalia.org\/fr\/produit\/bol-noix-de-coco-orange-salamandre-barcelone\/","title":{"rendered":"Bol en noix de coco orange. Salamandre. Barcelone."},"content":{"rendered":"<p>Ce bol en noix de coco orange est un souvenir attrayant qui capture l&rsquo;essence vibrante de Barcelone \u00e0 travers son embl\u00e9matique salamandre, symbole repr\u00e9sentatif du modernisme catalan. Fabriqu\u00e9 \u00e0 partir de coque de noix de coco naturelle, ce bol pr\u00e9sente un design peint \u00e0 la main qui se distingue par ses tons orange intenses, \u00e9voquant la chaleur du soleil m\u00e9diterran\u00e9en et l&rsquo;\u00e9nergie de la ville. Au centre, l&rsquo;illustration de la salamandre est encadr\u00e9e par la typographie \u00ab\u00a0Barcelona\u00a0\u00bb, cr\u00e9ant un lien visuel direct avec la c\u00e9l\u00e8bre \u0153uvre d&rsquo;Antoni Gaud\u00ed qui orne le Park G\u00fcell.<\/p>\n<p>Les d\u00e9tails dor\u00e9s qui d\u00e9corent la surface du bol apportent une touche d&rsquo;\u00e9l\u00e9gance, ce qui en fait une pi\u00e8ce id\u00e9ale tant pour d\u00e9corer des espaces que pour une utilisation lors d&rsquo;occasions sp\u00e9ciales. Ce bol n&rsquo;est pas seulement un objet fonctionnel, il raconte un fragment de la riche culture barcelonaise, en faisant un cadeau parfait pour ceux qui souhaitent emporter un morceau de cette ville vibrante. Chez Ol\u00e9 Mosaic, nous nous sp\u00e9cialisons dans la distribution de souvenirs en gros et ce bol en noix de coco orange est un excellent choix pour les boutiques de cadeaux touristiques cherchant \u00e0 offrir des produits authentiques et repr\u00e9sentatifs. Avec ce bol, les visiteurs peuvent ch\u00e9rir un souvenir authentique de leur exp\u00e9rience \u00e0 Barcelone, ce qui en fait un article tr\u00e8s recherch\u00e9 par les touristes.<\/p>\n","protected":false},"excerpt":{"rendered":"<p>Bol en noix de coco orange inspir\u00e9 de l&#8217;embl\u00e9matique salamandre de Barcelone, un symbole du modernisme barcelonais. Ce bol attrayant, fabriqu\u00e9 \u00e0 partir de coque de noix de coco, pr\u00e9sente un design artisanal peint \u00e0 la main avec des tons orange vibrants et des d\u00e9tails dor\u00e9s \u00e9voquant la chaleur m\u00e9diterran\u00e9enne. Au centre, l&rsquo;illustration de la salamandre se distingue avec l&rsquo;inscription \u00ab\u00a0Barcelona\u00a0\u00bb, capturant l&rsquo;essence de l&rsquo;art urbain catalan. Id\u00e9al pour la d\u00e9coration ou comme souvenir.<\/p>\n","protected":false},"featured_media":10129,"template":"","meta":{"_acf_changed":false},"product_brand":[],"product_cat":[521],"product_tag":[530],"class_list":{"0":"post-29195","1":"product","2":"type-product","3":"status-publish","4":"has-post-thumbnail","6":"product_cat-bols","7":"product_tag-animaux","8":"pa_ciudad-barcelona","9":"pa_motivo-salamandres","10":"pa_pais-espana","12":"first","13":"instock","14":"shipping-taxable","15":"product-type-simple"},"acf":[],"_links":{"self":[{"href":"https:\/\/olemosaic.orbitalia.org\/fr\/wp-json\/wp\/v2\/product\/29195","targetHints":{"allow":["GET"]}}],"collection":[{"href":"https:\/\/olemosaic.orbitalia.org\/fr\/wp-json\/wp\/v2\/product"}],"about":[{"href":"https:\/\/olemosaic.orbitalia.org\/fr\/wp-json\/wp\/v2\/types\/product"}],"wp:featuredmedia":[{"embeddable":true,"href":"https:\/\/olemosaic.orbitalia.org\/fr\/wp-json\/wp\/v2\/media\/10129"}],"wp:attachment":[{"href":"https:\/\/olemosaic.orbitalia.org\/fr\/wp-json\/wp\/v2\/media?parent=29195"}],"wp:term":[{"taxonomy":"product_brand","embeddable":true,"href":"https:\/\/olemosaic.orbitalia.org\/fr\/wp-json\/wp\/v2\/product_brand?post=29195"},{"taxonomy":"product_cat","embeddable":true,"href":"https:\/\/olemosaic.orbitalia.org\/fr\/wp-json\/wp\/v2\/product_cat?post=29195"},{"taxonomy":"product_tag","embeddable":true,"href":"https:\/\/olemosaic.orbitalia.org\/fr\/wp-json\/wp\/v2\/product_tag?post=29195"}],"curies":[{"name":"wp","href":"https:\/\/api.w.org\/{rel}","templated":true}]}}