{"id":29192,"date":"2025-02-20T23:30:48","date_gmt":"2025-02-20T22:30:48","guid":{"rendered":"https:\/\/olemosaic.orbitalia.org\/producto\/bol-de-coco-naranja-tortuga-barcelona-2\/"},"modified":"2025-07-25T20:18:39","modified_gmt":"2025-07-25T18:18:39","slug":"bol-noix-de-coco-orange-tortue-barcelone-fr","status":"publish","type":"product","link":"https:\/\/olemosaic.orbitalia.org\/fr\/produit\/bol-noix-de-coco-orange-tortue-barcelone-fr\/","title":{"rendered":"Bol en noix de coco orange. Tortue. Style m\u00e9diterran\u00e9en. Barcelone."},"content":{"rendered":"<p>Ce bol en noix de coco orange, d\u00e9cor\u00e9 d&rsquo;un motif de tortue, est une pi\u00e8ce artisanale qui capture l&rsquo;essence vibrante de Barcelone. Avec son design ovale et sa finition brillante, il pr\u00e9sente une couleur orange captivante qui refl\u00e8te la chaleur de la ville m\u00e9diterran\u00e9enne. Le motif central de la tortue, sculpt\u00e9 avec pr\u00e9cision, symbolise la vie marine et la beaut\u00e9 de l&rsquo;environnement naturel entourant cette ville embl\u00e9matique, \u00e9voquant la connexion avec la c\u00f4te et la mer M\u00e9diterran\u00e9e.<\/p>\n<p>Le bol, avec des textures imitant la carapace de la tortue, cr\u00e9e une surface visuellement attrayante et tactilement int\u00e9ressante. Au centre, le mot \u00ab\u00a0Barcelona\u00a0\u00bb est \u00e9l\u00e9gamment grav\u00e9, ce qui en fait un souvenir parfait et authentique pour ceux qui visitent la ville. Il est id\u00e9al pour d\u00e9corer n&rsquo;importe quel espace, ajoutant une touche de couleur et de culture, et constitue une excellente option pour ceux qui recherchent un souvenir significatif et repr\u00e9sentatif de leur exp\u00e9rience \u00e0 Barcelone.<\/p>\n<p>Chez Ol\u00e9 Mosaic, nous nous sp\u00e9cialisons dans la distribution de souvenirs en gros, offrant des produits authentiques qui c\u00e9l\u00e8brent le riche h\u00e9ritage culturel de l&rsquo;Espagne. Ce bol en noix de coco est un choix exceptionnel pour les boutiques de cadeaux touristiques souhaitant proposer des articles attrayants et uniques qui cr\u00e9ent un lien avec les visiteurs. En tant que grossistes de souvenirs, nous garantissons la qualit\u00e9 et l&rsquo;authenticit\u00e9 de chaque pi\u00e8ce.<\/p>\n","protected":false},"excerpt":{"rendered":"<p>Bol en noix de coco orang\u00e9 d\u00e9cor\u00e9 d&rsquo;un motif de tortue, \u00e9voquant l&rsquo;essence de Barcelone. Ce produit artisanal pr\u00e9sente une finition brillante qui rehausse son design unique, avec des textures imitant la carapace de la tortue. Le mot \u00ab\u00a0Barcelona\u00a0\u00bb est grav\u00e9 au centre, ce qui en fait un souvenir parfait de la ville. Sa forme ovale et sa tonalit\u00e9 orange chaleureuse le rendent id\u00e9al pour d\u00e9corer n&rsquo;importe quel espace.<\/p>\n","protected":false},"featured_media":10165,"template":"","meta":{"_acf_changed":false},"product_brand":[],"product_cat":[521],"product_tag":[530],"class_list":{"0":"post-29192","1":"product","2":"type-product","3":"status-publish","4":"has-post-thumbnail","6":"product_cat-bols","7":"product_tag-animaux","8":"pa_ciudad-barcelona","9":"pa_motivo-tortues","10":"pa_pais-espana","12":"first","13":"instock","14":"shipping-taxable","15":"product-type-simple"},"acf":[],"_links":{"self":[{"href":"https:\/\/olemosaic.orbitalia.org\/fr\/wp-json\/wp\/v2\/product\/29192","targetHints":{"allow":["GET"]}}],"collection":[{"href":"https:\/\/olemosaic.orbitalia.org\/fr\/wp-json\/wp\/v2\/product"}],"about":[{"href":"https:\/\/olemosaic.orbitalia.org\/fr\/wp-json\/wp\/v2\/types\/product"}],"wp:featuredmedia":[{"embeddable":true,"href":"https:\/\/olemosaic.orbitalia.org\/fr\/wp-json\/wp\/v2\/media\/10165"}],"wp:attachment":[{"href":"https:\/\/olemosaic.orbitalia.org\/fr\/wp-json\/wp\/v2\/media?parent=29192"}],"wp:term":[{"taxonomy":"product_brand","embeddable":true,"href":"https:\/\/olemosaic.orbitalia.org\/fr\/wp-json\/wp\/v2\/product_brand?post=29192"},{"taxonomy":"product_cat","embeddable":true,"href":"https:\/\/olemosaic.orbitalia.org\/fr\/wp-json\/wp\/v2\/product_cat?post=29192"},{"taxonomy":"product_tag","embeddable":true,"href":"https:\/\/olemosaic.orbitalia.org\/fr\/wp-json\/wp\/v2\/product_tag?post=29192"}],"curies":[{"name":"wp","href":"https:\/\/api.w.org\/{rel}","templated":true}]}}