{"id":29186,"date":"2025-02-20T22:30:47","date_gmt":"2025-02-20T22:30:47","guid":{"rendered":"https:\/\/olemosaic.orbitalia.org\/producto\/bol-de-coco-naranja-sardina-lisboa\/"},"modified":"2025-07-25T18:37:47","modified_gmt":"2025-07-25T16:37:47","slug":"bol-noix-de-coco-orange-sardine-lisbonne","status":"publish","type":"product","link":"https:\/\/olemosaic.orbitalia.org\/fr\/produit\/bol-noix-de-coco-orange-sardine-lisbonne\/","title":{"rendered":"Bol en noix de coco orange. Sardine. Lisbonne."},"content":{"rendered":"<p>Ce bol en noix de coco orange, d\u00e9cor\u00e9 d&rsquo;une sardine, est un v\u00e9ritable bijou artisanal \u00e9labor\u00e9 \u00e0 Lisbonne, id\u00e9al pour ceux qui recherchent un souvenir distinctif du riche patrimoine culturel portugais. Sa finition vibrante dans des tons orange et dor\u00e9 refl\u00e8te la chaleur du soleil de Lisbonne, ajoutant une touche de joie \u00e0 n&rsquo;importe quelle table. Au centre, une sardine stylis\u00e9e symbolise la gastronomie locale, un \u00e9l\u00e9ment fondamental de l&rsquo;identit\u00e9 culinaire de Lisbonne. Cette pi\u00e8ce unique est non seulement fonctionnelle, parfaite pour servir des ap\u00e9ritifs ou des salades, mais elle constitue \u00e9galement un \u00e9l\u00e9ment d\u00e9coratif attrayant qui mettra en valeur n&rsquo;importe quelle pi\u00e8ce.<\/p>\n<p>Les techniques artisanales employ\u00e9es dans sa fabrication d\u00e9montrent le d\u00e9vouement et le soin des artistes locaux, garantissant que chaque bol soit une \u0153uvre unique. Le motif textur\u00e9 qui entoure le dessin de la sardine apporte de la profondeur et un effet visuel captivant, en faisant un v\u00e9ritable attrait pour les visiteurs et les locaux. Ce bol est un excellent souvenir pour ceux qui souhaitent emporter un morceau du Portugal, refl\u00e9tant l&rsquo;authenticit\u00e9 et la tradition de Lisbonne. Chez Ol\u00e9 Mosaic, nous sommes fiers de proposer des souvenirs en noix de coco de la plus haute qualit\u00e9, parfaits pour les boutiques de cadeaux touristiques qui cherchent \u00e0 mettre en avant des produits authentiques et culturellement significatifs.<\/p>\n","protected":false},"excerpt":{"rendered":"<p>Bol en noix de coco orange d\u00e9cor\u00e9 d&rsquo;une sardine, fabriqu\u00e9 \u00e0 Lisbonne. Ce bol singulier pr\u00e9sente une finition brillante dans des tons orang\u00e9s et dor\u00e9s, avec un design qui \u00e9voque les techniques artisanales portugaises. La sardine, symbole de la gastronomie locale, est \u00e9l\u00e9gamment repr\u00e9sent\u00e9e au centre, entour\u00e9e d&rsquo;un motif textur\u00e9 qui apporte profondeur et attrait visuel. Id\u00e9al pour servir des ap\u00e9ritifs ou comme pi\u00e8ce d\u00e9corative, ce bol allie fonctionnalit\u00e9 et art dans un design captivant.<\/p>\n","protected":false},"featured_media":10086,"template":"","meta":{"_acf_changed":false},"product_brand":[],"product_cat":[521],"product_tag":[530],"class_list":{"0":"post-29186","1":"product","2":"type-product","3":"status-publish","4":"has-post-thumbnail","6":"product_cat-bols","7":"product_tag-animaux","8":"pa_ciudad-lisboa","9":"pa_motivo-sardines","10":"pa_pais-portugal","12":"first","13":"instock","14":"shipping-taxable","15":"product-type-simple"},"acf":[],"_links":{"self":[{"href":"https:\/\/olemosaic.orbitalia.org\/fr\/wp-json\/wp\/v2\/product\/29186","targetHints":{"allow":["GET"]}}],"collection":[{"href":"https:\/\/olemosaic.orbitalia.org\/fr\/wp-json\/wp\/v2\/product"}],"about":[{"href":"https:\/\/olemosaic.orbitalia.org\/fr\/wp-json\/wp\/v2\/types\/product"}],"wp:featuredmedia":[{"embeddable":true,"href":"https:\/\/olemosaic.orbitalia.org\/fr\/wp-json\/wp\/v2\/media\/10086"}],"wp:attachment":[{"href":"https:\/\/olemosaic.orbitalia.org\/fr\/wp-json\/wp\/v2\/media?parent=29186"}],"wp:term":[{"taxonomy":"product_brand","embeddable":true,"href":"https:\/\/olemosaic.orbitalia.org\/fr\/wp-json\/wp\/v2\/product_brand?post=29186"},{"taxonomy":"product_cat","embeddable":true,"href":"https:\/\/olemosaic.orbitalia.org\/fr\/wp-json\/wp\/v2\/product_cat?post=29186"},{"taxonomy":"product_tag","embeddable":true,"href":"https:\/\/olemosaic.orbitalia.org\/fr\/wp-json\/wp\/v2\/product_tag?post=29186"}],"curies":[{"name":"wp","href":"https:\/\/api.w.org\/{rel}","templated":true}]}}