{"id":29184,"date":"2025-02-20T23:30:47","date_gmt":"2025-02-20T22:30:47","guid":{"rendered":"https:\/\/olemosaic.orbitalia.org\/producto\/bol-de-coco-naranja-flamenco-2\/"},"modified":"2025-07-25T20:37:11","modified_gmt":"2025-07-25T18:37:11","slug":"bol-noix-de-coco-orange-flamenco-andalousie","status":"publish","type":"product","link":"https:\/\/olemosaic.orbitalia.org\/fr\/produit\/bol-noix-de-coco-orange-flamenco-andalousie\/","title":{"rendered":"Bol en noix de coco orange. Flamenco. Andalousie."},"content":{"rendered":"<p>Ce bol en noix de coco orange aux motifs de flamants roses est une pi\u00e8ce charmante qui renferme l&rsquo;essence du folklore espagnol. Sa finition brillante dans un ton orange vibrant souligne son attrait visuel, tandis que les flamants blancs, \u00e9l\u00e9gamment illustr\u00e9s au centre, ajoutent une touche ludique et distinctive. La forme organique du bol, avec un bord d\u00e9coratif pr\u00e9sentant des \u00e9l\u00e9ments aux tons contrast\u00e9s, refl\u00e8te un excellent travail artisanal, id\u00e9al pour compl\u00e9ter des d\u00e9corations festives ou comme centre de table. Ce bol n&rsquo;est pas seulement une option d\u00e9corative, mais il repr\u00e9sente \u00e9galement le riche lien culturel avec les r\u00e9gions c\u00f4ti\u00e8res d&rsquo;Espagne, o\u00f9 les flamants vivent et symbolisent la beaut\u00e9 naturelle. Parfait pour ceux qui recherchent des souvenirs authentiques et color\u00e9s, ce bol en noix de coco est un cadeau id\u00e9al pour les touristes et les amateurs d&rsquo;art espagnol. Chez Ol\u00e9 Mosaic, nous nous consacrons \u00e0 la distribution de souvenirs en gros, et ce bol de flamants est un excellent ajout pour les boutiques de cadeaux touristiques souhaitant proposer des produits authentiques et visuellement attrayants. Assurez-vous d&rsquo;avoir un morceau de la beaut\u00e9 de l&rsquo;Espagne avec ce bol unique.<\/p>\n","protected":false},"excerpt":{"rendered":"<p>Bol en noix de coco orange avec des motifs de flamants roses, id\u00e9al pour les d\u00e9corations inspir\u00e9es du folklore espagnol. Ce charmant bol pr\u00e9sente une finition orange brillante, rehauss\u00e9e par un motif de flamants blancs au centre. Sa forme organique et son bord d\u00e9coratif, orn\u00e9 d&rsquo;\u00e9l\u00e9ments aux tons contrast\u00e9s, apportent une touche artisanale et color\u00e9e, parfaite pour compl\u00e9ter n&rsquo;importe quel espace ou l&rsquo;utiliser comme centre de table lors de c\u00e9l\u00e9brations.<\/p>\n","protected":false},"featured_media":13407,"template":"","meta":{"_acf_changed":false},"product_brand":[],"product_cat":[521],"product_tag":[530],"class_list":{"0":"post-29184","1":"product","2":"type-product","3":"status-publish","4":"has-post-thumbnail","6":"product_cat-bols","7":"product_tag-animaux","8":"pa_motivo-flamants-roses","10":"first","11":"instock","12":"shipping-taxable","13":"product-type-simple"},"acf":[],"_links":{"self":[{"href":"https:\/\/olemosaic.orbitalia.org\/fr\/wp-json\/wp\/v2\/product\/29184","targetHints":{"allow":["GET"]}}],"collection":[{"href":"https:\/\/olemosaic.orbitalia.org\/fr\/wp-json\/wp\/v2\/product"}],"about":[{"href":"https:\/\/olemosaic.orbitalia.org\/fr\/wp-json\/wp\/v2\/types\/product"}],"wp:featuredmedia":[{"embeddable":true,"href":"https:\/\/olemosaic.orbitalia.org\/fr\/wp-json\/wp\/v2\/media\/13407"}],"wp:attachment":[{"href":"https:\/\/olemosaic.orbitalia.org\/fr\/wp-json\/wp\/v2\/media?parent=29184"}],"wp:term":[{"taxonomy":"product_brand","embeddable":true,"href":"https:\/\/olemosaic.orbitalia.org\/fr\/wp-json\/wp\/v2\/product_brand?post=29184"},{"taxonomy":"product_cat","embeddable":true,"href":"https:\/\/olemosaic.orbitalia.org\/fr\/wp-json\/wp\/v2\/product_cat?post=29184"},{"taxonomy":"product_tag","embeddable":true,"href":"https:\/\/olemosaic.orbitalia.org\/fr\/wp-json\/wp\/v2\/product_tag?post=29184"}],"curies":[{"name":"wp","href":"https:\/\/api.w.org\/{rel}","templated":true}]}}