{"id":29183,"date":"2025-02-20T22:30:47","date_gmt":"2025-02-20T22:30:47","guid":{"rendered":"https:\/\/olemosaic.orbitalia.org\/producto\/bol-de-coco-multicolor-arcoiris\/"},"modified":"2025-07-25T19:17:51","modified_gmt":"2025-07-25T17:17:51","slug":"bol-noix-de-coco-multicolore-arc-en-ciel","status":"publish","type":"product","link":"https:\/\/olemosaic.orbitalia.org\/fr\/produit\/bol-noix-de-coco-multicolore-arc-en-ciel\/","title":{"rendered":"Bol en noix de coco multicolore. Arc-en-ciel."},"content":{"rendered":"<p>Ce bol en noix de coco multicolore, inspir\u00e9 de l&rsquo;arc-en-ciel, est une pi\u00e8ce vibrante qui allie fonctionnalit\u00e9 et esth\u00e9tique, parfaite pour ceux qui souhaitent ajouter une touche de couleur \u00e0 leurs espaces. Fabriqu\u00e9 \u00e0 partir d&rsquo;une coque de noix de coco, cet accessoire se distingue par son design organique et durable, qui \u00e9voque la beaut\u00e9 naturelle de son mat\u00e9riau de base. L&rsquo;ext\u00e9rieur du bol pr\u00e9sente une finition sombre qui fait ressortir les teintes \u00e9clatantes de son int\u00e9rieur, o\u00f9 une r\u00e9partition soign\u00e9e des couleurs \u2013 du rouge intense et de l&rsquo;orange vibrant au bleu et vert doux \u2013 cr\u00e9e un effet joyeux, \u00e9vocateur de la splendeur d&rsquo;un arc-en-ciel. Ce bol est non seulement id\u00e9al pour servir des ap\u00e9ritifs, mais il peut \u00e9galement \u00eatre utilis\u00e9 comme \u00e9l\u00e9ment d\u00e9coratif sur des tables ou des \u00e9tag\u00e8res, apportant un air festif et amusant.<\/p>\n<p>Le bol en noix de coco repr\u00e9sente la richesse de l&rsquo;artisanat local, devenant un authentique souvenir qui refl\u00e8te la culture et le mode de vie m\u00e9diterran\u00e9en. Chez Ol\u00e9 Mosaic, en tant que distributeur de souvenirs en gros, nous proposons des produits uniques qui capturent l&rsquo;essence de chaque r\u00e9gion. Ce bol en noix de coco multicolore est un excellent choix pour les boutiques de cadeaux touristiques qui recherchent l&rsquo;authenticit\u00e9 et la couleur dans leur assortiment de souvenirs.<\/p>\n","protected":false},"excerpt":{"rendered":"<p>Bol en noix de coco multicolore, inspir\u00e9 de l&rsquo;arc-en-ciel et id\u00e9al pour d\u00e9corer ou servir des ap\u00e9ritifs. Ce bol vibrant pr\u00e9sente une r\u00e9partition soign\u00e9e des couleurs, du rouge et orange intenses au bleu et vert doux, cr\u00e9ant un effet joyeux et lumineux. Fabriqu\u00e9 \u00e0 partir d&rsquo;une coque de noix de coco, il se distingue par son design organique et durable, et son int\u00e9rieur brillant rehausse l&rsquo;esth\u00e9tique naturelle du mat\u00e9riau. Parfait pour ajouter une touche de couleur \u00e0 n&rsquo;importe quelle table ou espace.<\/p>\n","protected":false},"featured_media":13522,"template":"","meta":{"_acf_changed":false},"product_brand":[],"product_cat":[521],"product_tag":[],"class_list":{"0":"post-29183","1":"product","2":"type-product","3":"status-publish","4":"has-post-thumbnail","6":"product_cat-bols","7":"pa_motivo-arc-en-ciel","9":"first","10":"instock","11":"shipping-taxable","12":"product-type-simple"},"acf":[],"_links":{"self":[{"href":"https:\/\/olemosaic.orbitalia.org\/fr\/wp-json\/wp\/v2\/product\/29183","targetHints":{"allow":["GET"]}}],"collection":[{"href":"https:\/\/olemosaic.orbitalia.org\/fr\/wp-json\/wp\/v2\/product"}],"about":[{"href":"https:\/\/olemosaic.orbitalia.org\/fr\/wp-json\/wp\/v2\/types\/product"}],"wp:featuredmedia":[{"embeddable":true,"href":"https:\/\/olemosaic.orbitalia.org\/fr\/wp-json\/wp\/v2\/media\/13522"}],"wp:attachment":[{"href":"https:\/\/olemosaic.orbitalia.org\/fr\/wp-json\/wp\/v2\/media?parent=29183"}],"wp:term":[{"taxonomy":"product_brand","embeddable":true,"href":"https:\/\/olemosaic.orbitalia.org\/fr\/wp-json\/wp\/v2\/product_brand?post=29183"},{"taxonomy":"product_cat","embeddable":true,"href":"https:\/\/olemosaic.orbitalia.org\/fr\/wp-json\/wp\/v2\/product_cat?post=29183"},{"taxonomy":"product_tag","embeddable":true,"href":"https:\/\/olemosaic.orbitalia.org\/fr\/wp-json\/wp\/v2\/product_tag?post=29183"}],"curies":[{"name":"wp","href":"https:\/\/api.w.org\/{rel}","templated":true}]}}