{"id":29182,"date":"2025-02-20T22:30:47","date_gmt":"2025-02-20T22:30:47","guid":{"rendered":"https:\/\/olemosaic.orbitalia.org\/producto\/bol-de-coco-dorado-metalizado\/"},"modified":"2025-07-25T18:43:02","modified_gmt":"2025-07-25T16:43:02","slug":"bol-noix-de-coco-dore-metallise","status":"publish","type":"product","link":"https:\/\/olemosaic.orbitalia.org\/fr\/produit\/bol-noix-de-coco-dore-metallise\/","title":{"rendered":"Bol en noix de coco dor\u00e9. M\u00e9tallis\u00e9."},"content":{"rendered":"<p>Ce bol en noix de coco m\u00e9tallis\u00e9 est une pi\u00e8ce d\u00e9corative incontournable pour ceux qui recherchent une touche d&rsquo;\u00e9l\u00e9gance dans leur int\u00e9rieur. Fabriqu\u00e9 selon un processus innovant qui pr\u00e9serve l&rsquo;essence brillante de la noix de coco, il pr\u00e9sente une finition dor\u00e9e qui apporte luminosit\u00e9 et sophistication \u00e0 n&rsquo;importe quel coin. Son design ovale et doux au toucher en fait le compl\u00e9ment parfait, id\u00e9al pour exposer de petits objets, tels que des bijoux ou des bougies, ou m\u00eame comme un charmant centre de table qui capte l&rsquo;attention de tous les visiteurs.<\/p>\n<p>Le ton dor\u00e9 souligne les lignes courbes du bol, cr\u00e9ant un contraste visuel attrayant et distinctif. Ce produit est non seulement esth\u00e9tiquement beau, mais il est \u00e9galement robuste et r\u00e9sistant, garantissant son utilisation tant d\u00e9corative que fonctionnelle au quotidien. Originaire de r\u00e9gions o\u00f9 l&rsquo;art de la d\u00e9coration avec des mat\u00e9riaux naturels est une tradition, ce bol est un excellent rappel de la riche culture artisanale qui caract\u00e9rise ces lieux.<\/p>\n<p>Chez Ol\u00e9 Mosaic, en tant que grossiste de souvenirs, nous proposons ce bol en noix de coco m\u00e9tallis\u00e9 comme une option id\u00e9ale pour les boutiques de cadeaux touristiques \u00e0 la recherche de produits authentiques et de haute qualit\u00e9. Ce souvenir met non seulement en valeur la diversit\u00e9 culturelle de son origine, mais sert \u00e9galement de souvenir \u00e9l\u00e9gant et distinctif d&rsquo;une exp\u00e9rience m\u00e9morable.<\/p>\n","protected":false},"excerpt":{"rendered":"<p>Bol en noix de coco m\u00e9tallis\u00e9 dor\u00e9, id\u00e9al pour d\u00e9corer n&rsquo;importe quel coin. Fabriqu\u00e9 avec un mat\u00e9riau r\u00e9sistant, il pr\u00e9sente une finition brillante qui apporte une touche d&rsquo;\u00e9l\u00e9gance. Son design ovale et doux au toucher le rend parfait pour exposer de petits objets ou comme centre de table. La teinte dor\u00e9e rehausse les formes courbes du bol, en faisant un accessoire attrayant et distinctif pour la maison.<\/p>\n","protected":false},"featured_media":10380,"template":"","meta":{"_acf_changed":false},"product_brand":[],"product_cat":[521],"product_tag":[],"class_list":{"0":"post-29182","1":"product","2":"type-product","3":"status-publish","4":"has-post-thumbnail","6":"product_cat-bols","7":"pa_motivo-metallise","9":"first","10":"instock","11":"shipping-taxable","12":"product-type-simple"},"acf":[],"_links":{"self":[{"href":"https:\/\/olemosaic.orbitalia.org\/fr\/wp-json\/wp\/v2\/product\/29182","targetHints":{"allow":["GET"]}}],"collection":[{"href":"https:\/\/olemosaic.orbitalia.org\/fr\/wp-json\/wp\/v2\/product"}],"about":[{"href":"https:\/\/olemosaic.orbitalia.org\/fr\/wp-json\/wp\/v2\/types\/product"}],"wp:featuredmedia":[{"embeddable":true,"href":"https:\/\/olemosaic.orbitalia.org\/fr\/wp-json\/wp\/v2\/media\/10380"}],"wp:attachment":[{"href":"https:\/\/olemosaic.orbitalia.org\/fr\/wp-json\/wp\/v2\/media?parent=29182"}],"wp:term":[{"taxonomy":"product_brand","embeddable":true,"href":"https:\/\/olemosaic.orbitalia.org\/fr\/wp-json\/wp\/v2\/product_brand?post=29182"},{"taxonomy":"product_cat","embeddable":true,"href":"https:\/\/olemosaic.orbitalia.org\/fr\/wp-json\/wp\/v2\/product_cat?post=29182"},{"taxonomy":"product_tag","embeddable":true,"href":"https:\/\/olemosaic.orbitalia.org\/fr\/wp-json\/wp\/v2\/product_tag?post=29182"}],"curies":[{"name":"wp","href":"https:\/\/api.w.org\/{rel}","templated":true}]}}