{"id":29181,"date":"2025-02-20T23:30:47","date_gmt":"2025-02-20T22:30:47","guid":{"rendered":"https:\/\/olemosaic.orbitalia.org\/producto\/bol-de-coco-azul-metalizado-pintado-a-mano\/"},"modified":"2025-07-25T20:01:10","modified_gmt":"2025-07-25T18:01:10","slug":"bol-en-noix-de-coco-bleu-metallise-peint-a-la-main","status":"publish","type":"product","link":"https:\/\/olemosaic.orbitalia.org\/fr\/produit\/bol-en-noix-de-coco-bleu-metallise-peint-a-la-main\/","title":{"rendered":"Bol en noix de coco bleu. M\u00e9tallis\u00e9."},"content":{"rendered":"<p>Ce bol en noix de coco m\u00e9tallis\u00e9, d&rsquo;un bleu vibrant, est un v\u00e9ritable joyau de l&rsquo;artisanat m\u00e9diterran\u00e9en, parfait pour orner n&rsquo;importe quel coin de votre maison. Peint \u00e0 la main, sa surface brillante refl\u00e8te la lumi\u00e8re de mani\u00e8re captivante, \u00e9voquant les eaux cristallines de la M\u00e9diterran\u00e9e. Son design arrondi apporte non seulement de l&rsquo;\u00e9l\u00e9gance, mais sa couleur bleue vive en fait un \u00e9l\u00e9ment d\u00e9coratif qui se d\u00e9marque dans n&rsquo;importe quel espace, que ce soit sur la table \u00e0 manger, sur une \u00e9tag\u00e8re ou comme pi\u00e8ce centrale d&rsquo;une exposition.<\/p>\n<p>Inspir\u00e9 par la c\u00e9ramique traditionnelle de la M\u00e9diterran\u00e9e, ce bol c\u00e9l\u00e8bre le riche h\u00e9ritage culturel de la r\u00e9gion. L&rsquo;attention port\u00e9e aux d\u00e9tails et la m\u00e9ticulosit\u00e9 du processus de peinture font de chaque pi\u00e8ce une \u0153uvre unique, garantissant l&rsquo;authenticit\u00e9 et une touche artisanale que l&rsquo;on ne trouve que dans les meilleurs souvenirs. Ce bol est non seulement id\u00e9al pour un usage quotidien, mais c&rsquo;est aussi un excellent cadeau ou souvenir pour ceux qui souhaitent emporter un morceau de l&rsquo;art et de la culture m\u00e9diterran\u00e9enne.<\/p>\n<p>Chez Ol\u00e9 Mosaic, nous nous sp\u00e9cialisons dans la distribution en gros de souvenirs authentiques, et ce bol en noix de coco bleu est une option id\u00e9ale pour les boutiques de cadeaux touristiques cherchant \u00e0 mettre en avant la culture et l&rsquo;esth\u00e9tique de la M\u00e9diterran\u00e9e. Offrez \u00e0 vos clients un souvenir de qualit\u00e9 qui souligne la beaut\u00e9 et la tradition de la r\u00e9gion. En tant que grossistes, nous nous assurons que chaque bol b\u00e9n\u00e9ficie du design et de l&rsquo;artisanat qui caract\u00e9risent nos produits, faisant de ce bol m\u00e9tallis\u00e9 un choix irr\u00e9sistiblement attrayant.<\/p>\n","protected":false},"excerpt":{"rendered":"<p>Bol en noix de coco m\u00e9tallis\u00e9 d&rsquo;un bleu vibrant, design artisanal, peint \u00e0 la main, id\u00e9al pour donner une touche artistique \u00e0 votre int\u00e9rieur. Ce bol, inspir\u00e9 de la c\u00e9ramique traditionnelle, pr\u00e9sente une surface brillante et des reflets qui \u00e9voquent la magnifique mer M\u00e9diterran\u00e9e. Son design arrondi apporte de l&rsquo;\u00e9l\u00e9gance, tandis que sa couleur intense en fait un \u00e9l\u00e9ment d\u00e9coratif attrayant et polyvalent. Parfait pour un usage quotidien ou comme pi\u00e8ce d&rsquo;exposition dans n&rsquo;importe quel espace.<\/p>\n","protected":false},"featured_media":10382,"template":"","meta":{"_acf_changed":false},"product_brand":[],"product_cat":[521],"product_tag":[],"class_list":{"0":"post-29181","1":"product","2":"type-product","3":"status-publish","4":"has-post-thumbnail","6":"product_cat-bols","7":"pa_motivo-metallise","9":"first","10":"instock","11":"shipping-taxable","12":"product-type-simple"},"acf":[],"_links":{"self":[{"href":"https:\/\/olemosaic.orbitalia.org\/fr\/wp-json\/wp\/v2\/product\/29181","targetHints":{"allow":["GET"]}}],"collection":[{"href":"https:\/\/olemosaic.orbitalia.org\/fr\/wp-json\/wp\/v2\/product"}],"about":[{"href":"https:\/\/olemosaic.orbitalia.org\/fr\/wp-json\/wp\/v2\/types\/product"}],"wp:featuredmedia":[{"embeddable":true,"href":"https:\/\/olemosaic.orbitalia.org\/fr\/wp-json\/wp\/v2\/media\/10382"}],"wp:attachment":[{"href":"https:\/\/olemosaic.orbitalia.org\/fr\/wp-json\/wp\/v2\/media?parent=29181"}],"wp:term":[{"taxonomy":"product_brand","embeddable":true,"href":"https:\/\/olemosaic.orbitalia.org\/fr\/wp-json\/wp\/v2\/product_brand?post=29181"},{"taxonomy":"product_cat","embeddable":true,"href":"https:\/\/olemosaic.orbitalia.org\/fr\/wp-json\/wp\/v2\/product_cat?post=29181"},{"taxonomy":"product_tag","embeddable":true,"href":"https:\/\/olemosaic.orbitalia.org\/fr\/wp-json\/wp\/v2\/product_tag?post=29181"}],"curies":[{"name":"wp","href":"https:\/\/api.w.org\/{rel}","templated":true}]}}