{"id":29180,"date":"2025-02-20T22:30:46","date_gmt":"2025-02-20T22:30:46","guid":{"rendered":"https:\/\/olemosaic.orbitalia.org\/producto\/bol-de-coco-violeta-metalizado\/"},"modified":"2025-07-25T19:36:38","modified_gmt":"2025-07-25T17:36:38","slug":"bol-en-noix-de-coco-violet-metallise","status":"publish","type":"product","link":"https:\/\/olemosaic.orbitalia.org\/fr\/produit\/bol-en-noix-de-coco-violet-metallise\/","title":{"rendered":"Bol en noix de coco violet. M\u00e9tallis\u00e9."},"content":{"rendered":"<p>Ce bol en noix de coco m\u00e9tallis\u00e9, dans un ton violet vibrant, est un \u00e9l\u00e9ment d\u00e9coratif qui fusionne modernit\u00e9 et \u00e9l\u00e9gance, apportant une touche unique \u00e0 n&rsquo;importe quel espace. Son design est \u00e9labor\u00e9 \u00e0 partir d&rsquo;une base de noix de coco, une mati\u00e8re premi\u00e8re qui se distingue par sa durabilit\u00e9 et son caract\u00e8re organique, ce qui en fait un article distinctif et respectueux de l&rsquo;environnement. La surface du bol pr\u00e9sente une finition brillante qui rehausse sa forme originale, offrant un contraste fascinant entre la texture naturelle de la noix de coco et l&rsquo;\u00e9clat m\u00e9tallis\u00e9.<\/p>\n<p>La couleur violette intense est non seulement visuellement attrayante, mais elle symbolise \u00e9galement la cr\u00e9ativit\u00e9 et la sophistication, ce qui la rend id\u00e9ale pour servir des ap\u00e9ritifs lors de r\u00e9unions ou comme pi\u00e8ce centrale sur une table d\u00e9corative. Ce bol capture l&rsquo;essence de l&rsquo;art contemporain, devenant un souvenir repr\u00e9sentatif qui peut rappeler aux visiteurs le riche h\u00e9ritage culturel de l&rsquo;artisanat local.<\/p>\n<p>Chez Ol\u00e9 Mosaic, en tant que grossistes d&rsquo;articles de d\u00e9coration, nous proposons ce bol en noix de coco comme une excellente option pour les boutiques de cadeaux touristiques \u00e0 la recherche de produits authentiques avec une touche de design moderne. Sa pertinence culturelle et esth\u00e9tique garantit qu&rsquo;il s&rsquo;agit d&rsquo;un souvenir parfait de l&rsquo;exp\u00e9rience dans les r\u00e9gions o\u00f9 il est produit, offrant aux touristes un petit morceau d&rsquo;art et de tradition dans chaque pi\u00e8ce.<\/p>\n","protected":false},"excerpt":{"rendered":"<p>Bol en noix de coco m\u00e9tallis\u00e9 d&rsquo;un ton violet vibrant, id\u00e9al pour apporter une touche moderne et \u00e9l\u00e9gante \u00e0 toute d\u00e9coration. Fabriqu\u00e9 \u00e0 partir d&rsquo;une base de noix de coco, ce bol pr\u00e9sente une finition brillante qui souligne sa forme organique originale, parfait pour servir des ap\u00e9ritifs ou comme \u00e9l\u00e9ment d\u00e9coratif. Sa couleur intense et sa texture m\u00e9tallique en font un article distinctif, capturant l&rsquo;essence artistique et cr\u00e9ative de l&rsquo;artisanat contemporain.<\/p>\n","protected":false},"featured_media":10385,"template":"","meta":{"_acf_changed":false},"product_brand":[],"product_cat":[521],"product_tag":[],"class_list":{"0":"post-29180","1":"product","2":"type-product","3":"status-publish","4":"has-post-thumbnail","6":"product_cat-bols","7":"pa_motivo-metallise","9":"first","10":"instock","11":"shipping-taxable","12":"product-type-simple"},"acf":[],"_links":{"self":[{"href":"https:\/\/olemosaic.orbitalia.org\/fr\/wp-json\/wp\/v2\/product\/29180","targetHints":{"allow":["GET"]}}],"collection":[{"href":"https:\/\/olemosaic.orbitalia.org\/fr\/wp-json\/wp\/v2\/product"}],"about":[{"href":"https:\/\/olemosaic.orbitalia.org\/fr\/wp-json\/wp\/v2\/types\/product"}],"wp:featuredmedia":[{"embeddable":true,"href":"https:\/\/olemosaic.orbitalia.org\/fr\/wp-json\/wp\/v2\/media\/10385"}],"wp:attachment":[{"href":"https:\/\/olemosaic.orbitalia.org\/fr\/wp-json\/wp\/v2\/media?parent=29180"}],"wp:term":[{"taxonomy":"product_brand","embeddable":true,"href":"https:\/\/olemosaic.orbitalia.org\/fr\/wp-json\/wp\/v2\/product_brand?post=29180"},{"taxonomy":"product_cat","embeddable":true,"href":"https:\/\/olemosaic.orbitalia.org\/fr\/wp-json\/wp\/v2\/product_cat?post=29180"},{"taxonomy":"product_tag","embeddable":true,"href":"https:\/\/olemosaic.orbitalia.org\/fr\/wp-json\/wp\/v2\/product_tag?post=29180"}],"curies":[{"name":"wp","href":"https:\/\/api.w.org\/{rel}","templated":true}]}}