{"id":29179,"date":"2025-02-20T22:30:46","date_gmt":"2025-02-20T22:30:46","guid":{"rendered":"https:\/\/olemosaic.orbitalia.org\/producto\/bol-de-coco-turquesa-metalizado\/"},"modified":"2025-07-25T18:43:05","modified_gmt":"2025-07-25T16:43:05","slug":"bol-en-noix-de-coco-turquoise-metallise","status":"publish","type":"product","link":"https:\/\/olemosaic.orbitalia.org\/fr\/produit\/bol-en-noix-de-coco-turquoise-metallise\/","title":{"rendered":"Bol en noix de coco turquoise. M\u00e9tallis\u00e9."},"content":{"rendered":"<p>Ce bol en noix de coco m\u00e9tallis\u00e9, dans un ton turquoise vibrant, est une pi\u00e8ce unique qui \u00e9voque la fra\u00eecheur de la mer et l&rsquo;art artisanal de la r\u00e9gion. Son design original pr\u00e9sente une forme organique, simulant la courbe naturelle d&rsquo;une noix de coco, offrant une touche naturelle et authentique \u00e0 tout espace. L&rsquo;int\u00e9rieur du bol brille avec une finition \u00e9clatante qui souligne sa couleur turquoise, tandis que l&rsquo;ext\u00e9rieur conserve la texture rustique typique de la noix de coco, cr\u00e9ant un magnifique contraste qui attire le regard et ajoute du caract\u00e8re \u00e0 la pi\u00e8ce. Id\u00e9al aussi bien comme \u00e9l\u00e9ment d\u00e9coratif sur des tables modernes que pour servir des ap\u00e9ritifs lors de r\u00e9unions, ce bol allie \u00e9l\u00e9gance et fonctionnalit\u00e9.<\/p>\n<p>Ce bol n&rsquo;est pas seulement un ustensile, c&rsquo;est un reflet de la culture locale, o\u00f9 la tradition artisanale s&rsquo;entrem\u00eale avec le design contemporain. Chez Ol\u00e9 Mosaic, nous savons que ce type de souvenir est parfait pour les touristes \u00e0 la recherche de souvenirs authentiques et significatifs de leur exp\u00e9rience dans la r\u00e9gion. En tant que grossiste de souvenirs d&rsquo;artisanat traditionnel, nous proposons des produits qui capturent l&rsquo;essence des lieux qu&rsquo;ils repr\u00e9sentent. Ce bol en noix de coco turquoise est, sans aucun doute, une excellente option pour les boutiques de cadeaux touristiques souhaitant ravir leurs clients avec des articles distinctifs et de qualit\u00e9.<\/p>\n","protected":false},"excerpt":{"rendered":"<p>Bol en noix de coco m\u00e9tallis\u00e9 d&rsquo;un turquoise vibrant, \u00e9voquant la fra\u00eecheur de la mer. Cet article original se distingue par sa forme organique et la douceur de sa finition. Fabriqu\u00e9 en m\u00e9tal, son int\u00e9rieur brille d&rsquo;un \u00e9clat radieux, tandis que l&rsquo;ext\u00e9rieur conserve la texture naturelle de la noix de coco. Id\u00e9al comme \u00e9l\u00e9ment d\u00e9coratif ou pour servir des ap\u00e9ritifs, ce bol est un authentique reflet de l&rsquo;art artisanal de la r\u00e9gion.<\/p>\n","protected":false},"featured_media":10383,"template":"","meta":{"_acf_changed":false},"product_brand":[],"product_cat":[521],"product_tag":[],"class_list":{"0":"post-29179","1":"product","2":"type-product","3":"status-publish","4":"has-post-thumbnail","6":"product_cat-bols","7":"pa_motivo-metallise","9":"first","10":"instock","11":"shipping-taxable","12":"product-type-simple"},"acf":[],"_links":{"self":[{"href":"https:\/\/olemosaic.orbitalia.org\/fr\/wp-json\/wp\/v2\/product\/29179","targetHints":{"allow":["GET"]}}],"collection":[{"href":"https:\/\/olemosaic.orbitalia.org\/fr\/wp-json\/wp\/v2\/product"}],"about":[{"href":"https:\/\/olemosaic.orbitalia.org\/fr\/wp-json\/wp\/v2\/types\/product"}],"wp:featuredmedia":[{"embeddable":true,"href":"https:\/\/olemosaic.orbitalia.org\/fr\/wp-json\/wp\/v2\/media\/10383"}],"wp:attachment":[{"href":"https:\/\/olemosaic.orbitalia.org\/fr\/wp-json\/wp\/v2\/media?parent=29179"}],"wp:term":[{"taxonomy":"product_brand","embeddable":true,"href":"https:\/\/olemosaic.orbitalia.org\/fr\/wp-json\/wp\/v2\/product_brand?post=29179"},{"taxonomy":"product_cat","embeddable":true,"href":"https:\/\/olemosaic.orbitalia.org\/fr\/wp-json\/wp\/v2\/product_cat?post=29179"},{"taxonomy":"product_tag","embeddable":true,"href":"https:\/\/olemosaic.orbitalia.org\/fr\/wp-json\/wp\/v2\/product_tag?post=29179"}],"curies":[{"name":"wp","href":"https:\/\/api.w.org\/{rel}","templated":true}]}}