{"id":29178,"date":"2025-02-20T22:30:46","date_gmt":"2025-02-20T22:30:46","guid":{"rendered":"https:\/\/olemosaic.orbitalia.org\/producto\/bol-de-coco-rojo-metalizado\/"},"modified":"2025-07-25T18:43:02","modified_gmt":"2025-07-25T16:43:02","slug":"bol-en-noix-de-coco-rouge-metallise","status":"publish","type":"product","link":"https:\/\/olemosaic.orbitalia.org\/fr\/produit\/bol-en-noix-de-coco-rouge-metallise\/","title":{"rendered":"Bol en noix de coco rouge. M\u00e9tallis\u00e9."},"content":{"rendered":"<p>Ce bol en noix de coco m\u00e9tallis\u00e9 d&rsquo;un rouge vibrant est un joyau d\u00e9coratif qui capture l&rsquo;essence exotique des \u00eeles. Sa fabrication artisanale m\u00e9ticuleuse \u00e0 partir de coques de noix de coco refl\u00e8te non seulement un engagement envers la durabilit\u00e9, mais apporte \u00e9galement un caract\u00e8re unique \u00e0 chaque pi\u00e8ce. La surface lisse et brillante du bol irradie la lumi\u00e8re, cr\u00e9ant un effet visuel captivant qui rehausse tout espace o\u00f9 il est plac\u00e9. Avec son design organique, le bol pr\u00e9sente des contours doux et naturels qui \u00e9voquent la forme de la noix de coco elle-m\u00eame, apportant une touche de nature \u00e0 votre int\u00e9rieur.<\/p>\n<p>Cet article est non seulement esth\u00e9tiquement agr\u00e9able, mais il est aussi extr\u00eamement fonctionnel, id\u00e9al pour servir des ap\u00e9ritifs lors de r\u00e9unions ou comme r\u00e9cipient d\u00e9coratif qui embellit votre table. Sa couleur rouge vibrante est parfaite pour se d\u00e9marquer dans n&rsquo;importe quel environnement, ce qui en fait un cadeau id\u00e9al ou un souvenir de voyage symbolisant la culture riche et vari\u00e9e des \u00eeles. Chez Ol\u00e9 Mosaic, nous sommes des distributeurs de souvenirs authentiques qui c\u00e9l\u00e8brent la richesse culturelle de chaque r\u00e9gion ; ce bol en noix de coco n&rsquo;est pas seulement un souvenir, mais un repr\u00e9sentant d&rsquo;un mode de vie qui appr\u00e9cie la beaut\u00e9 naturelle et l&rsquo;artisanat. C&rsquo;est sans aucun doute une excellente option pour les boutiques de cadeaux touristiques \u00e0 la recherche de produits distinctifs et de qualit\u00e9, soulignant sa pertinence culturelle et son attrait visuel en tant que souvenir en noix de coco.<\/p>\n","protected":false},"excerpt":{"rendered":"<p>Bol en noix de coco m\u00e9tallis\u00e9 d&rsquo;un rouge vibrant, id\u00e9al pour d\u00e9corer votre maison ou servir des ap\u00e9ritifs. Cet article, fabriqu\u00e9 artisanalement \u00e0 partir de coques de noix de coco, pr\u00e9sente une surface lisse et brillante qui refl\u00e8te la lumi\u00e8re, sublimant n&rsquo;importe quel espace. Son design organique et attrayant en fait un souvenir parfait qui \u00e9voque le caract\u00e8re exotique des \u00eeles, alliant fonctionnalit\u00e9 et esth\u00e9tique de mani\u00e8re unique.<\/p>\n","protected":false},"featured_media":10379,"template":"","meta":{"_acf_changed":false},"product_brand":[],"product_cat":[521],"product_tag":[],"class_list":{"0":"post-29178","1":"product","2":"type-product","3":"status-publish","4":"has-post-thumbnail","6":"product_cat-bols","7":"pa_motivo-metallise","9":"first","10":"instock","11":"shipping-taxable","12":"product-type-simple"},"acf":[],"_links":{"self":[{"href":"https:\/\/olemosaic.orbitalia.org\/fr\/wp-json\/wp\/v2\/product\/29178","targetHints":{"allow":["GET"]}}],"collection":[{"href":"https:\/\/olemosaic.orbitalia.org\/fr\/wp-json\/wp\/v2\/product"}],"about":[{"href":"https:\/\/olemosaic.orbitalia.org\/fr\/wp-json\/wp\/v2\/types\/product"}],"wp:featuredmedia":[{"embeddable":true,"href":"https:\/\/olemosaic.orbitalia.org\/fr\/wp-json\/wp\/v2\/media\/10379"}],"wp:attachment":[{"href":"https:\/\/olemosaic.orbitalia.org\/fr\/wp-json\/wp\/v2\/media?parent=29178"}],"wp:term":[{"taxonomy":"product_brand","embeddable":true,"href":"https:\/\/olemosaic.orbitalia.org\/fr\/wp-json\/wp\/v2\/product_brand?post=29178"},{"taxonomy":"product_cat","embeddable":true,"href":"https:\/\/olemosaic.orbitalia.org\/fr\/wp-json\/wp\/v2\/product_cat?post=29178"},{"taxonomy":"product_tag","embeddable":true,"href":"https:\/\/olemosaic.orbitalia.org\/fr\/wp-json\/wp\/v2\/product_tag?post=29178"}],"curies":[{"name":"wp","href":"https:\/\/api.w.org\/{rel}","templated":true}]}}