{"id":29171,"date":"2025-02-20T22:30:46","date_gmt":"2025-02-20T22:30:46","guid":{"rendered":"https:\/\/olemosaic.orbitalia.org\/producto\/bol-de-coco-marron-salamandra-gran-canaria\/"},"modified":"2025-07-25T19:02:01","modified_gmt":"2025-07-25T17:02:01","slug":"bol-noix-de-coco-marron-salamandre-grande-canarie","status":"publish","type":"product","link":"https:\/\/olemosaic.orbitalia.org\/fr\/produit\/bol-noix-de-coco-marron-salamandre-grande-canarie\/","title":{"rendered":"Bol en noix de coco marron. Salamandre. Grande Canarie."},"content":{"rendered":"<p>Ce bol en noix de coco marron, \u00e9labor\u00e9 \u00e0 partir de la coque de la noix de coco, est une pi\u00e8ce unique et repr\u00e9sentative de la riche culture de la Grande Canarie. Avec un design complexe illustrant une salamandre, symbole iconique refl\u00e9tant la biodiversit\u00e9 des \u00eeles, ce bol n&rsquo;est pas seulement visuellement attrayant, mais aussi un hommage \u00e0 la nature locale. La finition brillante rehausse les tons chauds du marron et du dor\u00e9, cr\u00e9ant un contraste captivant qui transforme chaque pi\u00e8ce en une \u0153uvre d&rsquo;art.<\/p>\n<p>Au centre du bol se trouve grav\u00e9 \u00ab\u00a0Gran Canaria\u00a0\u00bb, ajoutant un \u00e9l\u00e9ment personnalis\u00e9 qui en fait un souvenir id\u00e9al pour ceux qui souhaitent se souvenir de leur visite sur cette \u00eele magnifique. Parfait aussi bien comme \u00e9l\u00e9ment d\u00e9coratif que pour un usage pratique, ce bol encapsule l&rsquo;essence de l&rsquo;artisanat canarien et devient un souvenir authentique de la r\u00e9gion.<\/p>\n<p>Chez Ol\u00e9 Mosaic, nous sommes sp\u00e9cialistes de la distribution de souvenirs en gros et ce bol en noix de coco marron repr\u00e9sente une excellente option pour les boutiques de cadeaux touristiques souhaitant offrir \u00e0 leurs clients un morceau de la culture canarienne. Son authenticit\u00e9 et son design en font un article pertinent et tr\u00e8s recherch\u00e9 sur le march\u00e9.<\/p>\n","protected":false},"excerpt":{"rendered":"<p>Bol en noix de coco marron, \u00e9labor\u00e9 avec la coque de noix de coco, d\u00e9cor\u00e9 d&rsquo;un design complexe repr\u00e9sentant une salamandre, symbole embl\u00e9matique de la Grande Canarie. La finition brillante souligne les tons marron et dor\u00e9s, cr\u00e9ant un contraste attrayant. Au centre, est grav\u00e9 \u00ab\u00a0Gran Canaria\u00a0\u00bb, ajoutant une touche personnalis\u00e9e et distinctive. Id\u00e9al comme \u00e9l\u00e9ment d\u00e9coratif ou pour un usage pratique, ce bol refl\u00e8te la riche culture et la nature des \u00eeles Canaries.<\/p>\n","protected":false},"featured_media":10122,"template":"","meta":{"_acf_changed":false},"product_brand":[],"product_cat":[521],"product_tag":[530],"class_list":{"0":"post-29171","1":"product","2":"type-product","3":"status-publish","4":"has-post-thumbnail","6":"product_cat-bols","7":"product_tag-animaux","8":"pa_ciudad-gran-canaria","9":"pa_motivo-salamandres","10":"pa_pais-espana","12":"first","13":"instock","14":"shipping-taxable","15":"product-type-simple"},"acf":[],"_links":{"self":[{"href":"https:\/\/olemosaic.orbitalia.org\/fr\/wp-json\/wp\/v2\/product\/29171","targetHints":{"allow":["GET"]}}],"collection":[{"href":"https:\/\/olemosaic.orbitalia.org\/fr\/wp-json\/wp\/v2\/product"}],"about":[{"href":"https:\/\/olemosaic.orbitalia.org\/fr\/wp-json\/wp\/v2\/types\/product"}],"wp:featuredmedia":[{"embeddable":true,"href":"https:\/\/olemosaic.orbitalia.org\/fr\/wp-json\/wp\/v2\/media\/10122"}],"wp:attachment":[{"href":"https:\/\/olemosaic.orbitalia.org\/fr\/wp-json\/wp\/v2\/media?parent=29171"}],"wp:term":[{"taxonomy":"product_brand","embeddable":true,"href":"https:\/\/olemosaic.orbitalia.org\/fr\/wp-json\/wp\/v2\/product_brand?post=29171"},{"taxonomy":"product_cat","embeddable":true,"href":"https:\/\/olemosaic.orbitalia.org\/fr\/wp-json\/wp\/v2\/product_cat?post=29171"},{"taxonomy":"product_tag","embeddable":true,"href":"https:\/\/olemosaic.orbitalia.org\/fr\/wp-json\/wp\/v2\/product_tag?post=29171"}],"curies":[{"name":"wp","href":"https:\/\/api.w.org\/{rel}","templated":true}]}}