{"id":29170,"date":"2025-02-20T23:30:46","date_gmt":"2025-02-20T22:30:46","guid":{"rendered":"https:\/\/olemosaic.orbitalia.org\/producto\/bol-de-coco-marron-sardina-lisboa-4\/"},"modified":"2025-07-25T20:08:58","modified_gmt":"2025-07-25T18:08:58","slug":"bol-noix-de-coco-marron-sardine-lisbonne-4","status":"publish","type":"product","link":"https:\/\/olemosaic.orbitalia.org\/fr\/produit\/bol-noix-de-coco-marron-sardine-lisbonne-4\/","title":{"rendered":"Bol en noix de coco marron. Sardine. Lisbonne. Portugal."},"content":{"rendered":"<p>Ce bol en noix de coco marron, inspir\u00e9 par le charmant paysage marin de Lisbonne, est un v\u00e9ritable bijou qui fusionne l&rsquo;art et la culture portugaise en une seule pi\u00e8ce. Fabriqu\u00e9 \u00e0 partir d&rsquo;une coque de noix de coco, cet objet d\u00e9coratif pr\u00e9sente une finition polie qui rehausse ses teintes marron et cr\u00e8me, \u00e9voquant la chaleur et la beaut\u00e9 de la c\u00f4te lisbo\u00e8te. \u00c0 l&rsquo;int\u00e9rieur, un d\u00e9licat motif en mosa\u00efque montre une illustration d&rsquo;une sardine, symbole embl\u00e9matique de la riche gastronomie locale, accompagn\u00e9e du mot \u00ab\u00a0Lisboa\u00a0\u00bb qui c\u00e9l\u00e8bre son origine.<\/p>\n<p>La fusion des nuances dans la mosa\u00efque apporte non seulement une touche esth\u00e9tique, mais refl\u00e8te \u00e9galement la tradition artisanale de la r\u00e9gion. Ce bol ne fonctionne pas seulement comme un \u00e9l\u00e9ment d\u00e9coratif, il sert de souvenir significatif de Lisbonne, rappelant aux touristes la joie et le charme de leur visite. Son design singulier en fait un souvenir parfait pour ceux qui recherchent une pi\u00e8ce authentique repr\u00e9sentant le folklore portugais.<\/p>\n<p>Chez Ol\u00e9 Mosaic, nous nous sp\u00e9cialisons dans la distribution de souvenirs en gros, et ce bol en noix de coco marron est une excellente option pour les boutiques de cadeaux touristiques souhaitant proposer des produits uniques et culturellement pertinents. Ce n&rsquo;est pas seulement un bol, c&rsquo;est un morceau de Lisbonne, id\u00e9al pour ceux qui souhaitent emporter avec eux un souvenir durable de leur exp\u00e9rience dans cette ville embl\u00e9matique.<\/p>\n","protected":false},"excerpt":{"rendered":"<p>Bol en noix de coco marron inspir\u00e9 par le magnifique paysage marin de Lisbonne. Cet objet d\u00e9coratif pr\u00e9sente un motif en mosa\u00efque dans les tons marron et cr\u00e8me, orn\u00e9 d&rsquo;une illustration d&rsquo;une sardine et du mot \u00ab\u00a0Lisboa\u00a0\u00bb \u00e0 l&rsquo;int\u00e9rieur. Fabriqu\u00e9 \u00e0 partir d&rsquo;une coque de noix de coco, il poss\u00e8de une finition polie qui souligne sa beaut\u00e9 naturelle. Une pi\u00e8ce unique qui capture l&rsquo;essence du folklore portugais, id\u00e9ale pour ceux qui recherchent un souvenir authentique.<\/p>\n","protected":false},"featured_media":10326,"template":"","meta":{"_acf_changed":false},"product_brand":[],"product_cat":[521],"product_tag":[530],"class_list":{"0":"post-29170","1":"product","2":"type-product","3":"status-publish","4":"has-post-thumbnail","6":"product_cat-bols","7":"product_tag-animaux","8":"pa_ciudad-lisboa","9":"pa_motivo-sardines","10":"pa_pais-portugal","12":"first","13":"instock","14":"shipping-taxable","15":"product-type-simple"},"acf":[],"_links":{"self":[{"href":"https:\/\/olemosaic.orbitalia.org\/fr\/wp-json\/wp\/v2\/product\/29170","targetHints":{"allow":["GET"]}}],"collection":[{"href":"https:\/\/olemosaic.orbitalia.org\/fr\/wp-json\/wp\/v2\/product"}],"about":[{"href":"https:\/\/olemosaic.orbitalia.org\/fr\/wp-json\/wp\/v2\/types\/product"}],"wp:featuredmedia":[{"embeddable":true,"href":"https:\/\/olemosaic.orbitalia.org\/fr\/wp-json\/wp\/v2\/media\/10326"}],"wp:attachment":[{"href":"https:\/\/olemosaic.orbitalia.org\/fr\/wp-json\/wp\/v2\/media?parent=29170"}],"wp:term":[{"taxonomy":"product_brand","embeddable":true,"href":"https:\/\/olemosaic.orbitalia.org\/fr\/wp-json\/wp\/v2\/product_brand?post=29170"},{"taxonomy":"product_cat","embeddable":true,"href":"https:\/\/olemosaic.orbitalia.org\/fr\/wp-json\/wp\/v2\/product_cat?post=29170"},{"taxonomy":"product_tag","embeddable":true,"href":"https:\/\/olemosaic.orbitalia.org\/fr\/wp-json\/wp\/v2\/product_tag?post=29170"}],"curies":[{"name":"wp","href":"https:\/\/api.w.org\/{rel}","templated":true}]}}