{"id":29169,"date":"2025-02-20T23:30:46","date_gmt":"2025-02-20T22:30:46","guid":{"rendered":"https:\/\/olemosaic.orbitalia.org\/producto\/bol-de-coco-marron-camino-de-santiago-2\/"},"modified":"2025-07-25T20:08:25","modified_gmt":"2025-07-25T18:08:25","slug":"bol-noix-de-coco-marron-chemin-de-compostelle-2","status":"publish","type":"product","link":"https:\/\/olemosaic.orbitalia.org\/fr\/produit\/bol-noix-de-coco-marron-chemin-de-compostelle-2\/","title":{"rendered":"Bol en noix de coco marron. Chemin de Compostelle. Galice."},"content":{"rendered":"<p>Ce bol en noix de coco marron, inspir\u00e9 par l&#8217;embl\u00e9matique Chemin de Compostelle, est un v\u00e9ritable symbole de la riche tradition culturelle espagnole. Son design tr\u00e8s sp\u00e9cial pr\u00e9sente une finition dans les tons marron qui rehausse la texture naturelle de la noix de coco, offrant un aspect \u00e0 la fois rustique et \u00e9l\u00e9gant. Sur sa surface se trouve le c\u00e9l\u00e8bre symbole du chemin, magnifiquement grav\u00e9, ainsi que le texte \u00ab CAMINO DE SANTIAGO \u00bb sur une plaque \u00e9l\u00e9gante qui ajoute une touche de distinction. Ce bol n&rsquo;est pas seulement un objet d\u00e9coratif attrayant, il est aussi fonctionnel, id\u00e9al pour un usage quotidien en cuisine ou comme pi\u00e8ce d\u00e9corative dans n&rsquo;importe quel foyer.<\/p>\n<p>La connexion culturelle de ce souvenir avec la route historique de p\u00e8lerinage est profonde, car le Chemin de Compostelle est un symbole d&rsquo;aventure et de spiritualit\u00e9 depuis des si\u00e8cles. Chaque p\u00e8lerin qui parcourt ce chemin emporte des souvenirs imp\u00e9rissables, et ce bol repr\u00e9sente une merveilleuse fa\u00e7on de ch\u00e9rir ces exp\u00e9riences. Son authenticit\u00e9 en fait un cadeau id\u00e9al pour les touristes \u00e0 la recherche de souvenirs qui ne sont pas seulement d\u00e9coratifs, mais qui racontent aussi une histoire unique.<\/p>\n<p>Chez Ol\u00e9 Mosaic, nous sommes distributeurs de souvenirs en gros, proposant des produits repr\u00e9sentatifs de la culture espagnole, comme ce bol en noix de coco qui encapsule l&rsquo;essence du Chemin de Compostelle. Une excellente option pour les boutiques de cadeaux touristiques \u00e0 la recherche d&rsquo;articles authentiques et significatifs qui raviront leurs clients.<\/p>\n","protected":false},"excerpt":{"rendered":"<p>Bol en noix de coco marron, inspir\u00e9 par l&#8217;embl\u00e9matique Chemin de Compostelle. Ce joli bol pr\u00e9sente un design tr\u00e8s sp\u00e9cial avec une finition dans les tons marron qui souligne sa texture naturelle. D\u00e9cor\u00e9 du c\u00e9l\u00e8bre symbole du chemin, il inclut l&rsquo;inscription \u00ab\u00a0CAMINO DE SANTIAGO\u00a0\u00bb sur une plaque \u00e9l\u00e9gante. Parfait comme objet d\u00e9coratif ou pour un usage quotidien, ce bol allie fonctionnalit\u00e9 et tradition, capturant l&rsquo;essence de cette route historique de p\u00e8lerinage.<\/p>\n","protected":false},"featured_media":10110,"template":"","meta":{"_acf_changed":false},"product_brand":[],"product_cat":[521],"product_tag":[],"class_list":{"0":"post-29169","1":"product","2":"type-product","3":"status-publish","4":"has-post-thumbnail","6":"product_cat-bols","7":"pa_motivo-chemin-saint-jacques","9":"first","10":"instock","11":"shipping-taxable","12":"product-type-simple"},"acf":[],"_links":{"self":[{"href":"https:\/\/olemosaic.orbitalia.org\/fr\/wp-json\/wp\/v2\/product\/29169","targetHints":{"allow":["GET"]}}],"collection":[{"href":"https:\/\/olemosaic.orbitalia.org\/fr\/wp-json\/wp\/v2\/product"}],"about":[{"href":"https:\/\/olemosaic.orbitalia.org\/fr\/wp-json\/wp\/v2\/types\/product"}],"wp:featuredmedia":[{"embeddable":true,"href":"https:\/\/olemosaic.orbitalia.org\/fr\/wp-json\/wp\/v2\/media\/10110"}],"wp:attachment":[{"href":"https:\/\/olemosaic.orbitalia.org\/fr\/wp-json\/wp\/v2\/media?parent=29169"}],"wp:term":[{"taxonomy":"product_brand","embeddable":true,"href":"https:\/\/olemosaic.orbitalia.org\/fr\/wp-json\/wp\/v2\/product_brand?post=29169"},{"taxonomy":"product_cat","embeddable":true,"href":"https:\/\/olemosaic.orbitalia.org\/fr\/wp-json\/wp\/v2\/product_cat?post=29169"},{"taxonomy":"product_tag","embeddable":true,"href":"https:\/\/olemosaic.orbitalia.org\/fr\/wp-json\/wp\/v2\/product_tag?post=29169"}],"curies":[{"name":"wp","href":"https:\/\/api.w.org\/{rel}","templated":true}]}}