{"id":29150,"date":"2025-02-20T22:30:45","date_gmt":"2025-02-20T22:30:45","guid":{"rendered":"https:\/\/olemosaic.orbitalia.org\/producto\/bol-de-coco-marron-ibiscus-2\/"},"modified":"2025-07-25T20:25:13","modified_gmt":"2025-07-25T18:25:13","slug":"bol-noix-de-coco-marron-hibiscus-2","status":"publish","type":"product","link":"https:\/\/olemosaic.orbitalia.org\/fr\/produit\/bol-noix-de-coco-marron-hibiscus-2\/","title":{"rendered":"Bol en noix de coco marron. Hibiscus."},"content":{"rendered":"<p>Ce bol en noix de coco marron, orn\u00e9 d&rsquo;un charmant motif d&rsquo;hibiscus, est une pi\u00e8ce artisanale qui incarne l&rsquo;essence de la beaut\u00e9 naturelle et de la culture tropicale. Avec sa surface dor\u00e9e brillante et une finition craquel\u00e9e sophistiqu\u00e9e, ce bol est un v\u00e9ritable hommage \u00e0 la riche diversit\u00e9 de la flore tropicale. La chaleur de la noix de coco naturelle fusionne avec les tons dor\u00e9s \u00e9l\u00e9gants, cr\u00e9ant un contraste visuel qui souligne sa singularit\u00e9 et son attrait.<\/p>\n<p>Le motif de l&rsquo;hibiscus, l&rsquo;un des symboles les plus embl\u00e9matiques des tropiques, est d\u00e9licatement imprim\u00e9 au centre du bol, ajoutant une touche de fra\u00eecheur et d&rsquo;authenticit\u00e9. Sa forme organique et douce s&rsquo;adapte \u00e0 n&rsquo;importe quelle d\u00e9coration, devenant un excellent centre de table ou un r\u00e9cipient \u00e9l\u00e9gant pour servir des ap\u00e9ritifs. Id\u00e9al pour les \u00e9v\u00e9nements et les r\u00e9unions, sa pr\u00e9sence apporte un air de sophistication et de naturel \u00e0 n&rsquo;importe quel espace.<\/p>\n<p>Ce bol n&rsquo;est pas seulement un souvenir id\u00e9al pour ceux qui cherchent \u00e0 apporter un morceau de culture tropicale dans leur foyer, mais il repr\u00e9sente \u00e9galement un cadeau significatif qui refl\u00e8te l&rsquo;art d\u00e9coratif traditionnel. En tant que distributeur de souvenirs en gros, Ol\u00e9 Mosaic propose des pi\u00e8ces uniques qui c\u00e9l\u00e8brent l&rsquo;artisanat et la culture, faisant de ce bol en noix de coco une excellente option pour les boutiques de cadeaux touristiques \u00e0 la recherche de produits authentiques et repr\u00e9sentatifs.<\/p>\n","protected":false},"excerpt":{"rendered":"<p>Bol en noix de coco marron d\u00e9cor\u00e9 d&rsquo;un \u00e9l\u00e9gant motif d&rsquo;hibiscus. Ce produit artisanal pr\u00e9sente une surface dor\u00e9e brillante avec une subtile finition craquel\u00e9e, combinant la chaleur de la noix de coco naturelle avec la sophistication des tons dor\u00e9s. Id\u00e9al comme centre de table ou pour servir des ap\u00e9ritifs, son design unique rehausse la beaut\u00e9 de la flore tropicale, en faisant un v\u00e9ritable symbole du style naturel et exotique dans l&rsquo;art d\u00e9coratif.<\/p>\n","protected":false},"featured_media":13428,"template":"","meta":{"_acf_changed":false},"product_brand":[],"product_cat":[521],"product_tag":[],"class_list":{"0":"post-29150","1":"product","2":"type-product","3":"status-publish","4":"has-post-thumbnail","6":"product_cat-bols","7":"pa_motivo-hibiscus","9":"first","10":"instock","11":"shipping-taxable","12":"product-type-simple"},"acf":[],"_links":{"self":[{"href":"https:\/\/olemosaic.orbitalia.org\/fr\/wp-json\/wp\/v2\/product\/29150","targetHints":{"allow":["GET"]}}],"collection":[{"href":"https:\/\/olemosaic.orbitalia.org\/fr\/wp-json\/wp\/v2\/product"}],"about":[{"href":"https:\/\/olemosaic.orbitalia.org\/fr\/wp-json\/wp\/v2\/types\/product"}],"wp:featuredmedia":[{"embeddable":true,"href":"https:\/\/olemosaic.orbitalia.org\/fr\/wp-json\/wp\/v2\/media\/13428"}],"wp:attachment":[{"href":"https:\/\/olemosaic.orbitalia.org\/fr\/wp-json\/wp\/v2\/media?parent=29150"}],"wp:term":[{"taxonomy":"product_brand","embeddable":true,"href":"https:\/\/olemosaic.orbitalia.org\/fr\/wp-json\/wp\/v2\/product_brand?post=29150"},{"taxonomy":"product_cat","embeddable":true,"href":"https:\/\/olemosaic.orbitalia.org\/fr\/wp-json\/wp\/v2\/product_cat?post=29150"},{"taxonomy":"product_tag","embeddable":true,"href":"https:\/\/olemosaic.orbitalia.org\/fr\/wp-json\/wp\/v2\/product_tag?post=29150"}],"curies":[{"name":"wp","href":"https:\/\/api.w.org\/{rel}","templated":true}]}}