{"id":29129,"date":"2025-02-20T23:30:44","date_gmt":"2025-02-20T22:30:44","guid":{"rendered":"https:\/\/olemosaic.orbitalia.org\/producto\/bol-de-coco-marron-salamandra-tenerife-2\/"},"modified":"2025-07-25T20:35:34","modified_gmt":"2025-07-25T18:35:34","slug":"bol-noix-de-coco-marron-salamandre-tenerife-fr","status":"publish","type":"product","link":"https:\/\/olemosaic.orbitalia.org\/fr\/produit\/bol-noix-de-coco-marron-salamandre-tenerife-fr\/","title":{"rendered":"Bol en noix de coco marron. Salamandre. Tenerife. Canaries."},"content":{"rendered":"<p>Ce bol en noix de coco marron est une pi\u00e8ce unique qui capture l&rsquo;essence de l&rsquo;artisanat canarien, originaire de Tenerife. Avec un design tr\u00e8s sp\u00e9cial pr\u00e9sentant une salamandre, ce bol est bien plus qu&rsquo;un simple r\u00e9cipient ; c&rsquo;est un v\u00e9ritable symbole de la tradition culturelle des \u00eeles Canaries. \u00c9labor\u00e9 m\u00e9ticuleusement avec des techniques artisanales, le bol montre une belle combinaison de tons marron et beige, avec des d\u00e9tails nacr\u00e9s qui apportent un \u00e9clat subtil \u00e0 sa surface.<\/p>\n<p>Au centre du bol, l&rsquo;inscription \u00ab\u00a0Tenerife\u00a0\u00bb se d\u00e9tache avec \u00e9l\u00e9gance, soulignant sa provenance et faisant de chaque pi\u00e8ce un souvenir repr\u00e9sentatif de l&rsquo;\u00eele. Les motifs de mosa\u00efque qui ornent l&rsquo;int\u00e9rieur ajoutent une touche artistique et contemporaine, le rendant id\u00e9al aussi bien comme pi\u00e8ce d\u00e9corative dans une maison que pour ranger de petits objets.<\/p>\n<p>Ce bol en noix de coco ne met pas seulement en valeur la riche culture de Tenerife, mais symbolise \u00e9galement la connexion avec la nature, repr\u00e9sent\u00e9e ici par la salamandre, un animal autochtone qui vit en harmonie avec son environnement. Chez Ol\u00e9 Mosaic, nous proposons ce bol dans le cadre de notre s\u00e9lection de souvenirs authentiques de Tenerife, id\u00e9al pour les boutiques de cadeaux touristiques qui recherchent des produits refl\u00e9tant la beaut\u00e9 et la culture canariennes. Un excellent souvenir pour les touristes souhaitant emporter un petit morceau de la tradition locale.<\/p>\n","protected":false},"excerpt":{"rendered":"<p>Bol en noix de coco marron d\u00e9cor\u00e9 d&rsquo;un design singulier de salamandre, originaire de Tenerife. Ce bol attrayant, fabriqu\u00e9 artisanalement avec des motifs de mosa\u00efque, pr\u00e9sente une combinaison de tons marron, beige et des d\u00e9tails nacr\u00e9s. Au centre, l&rsquo;inscription \u00ab\u00a0Tenerife\u00a0\u00bb souligne sa provenance. Parfait comme pi\u00e8ce d\u00e9corative ou pour ranger des objets, ce bol ajoute une touche canarienne \u00e0 n&rsquo;importe quel foyer.<\/p>\n","protected":false},"featured_media":10338,"template":"","meta":{"_acf_changed":false},"product_brand":[],"product_cat":[521],"product_tag":[530],"class_list":{"0":"post-29129","1":"product","2":"type-product","3":"status-publish","4":"has-post-thumbnail","6":"product_cat-bols","7":"product_tag-animaux","8":"pa_ciudad-tenerife","9":"pa_motivo-salamandres","10":"pa_pais-espana","12":"first","13":"instock","14":"shipping-taxable","15":"product-type-simple"},"acf":[],"_links":{"self":[{"href":"https:\/\/olemosaic.orbitalia.org\/fr\/wp-json\/wp\/v2\/product\/29129","targetHints":{"allow":["GET"]}}],"collection":[{"href":"https:\/\/olemosaic.orbitalia.org\/fr\/wp-json\/wp\/v2\/product"}],"about":[{"href":"https:\/\/olemosaic.orbitalia.org\/fr\/wp-json\/wp\/v2\/types\/product"}],"wp:featuredmedia":[{"embeddable":true,"href":"https:\/\/olemosaic.orbitalia.org\/fr\/wp-json\/wp\/v2\/media\/10338"}],"wp:attachment":[{"href":"https:\/\/olemosaic.orbitalia.org\/fr\/wp-json\/wp\/v2\/media?parent=29129"}],"wp:term":[{"taxonomy":"product_brand","embeddable":true,"href":"https:\/\/olemosaic.orbitalia.org\/fr\/wp-json\/wp\/v2\/product_brand?post=29129"},{"taxonomy":"product_cat","embeddable":true,"href":"https:\/\/olemosaic.orbitalia.org\/fr\/wp-json\/wp\/v2\/product_cat?post=29129"},{"taxonomy":"product_tag","embeddable":true,"href":"https:\/\/olemosaic.orbitalia.org\/fr\/wp-json\/wp\/v2\/product_tag?post=29129"}],"curies":[{"name":"wp","href":"https:\/\/api.w.org\/{rel}","templated":true}]}}