{"id":29128,"date":"2025-02-20T23:30:44","date_gmt":"2025-02-20T22:30:44","guid":{"rendered":"https:\/\/olemosaic.orbitalia.org\/producto\/bol-de-coco-marron-salamandra-2\/"},"modified":"2025-07-25T20:41:17","modified_gmt":"2025-07-25T18:41:17","slug":"bol-noix-de-coco-marron-salamandre-fr","status":"publish","type":"product","link":"https:\/\/olemosaic.orbitalia.org\/fr\/produit\/bol-noix-de-coco-marron-salamandre-fr\/","title":{"rendered":"Bol en noix de coco marron. Salamandre. Style rustique."},"content":{"rendered":"<p>Ce bol en noix de coco marron est une pi\u00e8ce exceptionnelle qui fusionne fonctionnalit\u00e9 et art, id\u00e9al tant pour la d\u00e9coration que pour un usage quotidien. Fabriqu\u00e9 \u00e0 partir de coques de noix de coco recycl\u00e9es, il pr\u00e9sente un design \u00e9l\u00e9gant qui met en valeur la beaut\u00e9 naturelle du mat\u00e9riau. La technique employ\u00e9e pour sa cr\u00e9ation inclut des fragments dans des tons beige et marron, dispos\u00e9s de mani\u00e8re artisanale pour apporter une touche rustique et authentique. Au centre du bol, se d\u00e9tache une salamandre peinte dans une couleur marron attrayante, symbolisant la connexion avec la nature et la culture locale.<\/p>\n<p>Ce souvenir refl\u00e8te la richesse artisanale de la r\u00e9gion, \u00e9tant une fid\u00e8le repr\u00e9sentation de la biodiversit\u00e9 qui caract\u00e9rise de nombreuses zones d&rsquo;Espagne et du Portugal. La salamandre, en tant que symbole culturel, fait allusion \u00e0 l&rsquo;adaptabilit\u00e9 et \u00e0 la transformation, ajoutant de la valeur \u00e0 cet article. Ce bol n&rsquo;est pas seulement d\u00e9coratif, il peut \u00e9galement \u00eatre utilis\u00e9 pour servir des ap\u00e9ritifs ou comme objet de d\u00e9coration dans n&rsquo;importe quel environnement.<\/p>\n<p>Chez Ol\u00e9 Mosaic, nous proposons des produits authentiques qui capturent l&rsquo;essence culturelle de la p\u00e9ninsule ib\u00e9rique. Ce bol en noix de coco marron au design de salamandre est parfait pour les boutiques de cadeaux touristiques \u00e0 la recherche de souvenirs uniques et significatifs. En tant que grossistes d&rsquo;articles artisanaux, nous garantissons la qualit\u00e9 et l&rsquo;originalit\u00e9 de chaque pi\u00e8ce, assurant que chaque client emporte un morceau de tradition \u00e0 c\u00e9l\u00e9brer.<\/p>\n","protected":false},"excerpt":{"rendered":"<p>Bol en noix de coco marron avec un design \u00e9l\u00e9gant de salamandre, id\u00e9al pour la d\u00e9coration ou un usage quotidien. Cet article est fabriqu\u00e9 \u00e0 partir de coques de noix de coco, avec une technique artisanale incluant des fragments dans des tons beige et marron, apportant une touche rustique. Au centre, se distingue la repr\u00e9sentation d&rsquo;une salamandre peinte en marron, fusionnant esth\u00e9tique et culture. Un souvenir authentique qui refl\u00e8te la richesse de l&rsquo;artisanat.<\/p>\n","protected":false},"featured_media":10282,"template":"","meta":{"_acf_changed":false},"product_brand":[],"product_cat":[521],"product_tag":[530],"class_list":{"0":"post-29128","1":"product","2":"type-product","3":"status-publish","4":"has-post-thumbnail","6":"product_cat-bols","7":"product_tag-animaux","8":"pa_motivo-salamandres","10":"first","11":"instock","12":"shipping-taxable","13":"product-type-simple"},"acf":[],"_links":{"self":[{"href":"https:\/\/olemosaic.orbitalia.org\/fr\/wp-json\/wp\/v2\/product\/29128","targetHints":{"allow":["GET"]}}],"collection":[{"href":"https:\/\/olemosaic.orbitalia.org\/fr\/wp-json\/wp\/v2\/product"}],"about":[{"href":"https:\/\/olemosaic.orbitalia.org\/fr\/wp-json\/wp\/v2\/types\/product"}],"wp:featuredmedia":[{"embeddable":true,"href":"https:\/\/olemosaic.orbitalia.org\/fr\/wp-json\/wp\/v2\/media\/10282"}],"wp:attachment":[{"href":"https:\/\/olemosaic.orbitalia.org\/fr\/wp-json\/wp\/v2\/media?parent=29128"}],"wp:term":[{"taxonomy":"product_brand","embeddable":true,"href":"https:\/\/olemosaic.orbitalia.org\/fr\/wp-json\/wp\/v2\/product_brand?post=29128"},{"taxonomy":"product_cat","embeddable":true,"href":"https:\/\/olemosaic.orbitalia.org\/fr\/wp-json\/wp\/v2\/product_cat?post=29128"},{"taxonomy":"product_tag","embeddable":true,"href":"https:\/\/olemosaic.orbitalia.org\/fr\/wp-json\/wp\/v2\/product_tag?post=29128"}],"curies":[{"name":"wp","href":"https:\/\/api.w.org\/{rel}","templated":true}]}}