{"id":29125,"date":"2025-02-20T22:30:43","date_gmt":"2025-02-20T22:30:43","guid":{"rendered":"https:\/\/olemosaic.orbitalia.org\/producto\/bol-de-coco-marron-tenerife\/"},"modified":"2025-07-25T19:04:40","modified_gmt":"2025-07-25T17:04:40","slug":"bol-noix-de-coco-marron-tenerife","status":"publish","type":"product","link":"https:\/\/olemosaic.orbitalia.org\/fr\/produit\/bol-noix-de-coco-marron-tenerife\/","title":{"rendered":"Bol en noix de coco marron. Tenerife."},"content":{"rendered":"<p>Ce bol en noix de coco marron est une pi\u00e8ce exquise faite \u00e0 la main qui capture l&rsquo;essence des traditions artisanales de Tenerife. Fabriqu\u00e9 \u00e0 partir de coques de noix de coco recycl\u00e9es, il pr\u00e9sente un design complexe \u00e0 l&rsquo;int\u00e9rieur, o\u00f9 une finition dor\u00e9e rehausse les motifs naturels de la coque, cr\u00e9ant une \u0153uvre d&rsquo;art qui refl\u00e8te la beaut\u00e9 de la nature canarienne. Au centre est grav\u00e9e la silhouette de l&rsquo;\u00eele de Tenerife, ce qui en fait un souvenir parfait et significatif de cette belle r\u00e9gion.<\/p>\n<p>Le bol n&rsquo;est pas seulement fonctionnel, id\u00e9al pour servir des aliments ou d\u00e9corer un espace, mais il sert \u00e9galement d&rsquo;\u00e9l\u00e9ment d\u00e9coratif, gr\u00e2ce \u00e0 son design artisanal unique. Avec une finition qui capte la lumi\u00e8re de mani\u00e8re enchanteresse, c&rsquo;est une excellente option pour ceux qui recherchent un souvenir authentique qui leur rappellera leur visite aux \u00eeles Canaries.<\/p>\n<p>Chez Ol\u00e9 Mosaic, nous proposons une vari\u00e9t\u00e9 de souvenirs de Tenerife, y compris ce bol en noix de coco, dans le cadre de notre engagement \u00e0 distribuer des produits qui repr\u00e9sentent la richesse culturelle de l&rsquo;Espagne. Ce bol est un choix id\u00e9al pour les boutiques de cadeaux touristiques \u00e0 la recherche d&rsquo;articles authentiques et de qualit\u00e9 pour leurs clients. En tant que grossiste d&rsquo;artisanat canarien, nous garantissons que chaque pi\u00e8ce est un t\u00e9moignage du patrimoine et de la cr\u00e9ativit\u00e9 de l&rsquo;artisan.<\/p>\n","protected":false},"excerpt":{"rendered":"<p>Bol en noix de coco marron fait \u00e0 la main, inspir\u00e9 des traditions artisanales de Tenerife. Ce bol singulier pr\u00e9sente un design complexe \u00e0 l&rsquo;int\u00e9rieur, avec une finition dor\u00e9e qui souligne les d\u00e9licats motifs naturels de la coque de noix de coco. Au centre se trouve grav\u00e9e la silhouette de l&rsquo;\u00eele de Tenerife, ce qui en fait un souvenir parfait de cette belle r\u00e9gion. Id\u00e9al pour d\u00e9corer n&rsquo;importe quel espace ou comme cadeau authentique.<\/p>\n","protected":false},"featured_media":10107,"template":"","meta":{"_acf_changed":false},"product_brand":[],"product_cat":[521],"product_tag":[],"class_list":{"0":"post-29125","1":"product","2":"type-product","3":"status-publish","4":"has-post-thumbnail","6":"product_cat-bols","7":"pa_ciudad-tenerife","8":"pa_pais-espana","10":"first","11":"instock","12":"shipping-taxable","13":"product-type-simple"},"acf":[],"_links":{"self":[{"href":"https:\/\/olemosaic.orbitalia.org\/fr\/wp-json\/wp\/v2\/product\/29125","targetHints":{"allow":["GET"]}}],"collection":[{"href":"https:\/\/olemosaic.orbitalia.org\/fr\/wp-json\/wp\/v2\/product"}],"about":[{"href":"https:\/\/olemosaic.orbitalia.org\/fr\/wp-json\/wp\/v2\/types\/product"}],"wp:featuredmedia":[{"embeddable":true,"href":"https:\/\/olemosaic.orbitalia.org\/fr\/wp-json\/wp\/v2\/media\/10107"}],"wp:attachment":[{"href":"https:\/\/olemosaic.orbitalia.org\/fr\/wp-json\/wp\/v2\/media?parent=29125"}],"wp:term":[{"taxonomy":"product_brand","embeddable":true,"href":"https:\/\/olemosaic.orbitalia.org\/fr\/wp-json\/wp\/v2\/product_brand?post=29125"},{"taxonomy":"product_cat","embeddable":true,"href":"https:\/\/olemosaic.orbitalia.org\/fr\/wp-json\/wp\/v2\/product_cat?post=29125"},{"taxonomy":"product_tag","embeddable":true,"href":"https:\/\/olemosaic.orbitalia.org\/fr\/wp-json\/wp\/v2\/product_tag?post=29125"}],"curies":[{"name":"wp","href":"https:\/\/api.w.org\/{rel}","templated":true}]}}