{"id":29124,"date":"2025-02-20T23:30:43","date_gmt":"2025-02-20T22:30:43","guid":{"rendered":"https:\/\/olemosaic.orbitalia.org\/producto\/bol-de-coco-marron-abanico-2\/"},"modified":"2025-07-25T20:21:01","modified_gmt":"2025-07-25T18:21:01","slug":"bol-noix-de-coco-marron-eventail-style-rustique","status":"publish","type":"product","link":"https:\/\/olemosaic.orbitalia.org\/fr\/produit\/bol-noix-de-coco-marron-eventail-style-rustique\/","title":{"rendered":"Bol en noix de coco marron. \u00c9ventail. Style rustique."},"content":{"rendered":"<p>Ce bol en noix de coco marron est un v\u00e9ritable bijou qui capture l&rsquo;essence de la c\u00f4te espagnole, id\u00e9al pour ceux qui recherchent un souvenir unique et repr\u00e9sentatif de la tradition artisanale m\u00e9diterran\u00e9enne. Fabriqu\u00e9 \u00e0 partir de coque de noix de coco, cet \u00e9l\u00e9gant bol pr\u00e9sente une finition brillante dans des tons marron et dor\u00e9s qui rehaussent sa beaut\u00e9 naturelle. Au centre se d\u00e9tache un d\u00e9licat motif en forme de coquillage, symbole embl\u00e9matique des plages espagnoles, qui ajoute une touche distinctive et culturelle \u00e0 la pi\u00e8ce. Chaque bol est m\u00e9ticuleusement \u00e9labor\u00e9, garantissant qu&rsquo;il n&rsquo;y en a pas deux exactement identiques, ce qui renforce son authenticit\u00e9 et sa valeur.<\/p>\n<p>Avec un design qui \u00e9voque les \u00e9cosyst\u00e8mes marins et la vie c\u00f4ti\u00e8re, ce bol n&rsquo;est pas seulement parfait pour d\u00e9corer la maison, mais il peut \u00e9galement \u00eatre utilis\u00e9 pour servir des ap\u00e9ritifs ou comme objet de rangement. Sa forme ronde et douce s&rsquo;adapte \u00e0 toutes les d\u00e9corations, apportant un air d&rsquo;\u00e9l\u00e9gance et de tradition.<\/p>\n<p>Ce bol en noix de coco marron est un souvenir id\u00e9al pour les touristes \u00e0 la recherche de souvenirs de qualit\u00e9 refl\u00e9tant la riche culture espagnole. Chez Ol\u00e9 Mosaic, nous nous sp\u00e9cialisons dans la distribution de souvenirs en gros, et ce bol est une excellente option pour les boutiques de cadeaux touristiques qui appr\u00e9cient l&rsquo;artisanat et l&rsquo;authenticit\u00e9 de leurs produits. En tant que grossistes d&rsquo;articles traditionnels, nous garantissons que chaque pi\u00e8ce que nous proposons est un reflet fid\u00e8le de la richesse culturelle de la r\u00e9gion.<\/p>\n","protected":false},"excerpt":{"rendered":"<p>Bol en noix de coco marron d\u00e9cor\u00e9 de motifs complexes \u00e9voquant l&rsquo;essence de la c\u00f4te espagnole. Cet \u00e9l\u00e9gant bol, fabriqu\u00e9 avec de la coque de noix de coco, pr\u00e9sente une finition brillante dans des tons marron et dor\u00e9s. Au centre se d\u00e9tache un motif en forme de coquillage, qui ajoute une touche distinctive et culturelle, id\u00e9al pour des usages d\u00e9coratifs ou pratiques. Parfait pour ceux qui recherchent un souvenir refl\u00e9tant la tradition artisanale de la M\u00e9diterran\u00e9e.<\/p>\n","protected":false},"featured_media":10095,"template":"","meta":{"_acf_changed":false},"product_brand":[],"product_cat":[521],"product_tag":[],"class_list":{"0":"post-29124","1":"product","2":"type-product","3":"status-publish","4":"has-post-thumbnail","6":"product_cat-bols","8":"first","9":"instock","10":"shipping-taxable","11":"product-type-simple"},"acf":[],"_links":{"self":[{"href":"https:\/\/olemosaic.orbitalia.org\/fr\/wp-json\/wp\/v2\/product\/29124","targetHints":{"allow":["GET"]}}],"collection":[{"href":"https:\/\/olemosaic.orbitalia.org\/fr\/wp-json\/wp\/v2\/product"}],"about":[{"href":"https:\/\/olemosaic.orbitalia.org\/fr\/wp-json\/wp\/v2\/types\/product"}],"wp:featuredmedia":[{"embeddable":true,"href":"https:\/\/olemosaic.orbitalia.org\/fr\/wp-json\/wp\/v2\/media\/10095"}],"wp:attachment":[{"href":"https:\/\/olemosaic.orbitalia.org\/fr\/wp-json\/wp\/v2\/media?parent=29124"}],"wp:term":[{"taxonomy":"product_brand","embeddable":true,"href":"https:\/\/olemosaic.orbitalia.org\/fr\/wp-json\/wp\/v2\/product_brand?post=29124"},{"taxonomy":"product_cat","embeddable":true,"href":"https:\/\/olemosaic.orbitalia.org\/fr\/wp-json\/wp\/v2\/product_cat?post=29124"},{"taxonomy":"product_tag","embeddable":true,"href":"https:\/\/olemosaic.orbitalia.org\/fr\/wp-json\/wp\/v2\/product_tag?post=29124"}],"curies":[{"name":"wp","href":"https:\/\/api.w.org\/{rel}","templated":true}]}}