{"id":29122,"date":"2025-02-20T23:30:43","date_gmt":"2025-02-20T22:30:43","guid":{"rendered":"https:\/\/olemosaic.orbitalia.org\/producto\/bol-de-coco-marron-mallorca\/"},"modified":"2025-07-25T19:58:04","modified_gmt":"2025-07-25T17:58:04","slug":"bol-noix-de-coco-marron-majorque","status":"publish","type":"product","link":"https:\/\/olemosaic.orbitalia.org\/fr\/produit\/bol-noix-de-coco-marron-majorque\/","title":{"rendered":"Bol en noix de coco marron. Majorque."},"content":{"rendered":"<p>Ce bol en noix de coco marron, un souvenir artisanal exquis de Majorque, est con\u00e7u pour refl\u00e9ter la beaut\u00e9 authentique de la M\u00e9diterran\u00e9e. D\u00e9cor\u00e9 \u00e0 la main avec de la noix de coco naturelle, il se distingue par son \u00e9l\u00e9gante forme ovale et sa finition complexe aux tons dor\u00e9s, qui rehaussent sa beaut\u00e9 organique et distinctive. Au centre, une d\u00e9licate inscription \u00ab Mallorca \u00bb renforce sa provenance, faisant de ce bol le souvenir parfait de l&rsquo;\u00eele des Bal\u00e9ares.<\/p>\n<p>Les motifs dor\u00e9s complexes qui ornent la surface du bol ne sont pas seulement un hommage \u00e0 la riche tradition artisanale de Majorque, mais ils captent \u00e9galement la lumi\u00e8re de mani\u00e8re enchanteresse, cr\u00e9ant un \u00e9clat chaleureux qui ajoute une touche d\u00e9corative \u00e0 n&rsquo;importe quel espace. Sa fonctionnalit\u00e9 est compl\u00e9t\u00e9e par son esth\u00e9tique, car il peut \u00eatre utilis\u00e9 aussi bien pour servir que pour embellir une maison, devenant ainsi un \u00e9l\u00e9ment d\u00e9coratif tr\u00e8s polyvalent.<\/p>\n<p>En tant que distributeur de souvenirs en gros, Ol\u00e9 Mosaic est fier de proposer des produits authentiques qui c\u00e9l\u00e8brent la culture locale. Ce bol en noix de coco est une excellente option pour les boutiques de cadeaux touristiques \u00e0 la recherche de souvenirs m\u00e9morables et de qualit\u00e9, mettant en valeur la richesse de l&rsquo;h\u00e9ritage majorquin et sa connexion avec la nature.<\/p>\n","protected":false},"excerpt":{"rendered":"<p>Bol en noix de coco marron, fabriqu\u00e9 artisanalement \u00e0 Majorque. Ce bol distinctif, fait de noix de coco naturelle, est d\u00e9cor\u00e9 d&rsquo;un motif complexe aux tons dor\u00e9s qui souligne sa beaut\u00e9 organique. Au centre figure l&rsquo;inscription \u00ab Mallorca \u00bb, qui souligne sa provenance. Avec sa forme ovale et l&rsquo;\u00e9l\u00e9gance de ses d\u00e9tails, ce bol est parfait pour un usage d\u00e9coratif ou fonctionnel, capturant l&rsquo;essence m\u00e9diterran\u00e9enne.<\/p>\n","protected":false},"featured_media":10099,"template":"","meta":{"_acf_changed":false},"product_brand":[],"product_cat":[521],"product_tag":[],"class_list":{"0":"post-29122","1":"product","2":"type-product","3":"status-publish","4":"has-post-thumbnail","6":"product_cat-bols","7":"pa_ciudad-mallorca","8":"pa_pais-espana","10":"first","11":"instock","12":"shipping-taxable","13":"product-type-simple"},"acf":[],"_links":{"self":[{"href":"https:\/\/olemosaic.orbitalia.org\/fr\/wp-json\/wp\/v2\/product\/29122","targetHints":{"allow":["GET"]}}],"collection":[{"href":"https:\/\/olemosaic.orbitalia.org\/fr\/wp-json\/wp\/v2\/product"}],"about":[{"href":"https:\/\/olemosaic.orbitalia.org\/fr\/wp-json\/wp\/v2\/types\/product"}],"wp:featuredmedia":[{"embeddable":true,"href":"https:\/\/olemosaic.orbitalia.org\/fr\/wp-json\/wp\/v2\/media\/10099"}],"wp:attachment":[{"href":"https:\/\/olemosaic.orbitalia.org\/fr\/wp-json\/wp\/v2\/media?parent=29122"}],"wp:term":[{"taxonomy":"product_brand","embeddable":true,"href":"https:\/\/olemosaic.orbitalia.org\/fr\/wp-json\/wp\/v2\/product_brand?post=29122"},{"taxonomy":"product_cat","embeddable":true,"href":"https:\/\/olemosaic.orbitalia.org\/fr\/wp-json\/wp\/v2\/product_cat?post=29122"},{"taxonomy":"product_tag","embeddable":true,"href":"https:\/\/olemosaic.orbitalia.org\/fr\/wp-json\/wp\/v2\/product_tag?post=29122"}],"curies":[{"name":"wp","href":"https:\/\/api.w.org\/{rel}","templated":true}]}}