{"id":29120,"date":"2025-02-20T22:30:43","date_gmt":"2025-02-20T22:30:43","guid":{"rendered":"https:\/\/olemosaic.orbitalia.org\/producto\/bol-de-coco-marron-caballito-de-mar-mallorca\/"},"modified":"2025-07-25T18:57:49","modified_gmt":"2025-07-25T16:57:49","slug":"bol-noix-de-coco-marron-hippocampe-majorque","status":"publish","type":"product","link":"https:\/\/olemosaic.orbitalia.org\/fr\/produit\/bol-noix-de-coco-marron-hippocampe-majorque\/","title":{"rendered":"Bol en noix de coco marron. Hippocampe. Majorque."},"content":{"rendered":"<p>Ce bol en noix de coco marron est un article charmant qui capture l&rsquo;essence des eaux de Majorque. Avec un design exclusif, ce souvenir pr\u00e9sente un \u00e9l\u00e9gant hippocampe, symbole de la beaut\u00e9 marine qui entoure l&rsquo;\u00eele. La surface du bol, d\u00e9cor\u00e9e de traits dor\u00e9s entrelac\u00e9s, cr\u00e9e une texture unique qui refl\u00e8te la lumi\u00e8re de mani\u00e8re captivante, offrant un aspect artisanal et raffin\u00e9. \u00c0 l&rsquo;int\u00e9rieur, l&rsquo;inscription \u00ab MAJORQUE \u00bb ressort, \u00e9voquant les paysages c\u00f4tiers vibrants et la riche culture m\u00e9diterran\u00e9enne.<\/p>\n<p>La combinaison de couleurs terre et de d\u00e9tails dor\u00e9s brillants fait de ce bol en noix de coco un objet \u00e0 la fois fonctionnel et d\u00e9coratif. Il est parfait pour \u00eatre expos\u00e9 dans la maison, ajoutant une touche de style insulaire \u00e0 n&rsquo;importe quel espace. De plus, son design symbolise le lien avec la nature, faisant de ce bol un excellent souvenir pour ceux qui souhaitent emporter un morceau de la magie de Majorque.<\/p>\n<p>Chez Ol\u00e9 Mosaic, nous nous sp\u00e9cialisons dans la distribution de souvenirs en gros, et cette pi\u00e8ce est un choix id\u00e9al pour les boutiques de cadeaux touristiques qui cherchent \u00e0 offrir \u00e0 leurs clients un produit authentique et repr\u00e9sentatif des merveilles de l&rsquo;\u00eele. Ce bol en noix de coco est un v\u00e9ritable tr\u00e9sor qui souligne l&rsquo;essence du charme m\u00e9diterran\u00e9en et de la cr\u00e9ativit\u00e9 artisanale.<\/p>\n","protected":false},"excerpt":{"rendered":"<p>Bol en noix de coco marron avec un design exclusif repr\u00e9sentant un hippocampe, symbole des eaux majorquines. Cet article charmant est d\u00e9cor\u00e9 de traits dor\u00e9s sur un fond marron clair, cr\u00e9ant une texture unique. \u00c0 l&rsquo;int\u00e9rieur, l&rsquo;inscription \u00ab\u00a0MAJORQUE\u00a0\u00bb se d\u00e9tache, \u00e9voquant l&rsquo;ambiance marine de l&rsquo;\u00eele. Sa finition artistique en fait un souvenir id\u00e9al qui capture l&rsquo;essence de la culture m\u00e9diterran\u00e9enne.<\/p>\n","protected":false},"featured_media":10134,"template":"","meta":{"_acf_changed":false},"product_brand":[],"product_cat":[521],"product_tag":[530],"class_list":{"0":"post-29120","1":"product","2":"type-product","3":"status-publish","4":"has-post-thumbnail","6":"product_cat-bols","7":"product_tag-animaux","8":"pa_ciudad-mallorca","9":"pa_motivo-hippocampes","10":"pa_pais-espana","12":"first","13":"instock","14":"shipping-taxable","15":"product-type-simple"},"acf":[],"_links":{"self":[{"href":"https:\/\/olemosaic.orbitalia.org\/fr\/wp-json\/wp\/v2\/product\/29120","targetHints":{"allow":["GET"]}}],"collection":[{"href":"https:\/\/olemosaic.orbitalia.org\/fr\/wp-json\/wp\/v2\/product"}],"about":[{"href":"https:\/\/olemosaic.orbitalia.org\/fr\/wp-json\/wp\/v2\/types\/product"}],"wp:featuredmedia":[{"embeddable":true,"href":"https:\/\/olemosaic.orbitalia.org\/fr\/wp-json\/wp\/v2\/media\/10134"}],"wp:attachment":[{"href":"https:\/\/olemosaic.orbitalia.org\/fr\/wp-json\/wp\/v2\/media?parent=29120"}],"wp:term":[{"taxonomy":"product_brand","embeddable":true,"href":"https:\/\/olemosaic.orbitalia.org\/fr\/wp-json\/wp\/v2\/product_brand?post=29120"},{"taxonomy":"product_cat","embeddable":true,"href":"https:\/\/olemosaic.orbitalia.org\/fr\/wp-json\/wp\/v2\/product_cat?post=29120"},{"taxonomy":"product_tag","embeddable":true,"href":"https:\/\/olemosaic.orbitalia.org\/fr\/wp-json\/wp\/v2\/product_tag?post=29120"}],"curies":[{"name":"wp","href":"https:\/\/api.w.org\/{rel}","templated":true}]}}