{"id":29119,"date":"2025-02-20T22:30:42","date_gmt":"2025-02-20T22:30:42","guid":{"rendered":"https:\/\/olemosaic.orbitalia.org\/producto\/bol-de-coco-marron-salamandra-tenerife\/"},"modified":"2025-07-25T19:19:45","modified_gmt":"2025-07-25T17:19:45","slug":"bol-noix-de-coco-marron-salamandre-tenerife","status":"publish","type":"product","link":"https:\/\/olemosaic.orbitalia.org\/fr\/produit\/bol-noix-de-coco-marron-salamandre-tenerife\/","title":{"rendered":"Bol en noix de coco marron. Salamandre. Tenerife."},"content":{"rendered":"<p>Ce bol en noix de coco marron est un souvenir \u00e9l\u00e9gant et distinctif de Tenerife qui capture l&rsquo;essence de la faune canarienne. \u00c9labor\u00e9 avec une authentique coque de noix de coco, il pr\u00e9sente une finition brillante dans des tons dor\u00e9s qui refl\u00e8tent la chaleur et la splendeur de l&rsquo;\u00eele. Son design complexe, avec un motif textur\u00e9, est non seulement visuellement attrayant, mais \u00e9voque \u00e9galement l&rsquo;environnement naturel de Tenerife. Au centre du bol, le mot \u00ab\u00a0TENERIFE\u00a0\u00bb se d\u00e9tache, imprim\u00e9 de mani\u00e8re claire, ajoutant une touche personnelle et authentique \u00e0 cette pi\u00e8ce unique.<\/p>\n<p>L&rsquo;illustration de la salamandre, symbole repr\u00e9sentatif de la faune locale, met en valeur la riche biodiversit\u00e9 de l&rsquo;archipel canarien et relie ce souvenir \u00e0 la culture et au patrimoine naturel de la r\u00e9gion. Ce bol n&rsquo;est pas seulement parfait pour la d\u00e9coration, mais aussi comme pi\u00e8ce de collection, id\u00e9al pour ceux qui souhaitent ramener un morceau de Tenerife chez eux.<\/p>\n<p>Chez Ol\u00e9 Mosaic, nous sommes distributeurs de souvenirs en gros et ce bol en noix de coco marron est une excellente option pour les boutiques de cadeaux touristiques \u00e0 la recherche de produits authentiques et significatifs. Son design exclusif et sa pertinence culturelle en font un souvenir parfait pour les visiteurs de l&rsquo;\u00eele qui souhaitent se souvenir de leur exp\u00e9rience \u00e0 Tenerife.<\/p>\n","protected":false},"excerpt":{"rendered":"<p>Bol en noix de coco marron, d\u00e9cor\u00e9 d&rsquo;un \u00e9l\u00e9gant design de salamandre repr\u00e9sentant la faune de Tenerife. Ce bol distinctif, fabriqu\u00e9 en coque de noix de coco, pr\u00e9sente une finition brillante dans des tons dor\u00e9s et un motif de texture complexe qui refl\u00e8te la chaleur de l&rsquo;\u00eele. Le mot \u00ab\u00a0TENERIFE\u00a0\u00bb ressort au centre, ajoutant une touche personnelle qui en fait un souvenir id\u00e9al. Parfait pour la d\u00e9coration ou comme pi\u00e8ce de collection.<\/p>\n","protected":false},"featured_media":10126,"template":"","meta":{"_acf_changed":false},"product_brand":[],"product_cat":[521],"product_tag":[530],"class_list":{"0":"post-29119","1":"product","2":"type-product","3":"status-publish","4":"has-post-thumbnail","6":"product_cat-bols","7":"product_tag-animaux","8":"pa_ciudad-tenerife","9":"pa_motivo-salamandres","10":"pa_pais-espana","12":"first","13":"instock","14":"shipping-taxable","15":"product-type-simple"},"acf":[],"_links":{"self":[{"href":"https:\/\/olemosaic.orbitalia.org\/fr\/wp-json\/wp\/v2\/product\/29119","targetHints":{"allow":["GET"]}}],"collection":[{"href":"https:\/\/olemosaic.orbitalia.org\/fr\/wp-json\/wp\/v2\/product"}],"about":[{"href":"https:\/\/olemosaic.orbitalia.org\/fr\/wp-json\/wp\/v2\/types\/product"}],"wp:featuredmedia":[{"embeddable":true,"href":"https:\/\/olemosaic.orbitalia.org\/fr\/wp-json\/wp\/v2\/media\/10126"}],"wp:attachment":[{"href":"https:\/\/olemosaic.orbitalia.org\/fr\/wp-json\/wp\/v2\/media?parent=29119"}],"wp:term":[{"taxonomy":"product_brand","embeddable":true,"href":"https:\/\/olemosaic.orbitalia.org\/fr\/wp-json\/wp\/v2\/product_brand?post=29119"},{"taxonomy":"product_cat","embeddable":true,"href":"https:\/\/olemosaic.orbitalia.org\/fr\/wp-json\/wp\/v2\/product_cat?post=29119"},{"taxonomy":"product_tag","embeddable":true,"href":"https:\/\/olemosaic.orbitalia.org\/fr\/wp-json\/wp\/v2\/product_tag?post=29119"}],"curies":[{"name":"wp","href":"https:\/\/api.w.org\/{rel}","templated":true}]}}