{"id":29117,"date":"2025-02-20T23:30:42","date_gmt":"2025-02-20T22:30:42","guid":{"rendered":"https:\/\/olemosaic.orbitalia.org\/producto\/bol-de-coco-marron-delfin-mallorca\/"},"modified":"2025-07-25T19:11:28","modified_gmt":"2025-07-25T17:11:28","slug":"bol-noix-de-coco-marron-dauphin-majorque","status":"publish","type":"product","link":"https:\/\/olemosaic.orbitalia.org\/fr\/produit\/bol-noix-de-coco-marron-dauphin-majorque\/","title":{"rendered":"Bol en noix de coco marron. Dauphin. Majorque."},"content":{"rendered":"<p>Ce bol en noix de coco marron est un v\u00e9ritable tr\u00e9sor majorquin, con\u00e7u avec un motif int\u00e9rieur exquis repr\u00e9sentant un dauphin, symbole distinctif de la beaut\u00e9 marine et du charme de la M\u00e9diterran\u00e9e. Chaque bol est fabriqu\u00e9 \u00e0 partir de coques de noix de coco, ce qui, en plus d&rsquo;\u00eatre \u00e9cologique, souligne le savoir-faire artisanal de l&rsquo;\u00eele. La finition dor\u00e9e \u00e0 l&rsquo;int\u00e9rieur ajoute une touche d&rsquo;\u00e9l\u00e9gance, \u00e9quilibrant la rusticit\u00e9 de l&rsquo;ext\u00e9rieur avec la sophistication de son design. Les d\u00e9tails peints \u00e0 la main, qui d\u00e9limitent le dauphin et d&rsquo;autres \u00e9l\u00e9ments, \u00e9voquent la riche biodiversit\u00e9 des eaux de Majorque, rendant chaque pi\u00e8ce unique. Ce bol n&rsquo;est pas seulement une excellente option pour servir ou pr\u00e9senter des aliments, mais il c\u00e9l\u00e8bre \u00e9galement le lien culturel de l&rsquo;\u00eele avec la mer et ses habitants. Chez Ol\u00e9 Mosaic, nous sommes fiers de proposer des souvenirs authentiques qui refl\u00e8tent l&rsquo;essence locale, et ce bol en noix de coco est un exemple parfait pour ceux qui recherchent des souvenirs distinctifs de Majorque. Id\u00e9al pour les touristes et les boutiques de cadeaux, ce bol se distingue comme un souvenir alliant fonctionnalit\u00e9 et beaut\u00e9, garantissant que chaque client emporte avec lui un morceau de la mer des Bal\u00e9ares.<\/p>\n","protected":false},"excerpt":{"rendered":"<p>Bol en noix de coco marron d\u00e9cor\u00e9 d&rsquo;un \u00e9l\u00e9gant design int\u00e9rieur repr\u00e9sentant un dauphin, symbole de la beaut\u00e9 de la mer de Majorque. Ce magnifique bol, fabriqu\u00e9 \u00e0 partir de coques de noix de coco, pr\u00e9sente une finition dor\u00e9e qui souligne son caract\u00e8re artisanal. La technique appliqu\u00e9e inclut des d\u00e9tails peints \u00e0 la main qui lui conf\u00e8rent une touche distinctive, en faisant un souvenir attrayant qui \u00e9voque le charme m\u00e9diterran\u00e9en et la vie marine de l&rsquo;\u00eele.<\/p>\n","protected":false},"featured_media":10146,"template":"","meta":{"_acf_changed":false},"product_brand":[],"product_cat":[521],"product_tag":[530],"class_list":{"0":"post-29117","1":"product","2":"type-product","3":"status-publish","4":"has-post-thumbnail","6":"product_cat-bols","7":"product_tag-animaux","8":"pa_ciudad-mallorca","9":"pa_motivo-dauphins","10":"pa_pais-espana","12":"first","13":"instock","14":"shipping-taxable","15":"product-type-simple"},"acf":[],"_links":{"self":[{"href":"https:\/\/olemosaic.orbitalia.org\/fr\/wp-json\/wp\/v2\/product\/29117","targetHints":{"allow":["GET"]}}],"collection":[{"href":"https:\/\/olemosaic.orbitalia.org\/fr\/wp-json\/wp\/v2\/product"}],"about":[{"href":"https:\/\/olemosaic.orbitalia.org\/fr\/wp-json\/wp\/v2\/types\/product"}],"wp:featuredmedia":[{"embeddable":true,"href":"https:\/\/olemosaic.orbitalia.org\/fr\/wp-json\/wp\/v2\/media\/10146"}],"wp:attachment":[{"href":"https:\/\/olemosaic.orbitalia.org\/fr\/wp-json\/wp\/v2\/media?parent=29117"}],"wp:term":[{"taxonomy":"product_brand","embeddable":true,"href":"https:\/\/olemosaic.orbitalia.org\/fr\/wp-json\/wp\/v2\/product_brand?post=29117"},{"taxonomy":"product_cat","embeddable":true,"href":"https:\/\/olemosaic.orbitalia.org\/fr\/wp-json\/wp\/v2\/product_cat?post=29117"},{"taxonomy":"product_tag","embeddable":true,"href":"https:\/\/olemosaic.orbitalia.org\/fr\/wp-json\/wp\/v2\/product_tag?post=29117"}],"curies":[{"name":"wp","href":"https:\/\/api.w.org\/{rel}","templated":true}]}}