{"id":29101,"date":"2025-02-20T22:30:42","date_gmt":"2025-02-20T22:30:42","guid":{"rendered":"https:\/\/olemosaic.orbitalia.org\/producto\/bol-de-coco-marron-gran-canaria\/"},"modified":"2025-07-25T18:53:57","modified_gmt":"2025-07-25T16:53:57","slug":"bol-noix-de-coco-marron-grande-canarie","status":"publish","type":"product","link":"https:\/\/olemosaic.orbitalia.org\/fr\/produit\/bol-noix-de-coco-marron-grande-canarie\/","title":{"rendered":"Bol en noix de coco marron. Grande Canarie."},"content":{"rendered":"<p>Ce bol en noix de coco marron est un authentique souvenir de Grande Canarie, cr\u00e9\u00e9 \u00e0 partir de coques de noix de coco recycl\u00e9es, ce qui le rend non seulement \u00e9cologique, mais aussi unique dans son style. Son design int\u00e9rieur pr\u00e9sente un motif dor\u00e9 d\u00e9licat qui \u00e9voque la beaut\u00e9 naturelle de l&rsquo;\u00eele, capturant l&rsquo;essence du paysage canarien. Au centre, l&rsquo;inscription \u00ab\u00a0Gran Canaria\u00a0\u00bb est grav\u00e9e avec pr\u00e9cision, soulignant son caract\u00e8re distinctif et en faisant un souvenir significatif. La combinaison de sa finition lisse et brillante avec les tons marron de la noix de coco cr\u00e9e un compl\u00e9ment d\u00e9coratif attrayant, qui peut \u00eatre utilis\u00e9 aussi bien comme r\u00e9cipient original pour de petits objets que pour apporter une touche de chaleur \u00e0 n&rsquo;importe quel espace.<\/p>\n<p>Ce bol est plus qu&rsquo;un simple objet d\u00e9coratif ; il repr\u00e9sente le savoir-faire artisanal de la r\u00e9gion et int\u00e8gre la riche culture de Grande Canarie. Id\u00e9al pour les touristes \u00e0 la recherche de souvenirs authentiques, ce bol en noix de coco marron capture l&rsquo;essence de l&rsquo;\u00eele et la ram\u00e8ne \u00e0 la maison. Chez Ol\u00e9 Mosaic, nous proposons des produits de qualit\u00e9 en gros, garantissant que ce bol ne soit pas seulement un souvenir, mais un v\u00e9ritable symbole du patrimoine canarien qui r\u00e9sonnera aupr\u00e8s des visiteurs et sera un excellent article pour les boutiques de cadeaux touristiques.<\/p>\n","protected":false},"excerpt":{"rendered":"<p>Bol en noix de coco marron, un authentique souvenir de Grande Canarie, \u00e9labor\u00e9 avec des coques de noix de coco recycl\u00e9es. Cette pi\u00e8ce unique pr\u00e9sente un design int\u00e9rieur d\u00e9licatement d\u00e9cor\u00e9 d&rsquo;un motif dor\u00e9 qui \u00e9voque la beaut\u00e9 naturelle de l&rsquo;\u00eele. L&rsquo;inscription \u00ab\u00a0Gran Canaria\u00a0\u00bb est grav\u00e9e au centre, soulignant son caract\u00e8re distinctif. Sa finition lisse et brillante, m\u00e9lang\u00e9e aux tons marron de la noix de coco, en fait un compl\u00e9ment d\u00e9coratif attrayant ou un r\u00e9cipient original pour de petits objets.<\/p>\n","protected":false},"featured_media":10103,"template":"","meta":{"_acf_changed":false},"product_brand":[],"product_cat":[521],"product_tag":[],"class_list":{"0":"post-29101","1":"product","2":"type-product","3":"status-publish","4":"has-post-thumbnail","6":"product_cat-bols","7":"pa_ciudad-gran-canaria","8":"pa_pais-espana","10":"first","11":"instock","12":"shipping-taxable","13":"product-type-simple"},"acf":[],"_links":{"self":[{"href":"https:\/\/olemosaic.orbitalia.org\/fr\/wp-json\/wp\/v2\/product\/29101","targetHints":{"allow":["GET"]}}],"collection":[{"href":"https:\/\/olemosaic.orbitalia.org\/fr\/wp-json\/wp\/v2\/product"}],"about":[{"href":"https:\/\/olemosaic.orbitalia.org\/fr\/wp-json\/wp\/v2\/types\/product"}],"wp:featuredmedia":[{"embeddable":true,"href":"https:\/\/olemosaic.orbitalia.org\/fr\/wp-json\/wp\/v2\/media\/10103"}],"wp:attachment":[{"href":"https:\/\/olemosaic.orbitalia.org\/fr\/wp-json\/wp\/v2\/media?parent=29101"}],"wp:term":[{"taxonomy":"product_brand","embeddable":true,"href":"https:\/\/olemosaic.orbitalia.org\/fr\/wp-json\/wp\/v2\/product_brand?post=29101"},{"taxonomy":"product_cat","embeddable":true,"href":"https:\/\/olemosaic.orbitalia.org\/fr\/wp-json\/wp\/v2\/product_cat?post=29101"},{"taxonomy":"product_tag","embeddable":true,"href":"https:\/\/olemosaic.orbitalia.org\/fr\/wp-json\/wp\/v2\/product_tag?post=29101"}],"curies":[{"name":"wp","href":"https:\/\/api.w.org\/{rel}","templated":true}]}}