{"id":29098,"date":"2025-02-20T22:30:42","date_gmt":"2025-02-20T22:30:42","guid":{"rendered":"https:\/\/olemosaic.orbitalia.org\/producto\/bol-de-coco-marron-delfin\/"},"modified":"2025-07-25T19:02:52","modified_gmt":"2025-07-25T17:02:52","slug":"bol-noix-de-coco-marron-dauphin","status":"publish","type":"product","link":"https:\/\/olemosaic.orbitalia.org\/fr\/produit\/bol-noix-de-coco-marron-dauphin\/","title":{"rendered":"Bol en noix de coco marron. Dauphin."},"content":{"rendered":"<p>Ce bol en noix de coco marron d\u00e9cor\u00e9 est un chef-d&rsquo;\u0153uvre artisanal qui int\u00e8gre la beaut\u00e9 de la M\u00e9diterran\u00e9e, id\u00e9al pour ceux qui recherchent une touche de style nautique et artisanal dans leur maison. Le bol pr\u00e9sente une \u00e9l\u00e9gante mosa\u00efque de coquillages dans les tons cr\u00e8me et marron, avec une sc\u00e8ne centrale captivante repr\u00e9sentant deux dauphins en train de jouer. La qualit\u00e9 de la finition souligne les d\u00e9tails d\u00e9licats des coquillages, qui captent la lumi\u00e8re de mani\u00e8re enchanteresse, cr\u00e9ant un contraste visuel saisissant avec la structure sombre de la noix de coco sur le bord. Ce produit n&rsquo;est pas seulement fonctionnel, parfait pour servir des ap\u00e9ritifs ou des salades, mais il fonctionne \u00e9galement comme un \u00e9l\u00e9ment d\u00e9coratif fascinant qui \u00e9voque la fra\u00eecheur et la libert\u00e9 de l&rsquo;oc\u00e9an.<\/p>\n<p>Le lien culturel de ce bol r\u00e9side dans sa fabrication artisanale, qui refl\u00e8te la riche tradition maritime des r\u00e9gions c\u00f4ti\u00e8res. C&rsquo;est un souvenir authentique qui c\u00e9l\u00e8bre la biodiversit\u00e9 marine, une excellente option pour les touristes qui souhaitent ramener chez eux un morceau de la culture m\u00e9diterran\u00e9enne. Chez Ol\u00e9 Mosaic, en tant que distributeur de souvenirs en gros, nous proposons des produits uniques qui capturent l&rsquo;essence de leurs lieux d&rsquo;origine. Ce bol en noix de coco d\u00e9cor\u00e9 de dauphins est un souvenir m\u00e9morable et authentique, parfait pour les boutiques de cadeaux touristiques \u00e0 la recherche d&rsquo;articles ayant une valeur culturelle et une esth\u00e9tique attrayante.<\/p>\n","protected":false},"excerpt":{"rendered":"<p>Bol en noix de coco marron d\u00e9cor\u00e9 d&rsquo;une \u00e9l\u00e9gante mosa\u00efque de coquillages repr\u00e9sentant deux dauphins sur un fond clair. Ce bol exclusif, fait \u00e0 la main, pr\u00e9sente des pi\u00e8ces de coquillage dans les tons cr\u00e8me et marron, cr\u00e9ant un beau contraste avec la structure de la noix de coco sur son bord. La sc\u00e8ne centrale capture l&rsquo;essence de la mer, parfait pour servir des ap\u00e9ritifs ou comme \u00e9l\u00e9ment d\u00e9coratif dans n&rsquo;importe quelle maison. Id\u00e9al pour ceux qui recherchent une touche de style nautique et artisanal.<\/p>\n","protected":false},"featured_media":10294,"template":"","meta":{"_acf_changed":false},"product_brand":[],"product_cat":[521],"product_tag":[530],"class_list":{"0":"post-29098","1":"product","2":"type-product","3":"status-publish","4":"has-post-thumbnail","6":"product_cat-bols","7":"product_tag-animaux","8":"pa_motivo-dauphins","10":"first","11":"instock","12":"shipping-taxable","13":"product-type-simple"},"acf":[],"_links":{"self":[{"href":"https:\/\/olemosaic.orbitalia.org\/fr\/wp-json\/wp\/v2\/product\/29098","targetHints":{"allow":["GET"]}}],"collection":[{"href":"https:\/\/olemosaic.orbitalia.org\/fr\/wp-json\/wp\/v2\/product"}],"about":[{"href":"https:\/\/olemosaic.orbitalia.org\/fr\/wp-json\/wp\/v2\/types\/product"}],"wp:featuredmedia":[{"embeddable":true,"href":"https:\/\/olemosaic.orbitalia.org\/fr\/wp-json\/wp\/v2\/media\/10294"}],"wp:attachment":[{"href":"https:\/\/olemosaic.orbitalia.org\/fr\/wp-json\/wp\/v2\/media?parent=29098"}],"wp:term":[{"taxonomy":"product_brand","embeddable":true,"href":"https:\/\/olemosaic.orbitalia.org\/fr\/wp-json\/wp\/v2\/product_brand?post=29098"},{"taxonomy":"product_cat","embeddable":true,"href":"https:\/\/olemosaic.orbitalia.org\/fr\/wp-json\/wp\/v2\/product_cat?post=29098"},{"taxonomy":"product_tag","embeddable":true,"href":"https:\/\/olemosaic.orbitalia.org\/fr\/wp-json\/wp\/v2\/product_tag?post=29098"}],"curies":[{"name":"wp","href":"https:\/\/api.w.org\/{rel}","templated":true}]}}