{"id":29097,"date":"2025-02-20T23:30:41","date_gmt":"2025-02-20T22:30:41","guid":{"rendered":"https:\/\/olemosaic.orbitalia.org\/producto\/bol-de-coco-marron-isla-mallorca\/"},"modified":"2025-07-25T20:25:36","modified_gmt":"2025-07-25T18:25:36","slug":"bol-noix-de-coco-marron-ile-majorque","status":"publish","type":"product","link":"https:\/\/olemosaic.orbitalia.org\/fr\/produit\/bol-noix-de-coco-marron-ile-majorque\/","title":{"rendered":"Bol en noix de coco marron. \u00cele. Majorque."},"content":{"rendered":"<p>Ce bol en noix de coco marron d\u00e9cor\u00e9 est un souvenir exquis de Majorque qui capture l&rsquo;essence de l&rsquo;archipel des Bal\u00e9ares. Son design tr\u00e8s sp\u00e9cial pr\u00e9sente un int\u00e9rieur orn\u00e9 de fragments de nacre, qui brillent \u00e0 la lumi\u00e8re et apportent une touche sophistiqu\u00e9e. Les tons marron de la noix de coco se marient parfaitement avec la d\u00e9licate mosa\u00efque, \u00e9voquant la richesse naturelle et culturelle de l&rsquo;\u00eele. Au centre du bol, la repr\u00e9sentation de Majorque se distingue, finement incrust\u00e9e et mise en valeur, cr\u00e9ant un point focal qui invite \u00e0 l&rsquo;admiration.<\/p>\n<p>Ce bol n&rsquo;est pas seulement un objet d\u00e9coratif, mais aussi fonctionnel, id\u00e9al pour servir des ap\u00e9ritifs ou simplement comme \u00e9l\u00e9ment esth\u00e9tique dans n&rsquo;importe quelle maison. Sa forme caract\u00e9ristique et sa finition artisanale en font une pi\u00e8ce unique qui refl\u00e8te la tradition et l&rsquo;art local de l&rsquo;\u00eele. De plus, cet article souligne le lien culturel avec Majorque, une destination c\u00e9l\u00e8bre pour sa beaut\u00e9 naturelle et ses riches traditions.<\/p>\n<p>Chez Ol\u00e9 Mosaic, nous sommes sp\u00e9cialis\u00e9s dans la distribution de souvenirs authentiques en gros, et ce bol en noix de coco repr\u00e9sente parfaitement la culture majorquine. C&rsquo;est une excellente option pour les boutiques de cadeaux touristiques qui cherchent \u00e0 offrir \u00e0 leurs clients des souvenirs repr\u00e9sentatifs de leur visite, faisant de ce bol un incontournable pour ceux qui souhaitent emporter un morceau de cette \u00eele m\u00e9diterran\u00e9enne paradisiaque.<\/p>\n","protected":false},"excerpt":{"rendered":"<p>Bol en noix de coco marron d\u00e9cor\u00e9 de pi\u00e8ces de mosa\u00efque, id\u00e9al comme souvenir de Majorque. Ce bol artisanal pr\u00e9sente un design tr\u00e8s sp\u00e9cial avec des fragments de nacre et des tons marron \u00e0 l&rsquo;int\u00e9rieur, mettant en valeur la forme caract\u00e9ristique de l&rsquo;archipel des Bal\u00e9ares. Au centre, on appr\u00e9cie la repr\u00e9sentation de l&rsquo;\u00eele de Majorque, rehauss\u00e9e par une fine incrustation. Un article fonctionnel et d\u00e9coratif qui \u00e9voque la beaut\u00e9 de cette \u00eele m\u00e9diterran\u00e9enne paradisiaque.<\/p>\n","protected":false},"featured_media":10310,"template":"","meta":{"_acf_changed":false},"product_brand":[],"product_cat":[521],"product_tag":[],"class_list":{"0":"post-29097","1":"product","2":"type-product","3":"status-publish","4":"has-post-thumbnail","6":"product_cat-bols","7":"pa_ciudad-mallorca","8":"pa_motivo-iles","9":"pa_pais-espana","11":"first","12":"instock","13":"shipping-taxable","14":"product-type-simple"},"acf":[],"_links":{"self":[{"href":"https:\/\/olemosaic.orbitalia.org\/fr\/wp-json\/wp\/v2\/product\/29097","targetHints":{"allow":["GET"]}}],"collection":[{"href":"https:\/\/olemosaic.orbitalia.org\/fr\/wp-json\/wp\/v2\/product"}],"about":[{"href":"https:\/\/olemosaic.orbitalia.org\/fr\/wp-json\/wp\/v2\/types\/product"}],"wp:featuredmedia":[{"embeddable":true,"href":"https:\/\/olemosaic.orbitalia.org\/fr\/wp-json\/wp\/v2\/media\/10310"}],"wp:attachment":[{"href":"https:\/\/olemosaic.orbitalia.org\/fr\/wp-json\/wp\/v2\/media?parent=29097"}],"wp:term":[{"taxonomy":"product_brand","embeddable":true,"href":"https:\/\/olemosaic.orbitalia.org\/fr\/wp-json\/wp\/v2\/product_brand?post=29097"},{"taxonomy":"product_cat","embeddable":true,"href":"https:\/\/olemosaic.orbitalia.org\/fr\/wp-json\/wp\/v2\/product_cat?post=29097"},{"taxonomy":"product_tag","embeddable":true,"href":"https:\/\/olemosaic.orbitalia.org\/fr\/wp-json\/wp\/v2\/product_tag?post=29097"}],"curies":[{"name":"wp","href":"https:\/\/api.w.org\/{rel}","templated":true}]}}