{"id":29086,"date":"2025-02-20T22:30:41","date_gmt":"2025-02-20T22:30:41","guid":{"rendered":"https:\/\/olemosaic.orbitalia.org\/producto\/bol-de-coco-marron-camino-de-santiago\/"},"modified":"2025-07-25T18:45:33","modified_gmt":"2025-07-25T16:45:33","slug":"bol-noix-de-coco-marron-chemin-de-compostelle","status":"publish","type":"product","link":"https:\/\/olemosaic.orbitalia.org\/fr\/produit\/bol-noix-de-coco-marron-chemin-de-compostelle\/","title":{"rendered":"Bol en noix de coco marron. Chemin de Compostelle."},"content":{"rendered":"<p>Ce bol en noix de coco marron d\u00e9cor\u00e9 est un v\u00e9ritable hommage \u00e0 l&#8217;embl\u00e9matique Chemin de Compostelle. Son design int\u00e9rieur, qui combine des tons ivoire et marron, est compos\u00e9 de pi\u00e8ces de coquillages exquises qui captent la lumi\u00e8re, mettant en valeur l&#8217;embl\u00e8me du chemin au centre, un symbole de p\u00e8lerinage et de spiritualit\u00e9 en Espagne. Ce bol n&rsquo;est pas seulement un \u00e9l\u00e9ment d\u00e9coratif, mais il est \u00e9galement id\u00e9al pour un usage quotidien, apportant une touche distinctive et culturelle \u00e0 n&rsquo;importe quel foyer.<\/p>\n<p>La riche connexion culturelle du Chemin de Compostelle, parcouru par des milliers de p\u00e8lerins au fil des si\u00e8cles, se refl\u00e8te dans ce produit. Sa finition artisanale souligne le d\u00e9vouement et la tradition de l&rsquo;artisanat local, ce qui garantit l&rsquo;authenticit\u00e9 de ce souvenir comme un cadeau sp\u00e9cial et repr\u00e9sentatif de l&rsquo;exp\u00e9rience de parcourir l&rsquo;un des sentiers les plus embl\u00e9matiques du monde. Ol\u00e9 Mosaic se sp\u00e9cialise dans la distribution de souvenirs authentiques en gros, et ce bol en noix de coco est une option id\u00e9ale pour les magasins de cadeaux touristiques qui cherchent \u00e0 offrir des produits avec une profondeur culturelle et de qualit\u00e9. Un souvenir unique qui capture l&rsquo;essence de l&rsquo;Espagne et l&rsquo;histoire du Chemin de Compostelle, parfait pour ceux qui souhaitent emporter un morceau de cette riche tradition.<\/p>\n","protected":false},"excerpt":{"rendered":"<p>Bol en noix de coco marron d\u00e9cor\u00e9 d&rsquo;une magnifique mosa\u00efque repr\u00e9sentant le symbole du Chemin de Compostelle. Ce bol distinctif pr\u00e9sente un design int\u00e9rieur dans des tons ivoire et marron, \u00e9labor\u00e9 avec des pi\u00e8ces de coquillages qui captent la lumi\u00e8re, mettant en valeur l&#8217;embl\u00e8me du chemin au centre. Parfait comme \u00e9l\u00e9ment d\u00e9coratif ou pour un usage quotidien, il se distingue par sa finition artisanale et sa connexion avec l&rsquo;un des itin\u00e9raires les plus embl\u00e9matiques d&rsquo;Espagne.<\/p>\n","protected":false},"featured_media":10322,"template":"","meta":{"_acf_changed":false},"product_brand":[],"product_cat":[521],"product_tag":[],"class_list":{"0":"post-29086","1":"product","2":"type-product","3":"status-publish","4":"has-post-thumbnail","6":"product_cat-bols","7":"pa_motivo-chemin-saint-jacques","9":"first","10":"instock","11":"shipping-taxable","12":"product-type-simple"},"acf":[],"_links":{"self":[{"href":"https:\/\/olemosaic.orbitalia.org\/fr\/wp-json\/wp\/v2\/product\/29086","targetHints":{"allow":["GET"]}}],"collection":[{"href":"https:\/\/olemosaic.orbitalia.org\/fr\/wp-json\/wp\/v2\/product"}],"about":[{"href":"https:\/\/olemosaic.orbitalia.org\/fr\/wp-json\/wp\/v2\/types\/product"}],"wp:featuredmedia":[{"embeddable":true,"href":"https:\/\/olemosaic.orbitalia.org\/fr\/wp-json\/wp\/v2\/media\/10322"}],"wp:attachment":[{"href":"https:\/\/olemosaic.orbitalia.org\/fr\/wp-json\/wp\/v2\/media?parent=29086"}],"wp:term":[{"taxonomy":"product_brand","embeddable":true,"href":"https:\/\/olemosaic.orbitalia.org\/fr\/wp-json\/wp\/v2\/product_brand?post=29086"},{"taxonomy":"product_cat","embeddable":true,"href":"https:\/\/olemosaic.orbitalia.org\/fr\/wp-json\/wp\/v2\/product_cat?post=29086"},{"taxonomy":"product_tag","embeddable":true,"href":"https:\/\/olemosaic.orbitalia.org\/fr\/wp-json\/wp\/v2\/product_tag?post=29086"}],"curies":[{"name":"wp","href":"https:\/\/api.w.org\/{rel}","templated":true}]}}