{"id":29085,"date":"2025-02-20T23:30:41","date_gmt":"2025-02-20T22:30:41","guid":{"rendered":"https:\/\/olemosaic.orbitalia.org\/producto\/bol-de-coco-marron-salamandra\/"},"modified":"2025-07-25T19:02:13","modified_gmt":"2025-07-25T17:02:13","slug":"bol-noix-de-coco-marron-salamandre","status":"publish","type":"product","link":"https:\/\/olemosaic.orbitalia.org\/fr\/produit\/bol-noix-de-coco-marron-salamandre\/","title":{"rendered":"Bol en noix de coco marron. Salamandre."},"content":{"rendered":"<p>Ce bol en noix de coco marron, d\u00e9cor\u00e9 d&rsquo;une salamandre vibrante, est un reflet authentique de l&rsquo;art populaire espagnol, id\u00e9al pour ceux qui recherchent un souvenir repr\u00e9sentatif du riche patrimoine culturel du pays. Fabriqu\u00e9 \u00e0 partir de noix de coco naturelle, ce bol allie fonctionnalit\u00e9 et esth\u00e9tique, ce qui en fait une pi\u00e8ce parfaite tant pour un usage quotidien que pour la d\u00e9coration. Sa surface pr\u00e9sente un design complexe dans des tons dor\u00e9s et marron qui rehausse sa texture organique, offrant une finition sophistiqu\u00e9e et attrayante. La salamandre, avec un effet peint \u00e0 la main au centre du bol, apporte une touche unique ; ce reptile fascinant symbolise la faune ib\u00e9rique et, en plus de sa beaut\u00e9, repr\u00e9sente une connexion culturelle significative avec la biodiversit\u00e9 de l&rsquo;Espagne.<\/p>\n<p>En int\u00e9grant ce bol dans leur collection de souvenirs, les magasins de cadeaux touristiques n&rsquo;offrent pas seulement un article de qualit\u00e9, mais aussi une \u0153uvre d&rsquo;art qui raconte une histoire. C&rsquo;est un excellent cadeau pour les touristes qui souhaitent emporter avec eux un morceau de la culture espagnole. Chez Ol\u00e9 Mosaic, en tant que grossistes de souvenirs, nous garantissons que chaque bol en noix de coco est une pi\u00e8ce authentique qui met en valeur la tradition artisanale, ce qui le rend id\u00e9al pour ceux qui recherchent un souvenir m\u00e9morable et significatif de leur visite en Espagne.<\/p>\n","protected":false},"excerpt":{"rendered":"<p>Bol en noix de coco marron d\u00e9cor\u00e9 d&rsquo;une salamandre vibrante, capturant l&rsquo;essence de l&rsquo;art populaire espagnol. Ce bol \u00e9l\u00e9gant pr\u00e9sente un design complexe dans des tons dor\u00e9s et marron, avec une finition qui souligne sa texture organique. La salamandre, au design artisanal et peinte \u00e0 la main, ajoute un attrait unique, symbolisant la faune ib\u00e9rique. Id\u00e9al comme pi\u00e8ce d\u00e9corative ou pour un usage quotidien, c&rsquo;est un magnifique rappel du riche patrimoine culturel de l&rsquo;Espagne.<\/p>\n","protected":false},"featured_media":10071,"template":"","meta":{"_acf_changed":false},"product_brand":[],"product_cat":[521],"product_tag":[530],"class_list":{"0":"post-29085","1":"product","2":"type-product","3":"status-publish","4":"has-post-thumbnail","6":"product_cat-bols","7":"product_tag-animaux","8":"pa_motivo-salamandres","10":"first","11":"instock","12":"shipping-taxable","13":"product-type-simple"},"acf":[],"_links":{"self":[{"href":"https:\/\/olemosaic.orbitalia.org\/fr\/wp-json\/wp\/v2\/product\/29085","targetHints":{"allow":["GET"]}}],"collection":[{"href":"https:\/\/olemosaic.orbitalia.org\/fr\/wp-json\/wp\/v2\/product"}],"about":[{"href":"https:\/\/olemosaic.orbitalia.org\/fr\/wp-json\/wp\/v2\/types\/product"}],"wp:featuredmedia":[{"embeddable":true,"href":"https:\/\/olemosaic.orbitalia.org\/fr\/wp-json\/wp\/v2\/media\/10071"}],"wp:attachment":[{"href":"https:\/\/olemosaic.orbitalia.org\/fr\/wp-json\/wp\/v2\/media?parent=29085"}],"wp:term":[{"taxonomy":"product_brand","embeddable":true,"href":"https:\/\/olemosaic.orbitalia.org\/fr\/wp-json\/wp\/v2\/product_brand?post=29085"},{"taxonomy":"product_cat","embeddable":true,"href":"https:\/\/olemosaic.orbitalia.org\/fr\/wp-json\/wp\/v2\/product_cat?post=29085"},{"taxonomy":"product_tag","embeddable":true,"href":"https:\/\/olemosaic.orbitalia.org\/fr\/wp-json\/wp\/v2\/product_tag?post=29085"}],"curies":[{"name":"wp","href":"https:\/\/api.w.org\/{rel}","templated":true}]}}