{"id":29083,"date":"2025-02-20T22:30:41","date_gmt":"2025-02-20T22:30:41","guid":{"rendered":"https:\/\/olemosaic.orbitalia.org\/producto\/bol-de-coco-marron-tortuga\/"},"modified":"2025-07-25T20:29:55","modified_gmt":"2025-07-25T18:29:55","slug":"bol-noix-de-coco-marron-tortue","status":"publish","type":"product","link":"https:\/\/olemosaic.orbitalia.org\/fr\/produit\/bol-noix-de-coco-marron-tortue\/","title":{"rendered":"Bol en noix de coco marron. Tortue."},"content":{"rendered":"<p>Ce bol en noix de coco marron, d\u00e9cor\u00e9 d&rsquo;une tortue centrale, est une pi\u00e8ce artisanale charmante qui capture l&rsquo;essence tropicale de la M\u00e9diterran\u00e9e. Fabriqu\u00e9 \u00e0 partir de coques de noix de coco, sa surface pr\u00e9sente une finition lisse et brillante qui rehausse son aspect naturel. Au centre, se d\u00e9tache une magnifique tortue, dont l&rsquo;image est \u00e9labor\u00e9e avec de d\u00e9licats morceaux de nacre aux tons doux, cr\u00e9ant un effet de mosa\u00efque qui joue avec la lumi\u00e8re et apporte une touche d&rsquo;\u00e9l\u00e9gance. Ce bol n&rsquo;est pas seulement fonctionnel, id\u00e9al pour servir des ap\u00e9ritifs ou comme \u00e9l\u00e9ment d\u00e9coratif attrayant dans n&rsquo;importe quelle maison, mais il est aussi un symbole de la connexion entre la nature et l&rsquo;artisanat local.<\/p>\n<p>La tortue, symbole de long\u00e9vit\u00e9 et de protection, refl\u00e8te le respect de l&rsquo;environnement qui caract\u00e9rise de nombreuses communaut\u00e9s m\u00e9diterran\u00e9ennes. Ce bol est un souvenir authentique qui porte en lui l&rsquo;histoire et la culture de la r\u00e9gion, \u00e9tant un excellent souvenir pour ceux qui souhaitent emporter un morceau des plages paradisiaques de la M\u00e9diterran\u00e9e. Chez Ol\u00e9 Mosaic, nous nous sp\u00e9cialisons dans la distribution de souvenirs en gros, offrant des produits qui allient qualit\u00e9, art et signification culturelle. Ce bol en noix de coco est une option id\u00e9ale pour les magasins de cadeaux touristiques qui cherchent \u00e0 offrir \u00e0 leurs clients un souvenir unique et repr\u00e9sentatif. En tant que grossistes de souvenirs, nous garantissons l&rsquo;authenticit\u00e9 et l&rsquo;engagement envers l&rsquo;artisanat dans chaque pi\u00e8ce.<\/p>\n","protected":false},"excerpt":{"rendered":"<p>Bol en noix de coco marron d\u00e9cor\u00e9 d&rsquo;une tortue au centre. Ce magnifique bol, fait de noix de coco avec une finition lisse et brillante, pr\u00e9sente un motif de tortue au centre, entour\u00e9 d&rsquo;une mosa\u00efque de pi\u00e8ces nacr\u00e9es qui refl\u00e8tent la lumi\u00e8re. Id\u00e9al pour servir des ap\u00e9ritifs ou comme \u00e9l\u00e9ment d\u00e9coratif, il apporte une touche tropicale et artisanale, parfaite pour \u00e9voquer les plages de la M\u00e9diterran\u00e9e.<\/p>\n","protected":false},"featured_media":10298,"template":"","meta":{"_acf_changed":false},"product_brand":[],"product_cat":[521],"product_tag":[530],"class_list":{"0":"post-29083","1":"product","2":"type-product","3":"status-publish","4":"has-post-thumbnail","6":"product_cat-bols","7":"product_tag-animaux","8":"pa_motivo-tortues","10":"first","11":"instock","12":"shipping-taxable","13":"product-type-simple"},"acf":[],"_links":{"self":[{"href":"https:\/\/olemosaic.orbitalia.org\/fr\/wp-json\/wp\/v2\/product\/29083","targetHints":{"allow":["GET"]}}],"collection":[{"href":"https:\/\/olemosaic.orbitalia.org\/fr\/wp-json\/wp\/v2\/product"}],"about":[{"href":"https:\/\/olemosaic.orbitalia.org\/fr\/wp-json\/wp\/v2\/types\/product"}],"wp:featuredmedia":[{"embeddable":true,"href":"https:\/\/olemosaic.orbitalia.org\/fr\/wp-json\/wp\/v2\/media\/10298"}],"wp:attachment":[{"href":"https:\/\/olemosaic.orbitalia.org\/fr\/wp-json\/wp\/v2\/media?parent=29083"}],"wp:term":[{"taxonomy":"product_brand","embeddable":true,"href":"https:\/\/olemosaic.orbitalia.org\/fr\/wp-json\/wp\/v2\/product_brand?post=29083"},{"taxonomy":"product_cat","embeddable":true,"href":"https:\/\/olemosaic.orbitalia.org\/fr\/wp-json\/wp\/v2\/product_cat?post=29083"},{"taxonomy":"product_tag","embeddable":true,"href":"https:\/\/olemosaic.orbitalia.org\/fr\/wp-json\/wp\/v2\/product_tag?post=29083"}],"curies":[{"name":"wp","href":"https:\/\/api.w.org\/{rel}","templated":true}]}}