{"id":29082,"date":"2025-02-20T22:30:41","date_gmt":"2025-02-20T22:30:41","guid":{"rendered":"https:\/\/olemosaic.orbitalia.org\/producto\/bol-de-coco-marron-flamenco\/"},"modified":"2025-07-25T20:26:09","modified_gmt":"2025-07-25T18:26:09","slug":"bol-noix-de-coco-marron-flamant-rose","status":"publish","type":"product","link":"https:\/\/olemosaic.orbitalia.org\/fr\/produit\/bol-noix-de-coco-marron-flamant-rose\/","title":{"rendered":"Bol en noix de coco marron. Flamant rose."},"content":{"rendered":"<p>Ce bol en noix de coco marron, d\u00e9cor\u00e9 d&rsquo;une d\u00e9licate illustration de flamants roses, est une pi\u00e8ce unique qui capture l&rsquo;essence de l&rsquo;art et de la culture espagnols. Fabriqu\u00e9 \u00e0 partir d&rsquo;une coque de noix de coco, il pr\u00e9sente un int\u00e9rieur dor\u00e9 qui non seulement rehausse son design organique et naturel, mais apporte \u00e9galement une touche d&rsquo;\u00e9l\u00e9gance et de sophistication. L&rsquo;image des flamants roses, repr\u00e9sent\u00e9e avec un design raffin\u00e9, symbolise la beaut\u00e9 de l&rsquo;environnement naturel espagnol, \u00e9voquant les paysages c\u00f4tiers et les couchers de soleil lumineux qui caract\u00e9risent la r\u00e9gion.<\/p>\n<p>Parfait aussi bien pour d\u00e9corer n&rsquo;importe quel espace que pour servir de r\u00e9cipient original pour de petits bijoux, ce bol en noix de coco allie tradition et art de mani\u00e8re exceptionnelle. Les flamants roses, avec leurs postures \u00e9l\u00e9gantes et leur couleur distinctive, ajoutent une touche de folklore qui r\u00e9sonne au c\u0153ur de ceux qui appr\u00e9cient la culture m\u00e9diterran\u00e9enne. Ce souvenir repr\u00e9sente non seulement un objet d\u00e9coratif, mais un souvenir significatif de la richesse culturelle de l&rsquo;Espagne.<\/p>\n<p>Chez Ol\u00e9 Mosaic, nous sommes des distributeurs de souvenirs de qualit\u00e9, et ce bol est une excellente option pour les magasins de cadeaux touristiques qui cherchent \u00e0 offrir des produits authentiques et repr\u00e9sentatifs. Une pi\u00e8ce qui, sans aucun doute, deviendra un favori parmi ceux qui cherchent \u00e0 emporter un petit morceau d&rsquo;Espagne avec eux.<\/p>\n","protected":false},"excerpt":{"rendered":"<p>Bol en noix de coco marron d\u00e9cor\u00e9 d&rsquo;une d\u00e9licate illustration de flamants roses. Ce bol exquis, fabriqu\u00e9 avec une coque de noix de coco, pr\u00e9sente une finition dor\u00e9e \u00e0 l&rsquo;int\u00e9rieur qui rehausse son design organique et naturel. Les deux flamants roses, repr\u00e9sent\u00e9s avec un design \u00e9l\u00e9gant, ajoutent une touche de folklore espagnol. Parfait pour d\u00e9corer n&rsquo;importe quel espace ou comme r\u00e9cipient original pour de petits bijoux, ce bol allie tradition et art de mani\u00e8re unique.<\/p>\n","protected":false},"featured_media":13436,"template":"","meta":{"_acf_changed":false},"product_brand":[],"product_cat":[521],"product_tag":[530],"class_list":{"0":"post-29082","1":"product","2":"type-product","3":"status-publish","4":"has-post-thumbnail","6":"product_cat-bols","7":"product_tag-animaux","8":"pa_motivo-flamants-roses","10":"first","11":"instock","12":"shipping-taxable","13":"product-type-simple"},"acf":[],"_links":{"self":[{"href":"https:\/\/olemosaic.orbitalia.org\/fr\/wp-json\/wp\/v2\/product\/29082","targetHints":{"allow":["GET"]}}],"collection":[{"href":"https:\/\/olemosaic.orbitalia.org\/fr\/wp-json\/wp\/v2\/product"}],"about":[{"href":"https:\/\/olemosaic.orbitalia.org\/fr\/wp-json\/wp\/v2\/types\/product"}],"wp:featuredmedia":[{"embeddable":true,"href":"https:\/\/olemosaic.orbitalia.org\/fr\/wp-json\/wp\/v2\/media\/13436"}],"wp:attachment":[{"href":"https:\/\/olemosaic.orbitalia.org\/fr\/wp-json\/wp\/v2\/media?parent=29082"}],"wp:term":[{"taxonomy":"product_brand","embeddable":true,"href":"https:\/\/olemosaic.orbitalia.org\/fr\/wp-json\/wp\/v2\/product_brand?post=29082"},{"taxonomy":"product_cat","embeddable":true,"href":"https:\/\/olemosaic.orbitalia.org\/fr\/wp-json\/wp\/v2\/product_cat?post=29082"},{"taxonomy":"product_tag","embeddable":true,"href":"https:\/\/olemosaic.orbitalia.org\/fr\/wp-json\/wp\/v2\/product_tag?post=29082"}],"curies":[{"name":"wp","href":"https:\/\/api.w.org\/{rel}","templated":true}]}}