{"id":29069,"date":"2025-02-20T22:30:40","date_gmt":"2025-02-20T22:30:40","guid":{"rendered":"https:\/\/olemosaic.orbitalia.org\/producto\/bol-de-coco-marron-salamandra-mallorca\/"},"modified":"2025-07-25T20:37:28","modified_gmt":"2025-07-25T18:37:28","slug":"bol-noix-de-coco-marron-salamandre-majorque","status":"publish","type":"product","link":"https:\/\/olemosaic.orbitalia.org\/fr\/produit\/bol-noix-de-coco-marron-salamandre-majorque\/","title":{"rendered":"Bol en noix de coco marron. Salamandre. Majorque."},"content":{"rendered":"<p>Ce bol en noix de coco marron, d\u00e9cor\u00e9 d&rsquo;un \u00e9l\u00e9gant motif de salamandre, est un v\u00e9ritable symbole de la faune m\u00e9diterran\u00e9enne de Majorque. \u00c9labor\u00e9 avec m\u00e9ticulosit\u00e9, sa surface est orn\u00e9e de coquillages aux tons doux beige et rose qui forment une belle mosa\u00efque, o\u00f9 la figure de la salamandre se d\u00e9tache au centre, accompagn\u00e9e du mot \u00ab\u00a0MALLORCA\u00a0\u00bb, mis en valeur par une finition claire. Ce bol n&rsquo;est pas seulement visuellement attrayant, il poss\u00e8de \u00e9galement une texture douce et un \u00e9clat subtil, ce qui en fait une pi\u00e8ce unique, tant pour servir des ap\u00e9ritifs que pour d\u00e9corer n&rsquo;importe quel int\u00e9rieur.<\/p>\n<p>La salamandre, que l&rsquo;on trouve couramment dans l&rsquo;environnement naturel des \u00eeles Bal\u00e9ares, symbolise la connexion avec la riche biodiversit\u00e9 de la r\u00e9gion, faisant de ce bol un souvenir parfait pour ceux qui souhaitent emporter un morceau de Majorque avec eux. Son design refl\u00e8te l&rsquo;essence de l&rsquo;\u00eele, fusionnant l&rsquo;artisanat local avec des \u00e9l\u00e9ments culturels. Ce bol en noix de coco est une excellente option pour les boutiques de cadeaux touristiques cherchant \u00e0 offrir des souvenirs de qualit\u00e9, authentiques et repr\u00e9sentatifs de la culture majorquine. Chez Ol\u00e9 Mosaic, nous nous sp\u00e9cialisons dans la distribution de souvenirs en gros, et ce bol est un exemple clair d&rsquo;artisanat c\u00e9l\u00e9brant la beaut\u00e9 et la singularit\u00e9 des Bal\u00e9ares.<\/p>\n","protected":false},"excerpt":{"rendered":"<p>Bol en noix de coco marron d\u00e9cor\u00e9 d&rsquo;un motif de salamandre, un \u00e9l\u00e9ment repr\u00e9sentatif de la faune m\u00e9diterran\u00e9enne de Majorque. Ce magnifique bol est \u00e9labor\u00e9 avec des coquillages aux tons doux qui cr\u00e9ent un effet mosa\u00efque, mettant en valeur la figure de la salamandre au centre et le mot \u00ab\u00a0MALLORCA\u00a0\u00bb juste en dessous. Sa finition brillante et les tons chauds des coquillages lui donnent une touche distinctive et relaxante, id\u00e9ale pour servir des ap\u00e9ritifs ou comme \u00e9l\u00e9ment d\u00e9coratif dans n&rsquo;importe quelle maison.<\/p>\n","protected":false},"featured_media":10330,"template":"","meta":{"_acf_changed":false},"product_brand":[],"product_cat":[521],"product_tag":[530],"class_list":{"0":"post-29069","1":"product","2":"type-product","3":"status-publish","4":"has-post-thumbnail","6":"product_cat-bols","7":"product_tag-animaux","8":"pa_ciudad-mallorca","9":"pa_motivo-salamandres","10":"pa_pais-espana","12":"first","13":"instock","14":"shipping-taxable","15":"product-type-simple"},"acf":[],"_links":{"self":[{"href":"https:\/\/olemosaic.orbitalia.org\/fr\/wp-json\/wp\/v2\/product\/29069","targetHints":{"allow":["GET"]}}],"collection":[{"href":"https:\/\/olemosaic.orbitalia.org\/fr\/wp-json\/wp\/v2\/product"}],"about":[{"href":"https:\/\/olemosaic.orbitalia.org\/fr\/wp-json\/wp\/v2\/types\/product"}],"wp:featuredmedia":[{"embeddable":true,"href":"https:\/\/olemosaic.orbitalia.org\/fr\/wp-json\/wp\/v2\/media\/10330"}],"wp:attachment":[{"href":"https:\/\/olemosaic.orbitalia.org\/fr\/wp-json\/wp\/v2\/media?parent=29069"}],"wp:term":[{"taxonomy":"product_brand","embeddable":true,"href":"https:\/\/olemosaic.orbitalia.org\/fr\/wp-json\/wp\/v2\/product_brand?post=29069"},{"taxonomy":"product_cat","embeddable":true,"href":"https:\/\/olemosaic.orbitalia.org\/fr\/wp-json\/wp\/v2\/product_cat?post=29069"},{"taxonomy":"product_tag","embeddable":true,"href":"https:\/\/olemosaic.orbitalia.org\/fr\/wp-json\/wp\/v2\/product_tag?post=29069"}],"curies":[{"name":"wp","href":"https:\/\/api.w.org\/{rel}","templated":true}]}}