{"id":29068,"date":"2025-02-20T22:30:40","date_gmt":"2025-02-20T22:30:40","guid":{"rendered":"https:\/\/olemosaic.orbitalia.org\/producto\/bol-de-coco-marron-mariposa\/"},"modified":"2025-07-25T20:18:42","modified_gmt":"2025-07-25T18:18:42","slug":"bol-noix-de-coco-marron-papillon","status":"publish","type":"product","link":"https:\/\/olemosaic.orbitalia.org\/fr\/produit\/bol-noix-de-coco-marron-papillon\/","title":{"rendered":"Bol en noix de coco marron. Papillon."},"content":{"rendered":"<p>Ce bol en noix de coco marron, d\u00e9cor\u00e9 d&rsquo;un \u00e9l\u00e9gant motif de papillon, est une pi\u00e8ce unique qui allie beaut\u00e9 et fonctionnalit\u00e9. Son ext\u00e9rieur, avec la texture naturelle de la noix de coco, se distingue par un ton marron attrayant, tandis que son int\u00e9rieur pr\u00e9sente une finition dor\u00e9e brillante qui r\u00e9fl\u00e9chit la lumi\u00e8re de mani\u00e8re captivante. Ce jeu de contrastes rehausse non seulement l&rsquo;esth\u00e9tique du bol, mais apporte \u00e9galement une touche de chaleur \u00e0 n&rsquo;importe quel environnement.<\/p>\n<p>Le d\u00e9licat papillon, soigneusement sculpt\u00e9 sur la surface, devient l&rsquo;\u00e9l\u00e9ment distinctif de cette pi\u00e8ce, symbolisant la transformation et la beaut\u00e9 de la nature. Chaque bol est fabriqu\u00e9 \u00e0 la main, ce qui garantit que chaque pi\u00e8ce est unique et refl\u00e8te la riche tradition du travail artisanal, exemple du savoir-faire des artisans locaux.<\/p>\n<p>Ce bol n&rsquo;est pas seulement id\u00e9al comme \u00e9l\u00e9ment d\u00e9coratif, il peut aussi servir de r\u00e9cipient pratique pour de petits objets, ce qui en fait un cadeau utile et charmant. C&rsquo;est un souvenir authentique qui encapsule l&rsquo;essence de la culture locale et sa valeur en tant que souvenir repr\u00e9sentatif est ind\u00e9niable. Parfait pour les touristes qui cherchent \u00e0 emporter un morceau de l&rsquo;h\u00e9ritage culturel, ce bol en noix de coco est une excellente option pour les boutiques de cadeaux touristiques. Chez Ol\u00e9 Mosaic, en tant que distributeur de souvenirs en gros, nous proposons une vari\u00e9t\u00e9 d&rsquo;articles qui c\u00e9l\u00e8brent l&rsquo;artisanat et l&rsquo;authenticit\u00e9, garantissant des produits de qualit\u00e9 pour vos clients. Ce bol en noix de coco marron repr\u00e9sente un magnifique exemple de ce que les souvenirs doivent \u00eatre : uniques, fonctionnels et charg\u00e9s d&rsquo;histoire.<\/p>\n","protected":false},"excerpt":{"rendered":"<p>Bol en noix de coco marron d\u00e9cor\u00e9 d&rsquo;un \u00e9l\u00e9gant motif de papillon. Cet article attrayant pr\u00e9sente une finition dor\u00e9e brillante \u00e0 l&rsquo;int\u00e9rieur, qui contraste avec la texture naturelle de la noix de coco \u00e0 l&rsquo;ext\u00e9rieur. Le papillon, d\u00e9licatement sculpt\u00e9 sur la surface, ajoute une touche distinctive et artistique. Id\u00e9al comme \u00e9l\u00e9ment d\u00e9coratif ou comme bol pour petits objets, ce bol est un bel exemple d&rsquo;artisanat.<\/p>\n","protected":false},"featured_media":13424,"template":"","meta":{"_acf_changed":false},"product_brand":[],"product_cat":[521],"product_tag":[530],"class_list":{"0":"post-29068","1":"product","2":"type-product","3":"status-publish","4":"has-post-thumbnail","6":"product_cat-bols","7":"product_tag-animaux","8":"pa_motivo-papillons","10":"first","11":"instock","12":"shipping-taxable","13":"product-type-simple"},"acf":[],"_links":{"self":[{"href":"https:\/\/olemosaic.orbitalia.org\/fr\/wp-json\/wp\/v2\/product\/29068","targetHints":{"allow":["GET"]}}],"collection":[{"href":"https:\/\/olemosaic.orbitalia.org\/fr\/wp-json\/wp\/v2\/product"}],"about":[{"href":"https:\/\/olemosaic.orbitalia.org\/fr\/wp-json\/wp\/v2\/types\/product"}],"wp:featuredmedia":[{"embeddable":true,"href":"https:\/\/olemosaic.orbitalia.org\/fr\/wp-json\/wp\/v2\/media\/13424"}],"wp:attachment":[{"href":"https:\/\/olemosaic.orbitalia.org\/fr\/wp-json\/wp\/v2\/media?parent=29068"}],"wp:term":[{"taxonomy":"product_brand","embeddable":true,"href":"https:\/\/olemosaic.orbitalia.org\/fr\/wp-json\/wp\/v2\/product_brand?post=29068"},{"taxonomy":"product_cat","embeddable":true,"href":"https:\/\/olemosaic.orbitalia.org\/fr\/wp-json\/wp\/v2\/product_cat?post=29068"},{"taxonomy":"product_tag","embeddable":true,"href":"https:\/\/olemosaic.orbitalia.org\/fr\/wp-json\/wp\/v2\/product_tag?post=29068"}],"curies":[{"name":"wp","href":"https:\/\/api.w.org\/{rel}","templated":true}]}}