{"id":29066,"date":"2025-02-20T23:30:39","date_gmt":"2025-02-20T22:30:39","guid":{"rendered":"https:\/\/olemosaic.orbitalia.org\/producto\/bol-de-coco-marron-salamandra-barcelona-2\/"},"modified":"2025-07-25T18:52:14","modified_gmt":"2025-07-25T16:52:14","slug":"bol-noix-de-coco-marron-salamandre-barcelone-2","status":"publish","type":"product","link":"https:\/\/olemosaic.orbitalia.org\/fr\/produit\/bol-noix-de-coco-marron-salamandre-barcelone-2\/","title":{"rendered":"Bol en noix de coco marron. Salamandre. Gaud\u00ed. Barcelone."},"content":{"rendered":"<p>Ce bol en noix de coco marron, d\u00e9cor\u00e9 d&rsquo;un design inspir\u00e9 de la salamandre, est un souvenir embl\u00e9matique de Barcelone qui fusionne art et fonctionnalit\u00e9 dans une pi\u00e8ce unique. La base en noix de coco pr\u00e9sente un fond dor\u00e9 brillant, entrelac\u00e9 d&rsquo;un motif complexe de trous qui rehausse son style ovale, apportant luminosit\u00e9 et sophistication. Au centre du bol se d\u00e9tache une figure de salamandre en relief, accompagn\u00e9e du texte \u00ab\u00a0Barcelona\u00a0\u00bb, cr\u00e9ant un contraste visuel captivant et repr\u00e9sentant l&rsquo;une des cr\u00e9atures les plus iconiques de la ville, associ\u00e9e \u00e0 l&rsquo;\u0153uvre du c\u00e9l\u00e8bre architecte Antoni Gaud\u00ed.<\/p>\n<p>La technique de fabrication, qui inclut des d\u00e9tails peints \u00e0 la main, garantit que chaque bol est une pi\u00e8ce unique, refl\u00e9tant non seulement l&rsquo;habilet\u00e9 artistique de l&rsquo;artisan, mais aussi la riche tradition culturelle de Barcelone. Ce bol n&rsquo;est pas seulement un objet d\u00e9coratif, mais aussi un rappel exceptionnel de l&rsquo;h\u00e9ritage local vibrant. Son authenticit\u00e9 en tant que souvenir typiquement barcelonais en fait une excellente option pour les touristes qui recherchent plus qu&rsquo;un simple souvenir, ce qui en fait une proposition excellente pour les boutiques de cadeaux touristiques.<\/p>\n<p>Chez Ol\u00e9 Mosaic, nous nous sp\u00e9cialisons dans la distribution de souvenirs en gros, offrant des produits authentiques qui capturent l&rsquo;essence culturelle des villes espagnoles. Ce bol en noix de coco marron est, sans aucun doute, une option de choix pour ceux qui souhaitent partager et emporter avec eux un morceau de la magie de Barcelone.<\/p>\n","protected":false},"excerpt":{"rendered":"<p>Bol en noix de coco marron d\u00e9cor\u00e9 d&rsquo;un design inspir\u00e9 de la salamandre, embl\u00e8me de Barcelone. Cet article original pr\u00e9sente un fond dor\u00e9 brillant avec un motif complexe de trous qui rehausse sa forme ovale. Au centre, se d\u00e9tache la figure d&rsquo;une salamandre en relief \u00e0 c\u00f4t\u00e9 du mot \u00ab\u00a0Barcelona\u00a0\u00bb, cr\u00e9ant un contraste visuel frappant. Sa fabrication inclut des d\u00e9tails peints \u00e0 la main, ce qui fait de chaque pi\u00e8ce un article unique et repr\u00e9sentatif de l&rsquo;art local.<\/p>\n","protected":false},"featured_media":10130,"template":"","meta":{"_acf_changed":false},"product_brand":[],"product_cat":[521],"product_tag":[530],"class_list":{"0":"post-29066","1":"product","2":"type-product","3":"status-publish","4":"has-post-thumbnail","6":"product_cat-bols","7":"product_tag-animaux","8":"pa_ciudad-barcelona","9":"pa_motivo-salamandres","10":"pa_pais-espana","12":"first","13":"instock","14":"shipping-taxable","15":"product-type-simple"},"acf":[],"_links":{"self":[{"href":"https:\/\/olemosaic.orbitalia.org\/fr\/wp-json\/wp\/v2\/product\/29066","targetHints":{"allow":["GET"]}}],"collection":[{"href":"https:\/\/olemosaic.orbitalia.org\/fr\/wp-json\/wp\/v2\/product"}],"about":[{"href":"https:\/\/olemosaic.orbitalia.org\/fr\/wp-json\/wp\/v2\/types\/product"}],"wp:featuredmedia":[{"embeddable":true,"href":"https:\/\/olemosaic.orbitalia.org\/fr\/wp-json\/wp\/v2\/media\/10130"}],"wp:attachment":[{"href":"https:\/\/olemosaic.orbitalia.org\/fr\/wp-json\/wp\/v2\/media?parent=29066"}],"wp:term":[{"taxonomy":"product_brand","embeddable":true,"href":"https:\/\/olemosaic.orbitalia.org\/fr\/wp-json\/wp\/v2\/product_brand?post=29066"},{"taxonomy":"product_cat","embeddable":true,"href":"https:\/\/olemosaic.orbitalia.org\/fr\/wp-json\/wp\/v2\/product_cat?post=29066"},{"taxonomy":"product_tag","embeddable":true,"href":"https:\/\/olemosaic.orbitalia.org\/fr\/wp-json\/wp\/v2\/product_tag?post=29066"}],"curies":[{"name":"wp","href":"https:\/\/api.w.org\/{rel}","templated":true}]}}