{"id":29065,"date":"2025-02-20T23:30:39","date_gmt":"2025-02-20T22:30:39","guid":{"rendered":"https:\/\/olemosaic.orbitalia.org\/producto\/bol-de-coco-marron-sardina-lisboa-3\/"},"modified":"2025-07-25T18:37:47","modified_gmt":"2025-07-25T16:37:47","slug":"bol-noix-de-coco-marron-sardine-lisbonne-3","status":"publish","type":"product","link":"https:\/\/olemosaic.orbitalia.org\/fr\/produit\/bol-noix-de-coco-marron-sardine-lisbonne-3\/","title":{"rendered":"Bol en noix de coco marron. Sardine. Lisbonne. Azulejos portugais."},"content":{"rendered":"<p>Ce bol en noix de coco marron, d\u00e9cor\u00e9 d&rsquo;un design de sardine, est un v\u00e9ritable tr\u00e9sor qui capture l&rsquo;essence de Lisbonne et sa riche tradition de p\u00eache. Avec une finition qui joue sur les tons dor\u00e9s, le bol pr\u00e9sente un motif complexe qui \u00e9voque la texture naturelle d&rsquo;un coquillage, offrant une exp\u00e9rience visuelle unique et une touche d\u00e9corative sophistiqu\u00e9e. L&rsquo;image de la sardine, symbole embl\u00e9matique de la gastronomie lisbo\u00e8te, prend vie au centre du bol, tandis que le mot \u00ab\u00a0LISBOA\u00a0\u00bb ressort avec un \u00e9clat m\u00e9tallique, ajoutant un d\u00e9tail distinctif et attrayant.<\/p>\n<p>Parfait aussi bien comme pi\u00e8ce ornementale que pour servir des ap\u00e9ritifs, ce produit combine fonctionnalit\u00e9 et art, \u00e9tant un souvenir id\u00e9al pour ceux qui cherchent \u00e0 emporter un morceau de la culture portugaise. Lisbonne est c\u00e9l\u00e8bre pour sa connexion avec la mer, et ce bol capture cette essence, rappelant aux visiteurs leurs promenades sur le port et la d\u00e9licieuse gastronomie de la ville.<\/p>\n<p>Chez Ol\u00e9 Mosaic, nous sommes leaders dans la distribution de souvenirs en gros, et ce bol en noix de coco est une excellente option pour les boutiques de cadeaux touristiques souhaitant proposer un artisanat authentique et repr\u00e9sentatif du Portugal. Avec ce souvenir de Lisbonne, les touristes trouveront une pi\u00e8ce qui n&rsquo;est pas seulement d\u00e9corative, mais aussi un hommage \u00e0 la tradition de p\u00eache de la r\u00e9gion.<\/p>\n","protected":false},"excerpt":{"rendered":"<p>Bol en noix de coco marron d\u00e9cor\u00e9 d&rsquo;un design de sardine, repr\u00e9sentant la tradition de p\u00eache de Lisbonne. Ce bol \u00e9l\u00e9gant pr\u00e9sente une finition dans les tons dor\u00e9s et un motif complexe \u00e9voquant la texture du coquillage. L&rsquo;image de la sardine et le mot \u00ab\u00a0LISBOA\u00a0\u00bb ressortent avec un ton m\u00e9tallique, apportant une touche distinctive. Id\u00e9al comme pi\u00e8ce d\u00e9corative ou pour servir des ap\u00e9ritifs, il combine fonctionnalit\u00e9 et art dans une pi\u00e8ce authentiquement portugaise.<\/p>\n","protected":false},"featured_media":10114,"template":"","meta":{"_acf_changed":false},"product_brand":[],"product_cat":[521],"product_tag":[530],"class_list":{"0":"post-29065","1":"product","2":"type-product","3":"status-publish","4":"has-post-thumbnail","6":"product_cat-bols","7":"product_tag-animaux","8":"pa_ciudad-lisboa","9":"pa_motivo-sardines","10":"pa_pais-portugal","12":"first","13":"instock","14":"shipping-taxable","15":"product-type-simple"},"acf":[],"_links":{"self":[{"href":"https:\/\/olemosaic.orbitalia.org\/fr\/wp-json\/wp\/v2\/product\/29065","targetHints":{"allow":["GET"]}}],"collection":[{"href":"https:\/\/olemosaic.orbitalia.org\/fr\/wp-json\/wp\/v2\/product"}],"about":[{"href":"https:\/\/olemosaic.orbitalia.org\/fr\/wp-json\/wp\/v2\/types\/product"}],"wp:featuredmedia":[{"embeddable":true,"href":"https:\/\/olemosaic.orbitalia.org\/fr\/wp-json\/wp\/v2\/media\/10114"}],"wp:attachment":[{"href":"https:\/\/olemosaic.orbitalia.org\/fr\/wp-json\/wp\/v2\/media?parent=29065"}],"wp:term":[{"taxonomy":"product_brand","embeddable":true,"href":"https:\/\/olemosaic.orbitalia.org\/fr\/wp-json\/wp\/v2\/product_brand?post=29065"},{"taxonomy":"product_cat","embeddable":true,"href":"https:\/\/olemosaic.orbitalia.org\/fr\/wp-json\/wp\/v2\/product_cat?post=29065"},{"taxonomy":"product_tag","embeddable":true,"href":"https:\/\/olemosaic.orbitalia.org\/fr\/wp-json\/wp\/v2\/product_tag?post=29065"}],"curies":[{"name":"wp","href":"https:\/\/api.w.org\/{rel}","templated":true}]}}