{"id":29031,"date":"2025-02-20T23:30:38","date_gmt":"2025-02-20T22:30:38","guid":{"rendered":"https:\/\/olemosaic.orbitalia.org\/producto\/bol-de-coco-marron-sardina-lisboa\/"},"modified":"2025-07-25T18:37:50","modified_gmt":"2025-07-25T16:37:50","slug":"bol-noix-de-coco-marron-sardine-lisbonne","status":"publish","type":"product","link":"https:\/\/olemosaic.orbitalia.org\/fr\/produit\/bol-noix-de-coco-marron-sardine-lisbonne\/","title":{"rendered":"Bol en noix de coco marron. Sardine. Lisbonne."},"content":{"rendered":"<p>Ce bol en noix de coco marron avec un design de sardine est un beau souvenir qui rend hommage \u00e0 la riche tradition de p\u00eache de Lisbonne. Fabriqu\u00e9 avec une attention m\u00e9ticuleuse aux d\u00e9tails, ce bol \u00e9l\u00e9gant se distingue par sa technique de peinture \u00e0 la main, o\u00f9 un motif complexe dans les tons dor\u00e9s et marron simule les textures douces des vagues de la mer. Au centre, une sardine stylis\u00e9e ressort, symbolisant le lien entre la culture locale et l&rsquo;art culinaire, car ce poisson est un \u00e9l\u00e9ment fondamental de la gastronomie portugaise. En plus d&rsquo;\u00eatre fonctionnel, ce bol est une pi\u00e8ce d\u00e9corative qui ajoute une touche m\u00e9diterran\u00e9enne et authentique \u00e0 n&rsquo;importe quel foyer.<\/p>\n<p>La finition naturelle du coco et les d\u00e9licats d\u00e9tails dor\u00e9s offrent un contraste captivant qui fait de ce produit un choix id\u00e9al pour servir des ap\u00e9ritifs ou, simplement, comme un \u00e9l\u00e9ment d\u00e9coratif attrayant sur la table. Ce bol n&rsquo;est pas seulement un article pratique, mais un souvenir repr\u00e9sentatif de Lisbonne, capturant l&rsquo;essence du folklore portugais et sa relation avec la mer.<\/p>\n<p>En Ol\u00e9 Mosaic, nous proposons une vari\u00e9t\u00e9 de souvenirs authentiques, et ce bol en noix de coco est une excellente option pour les boutiques de cadeaux touristiques \u00e0 la recherche de produits refl\u00e9tant le patrimoine culturel. En tant que distributeurs de souvenirs de Lisbonne, nous garantissons la qualit\u00e9 et la valeur de chaque pi\u00e8ce, assurant que vos clients seront enchant\u00e9s par leur choix.<\/p>\n","protected":false},"excerpt":{"rendered":"<p>Bol en noix de coco marron avec un design de sardine, inspir\u00e9 par la tradition de p\u00eache de Lisbonne. Ce bol \u00e9l\u00e9gant pr\u00e9sente une technique de design artisanal, peint \u00e0 la main, mettant en valeur un motif complexe dans les tons dor\u00e9s et marron, avec une sardine stylis\u00e9e au centre. La surface du bol combine des textures naturelles \u00e9voquant les vagues de la mer, en faisant une pi\u00e8ce fonctionnelle et d\u00e9corative qui capture l&rsquo;essence du folklore portugais. Id\u00e9al pour servir des ap\u00e9ritifs ou comme \u00e9l\u00e9ment d\u00e9coratif.<\/p>\n","protected":false},"featured_media":10087,"template":"","meta":{"_acf_changed":false},"product_brand":[],"product_cat":[521],"product_tag":[530],"class_list":{"0":"post-29031","1":"product","2":"type-product","3":"status-publish","4":"has-post-thumbnail","6":"product_cat-bols","7":"product_tag-animaux","8":"pa_ciudad-lisboa","9":"pa_motivo-sardines","10":"pa_pais-portugal","12":"first","13":"instock","14":"shipping-taxable","15":"product-type-simple"},"acf":[],"_links":{"self":[{"href":"https:\/\/olemosaic.orbitalia.org\/fr\/wp-json\/wp\/v2\/product\/29031","targetHints":{"allow":["GET"]}}],"collection":[{"href":"https:\/\/olemosaic.orbitalia.org\/fr\/wp-json\/wp\/v2\/product"}],"about":[{"href":"https:\/\/olemosaic.orbitalia.org\/fr\/wp-json\/wp\/v2\/types\/product"}],"wp:featuredmedia":[{"embeddable":true,"href":"https:\/\/olemosaic.orbitalia.org\/fr\/wp-json\/wp\/v2\/media\/10087"}],"wp:attachment":[{"href":"https:\/\/olemosaic.orbitalia.org\/fr\/wp-json\/wp\/v2\/media?parent=29031"}],"wp:term":[{"taxonomy":"product_brand","embeddable":true,"href":"https:\/\/olemosaic.orbitalia.org\/fr\/wp-json\/wp\/v2\/product_brand?post=29031"},{"taxonomy":"product_cat","embeddable":true,"href":"https:\/\/olemosaic.orbitalia.org\/fr\/wp-json\/wp\/v2\/product_cat?post=29031"},{"taxonomy":"product_tag","embeddable":true,"href":"https:\/\/olemosaic.orbitalia.org\/fr\/wp-json\/wp\/v2\/product_tag?post=29031"}],"curies":[{"name":"wp","href":"https:\/\/api.w.org\/{rel}","templated":true}]}}