{"id":29027,"date":"2025-02-20T23:30:38","date_gmt":"2025-02-20T22:30:38","guid":{"rendered":"https:\/\/olemosaic.orbitalia.org\/producto\/bol-de-coco-fucsia-salamandra-gran-canaria\/"},"modified":"2025-07-25T19:48:31","modified_gmt":"2025-07-25T17:48:31","slug":"bol-noix-de-coco-fuchsia-salamandre-grande-canarie","status":"publish","type":"product","link":"https:\/\/olemosaic.orbitalia.org\/fr\/produit\/bol-noix-de-coco-fuchsia-salamandre-grande-canarie\/","title":{"rendered":"Bol en noix de coco fuchsia. Salamandre. Grande Canarie."},"content":{"rendered":"<p>Ce bol en noix de coco fuchsia, d\u00e9cor\u00e9 d&rsquo;une charmante salamandre, est un symbole de la biodiversit\u00e9 de la Grande Canarie. Fabriqu\u00e9 artisanalement, ce bol attrayant se distingue par sa finition brillante vibrante dans une teinte fuchsia fascinante, qui attirera l&rsquo;attention de tout visiteur de l&rsquo;\u00eele. L&rsquo;int\u00e9rieur du bol pr\u00e9sente une peinture \u00e0 la main qui combine des c\u0153urs d\u00e9licats avec l&rsquo;image d&rsquo;une salamandre, refl\u00e9tant non seulement la beaut\u00e9 naturelle de la r\u00e9gion, mais aussi la culture locale qui c\u00e9l\u00e8bre la faune end\u00e9mique des \u00eeles Canaries. Au centre, on peut appr\u00e9cier l&rsquo;inscription \u00ab\u00a0Gran Canaria\u00a0\u00bb, qui ajoute une touche personnelle et significative \u00e0 cette pi\u00e8ce.<\/p>\n<p>Id\u00e9al aussi bien comme r\u00e9cipient d\u00e9coratif que comme souvenir, ce bol met en valeur l&rsquo;artisanat local et connecte les touristes \u00e0 l&rsquo;essence de la Grande Canarie, devenant un souvenir inoubliable de leur visite. Chez Ol\u00e9 Mosaic, en tant que distributeurs de souvenirs en gros, nous soulignons l&rsquo;authenticit\u00e9 de produits comme celui-ci, qui capturent l&rsquo;essence culturelle et naturelle de la r\u00e9gion. Ce bol en noix de coco fuchsia est une excellente proposition pour les boutiques de cadeaux touristiques qui cherchent \u00e0 offrir des articles uniques et repr\u00e9sentatifs de la riche tradition canarienne. Avec sa singularit\u00e9 et son attrait visuel, c&rsquo;est un souvenir parfait pour ceux qui souhaitent emporter un morceau de l&rsquo;\u00eele chez eux.<\/p>\n","protected":false},"excerpt":{"rendered":"<p>Bol en noix de coco fuchsia d\u00e9cor\u00e9 d&rsquo;une charmante salamandre, symbole de la biodiversit\u00e9 de la Grande Canarie. Ce magnifique bol, avec une finition brillante dans les tons fuchsia, pr\u00e9sente un design avec des c\u0153urs et l&rsquo;inscription \u00ab\u00a0Gran Canaria\u00a0\u00bb. Id\u00e9al pour une utilisation comme r\u00e9cipient d\u00e9coratif ou comme souvenir, ce produit artisanal se distingue par sa singularit\u00e9 et son design artisanal peint \u00e0 la main, reflet de la culture locale.<\/p>\n","protected":false},"featured_media":10222,"template":"","meta":{"_acf_changed":false},"product_brand":[],"product_cat":[521],"product_tag":[530],"class_list":{"0":"post-29027","1":"product","2":"type-product","3":"status-publish","4":"has-post-thumbnail","6":"product_cat-bols","7":"product_tag-animaux","8":"pa_ciudad-gran-canaria","9":"pa_motivo-salamandres","10":"pa_pais-espana","12":"first","13":"instock","14":"shipping-taxable","15":"product-type-simple"},"acf":[],"_links":{"self":[{"href":"https:\/\/olemosaic.orbitalia.org\/fr\/wp-json\/wp\/v2\/product\/29027","targetHints":{"allow":["GET"]}}],"collection":[{"href":"https:\/\/olemosaic.orbitalia.org\/fr\/wp-json\/wp\/v2\/product"}],"about":[{"href":"https:\/\/olemosaic.orbitalia.org\/fr\/wp-json\/wp\/v2\/types\/product"}],"wp:featuredmedia":[{"embeddable":true,"href":"https:\/\/olemosaic.orbitalia.org\/fr\/wp-json\/wp\/v2\/media\/10222"}],"wp:attachment":[{"href":"https:\/\/olemosaic.orbitalia.org\/fr\/wp-json\/wp\/v2\/media?parent=29027"}],"wp:term":[{"taxonomy":"product_brand","embeddable":true,"href":"https:\/\/olemosaic.orbitalia.org\/fr\/wp-json\/wp\/v2\/product_brand?post=29027"},{"taxonomy":"product_cat","embeddable":true,"href":"https:\/\/olemosaic.orbitalia.org\/fr\/wp-json\/wp\/v2\/product_cat?post=29027"},{"taxonomy":"product_tag","embeddable":true,"href":"https:\/\/olemosaic.orbitalia.org\/fr\/wp-json\/wp\/v2\/product_tag?post=29027"}],"curies":[{"name":"wp","href":"https:\/\/api.w.org\/{rel}","templated":true}]}}