{"id":29021,"date":"2025-02-20T23:30:37","date_gmt":"2025-02-20T22:30:37","guid":{"rendered":"https:\/\/olemosaic.orbitalia.org\/producto\/bol-de-coco-fucsia-delfin-mallorca-3\/"},"modified":"2025-07-25T20:17:57","modified_gmt":"2025-07-25T18:17:57","slug":"bol-noix-de-coco-fuchsia-dauphin-majorque-3","status":"publish","type":"product","link":"https:\/\/olemosaic.orbitalia.org\/fr\/produit\/bol-noix-de-coco-fuchsia-dauphin-majorque-3\/","title":{"rendered":"Bol en noix de coco fuchsia. Dauphin. Style m\u00e9diterran\u00e9en. Majorque."},"content":{"rendered":"<p>Ce bol fuchsia en noix de coco, d\u00e9cor\u00e9 d&rsquo;un charmant design de dauphin et du mot \u00ab\u00a0MALLORCA\u00a0\u00bb, est un authentique repr\u00e9sentant de l&rsquo;esprit m\u00e9diterran\u00e9en. Sa couleur fuchsia vibrante et sa finition polie en font un compl\u00e9ment attrayant tant pour la d\u00e9coration que pour un usage quotidien. L&rsquo;int\u00e9rieur du bol est orn\u00e9 de magnifiques c\u0153urs, qui apportent une touche joyeuse et distinctive, faisant de ce produit une pi\u00e8ce unique pour n&rsquo;importe quel foyer.<\/p>\n<p>Avec son design \u00e9vocateur, ce bol ne sert pas seulement d&rsquo;ustensile fonctionnel, mais se transforme en un souvenir m\u00e9morable de la fascinante \u00eele de Majorque. Le dauphin, symbole de la mer M\u00e9diterran\u00e9e, encapsule la connexion du bol avec la culture locale, rappelant aux touristes les merveilleuses exp\u00e9riences v\u00e9cues dans ses eaux cristallines.<\/p>\n<p>Chez Ol\u00e9 Mosaic, nous nous sp\u00e9cialisons dans la distribution de souvenirs de haute qualit\u00e9 et d&rsquo;authenticit\u00e9. Ce bol en noix de coco est une excellente option pour les boutiques de cadeaux touristiques qui cherchent \u00e0 offrir des produits repr\u00e9sentatifs et color\u00e9s de Majorque. En tant que grossistes de souvenirs, nous garantissons que chaque pi\u00e8ce r\u00e9sonne avec la beaut\u00e9 et le charme de l&rsquo;\u00eele, constituant un choix parfait pour ceux qui recherchent des souvenirs authentiques de leurs voyages.<\/p>\n","protected":false},"excerpt":{"rendered":"<p>Bol en noix de coco d&rsquo;un fuchsia vibrant, d\u00e9cor\u00e9 d&rsquo;un dauphin et du mot \u00ab\u00a0MALLORCA\u00a0\u00bb, \u00e9voquant le charme de l&rsquo;\u00eele. Ce bol, color\u00e9 et original, pr\u00e9sente une finition polie avec des d\u00e9tails en forme de c\u0153ur, qui ajoutent une touche joyeuse et distinctive. Id\u00e9al pour d\u00e9corer ou comme compl\u00e9ment fonctionnel, il capture l&rsquo;essence m\u00e9diterran\u00e9enne avec son design joyeux et ses tons brillants, en faisant un beau souvenir de Majorque.<\/p>\n","protected":false},"featured_media":10258,"template":"","meta":{"_acf_changed":false},"product_brand":[],"product_cat":[521],"product_tag":[530],"class_list":{"0":"post-29021","1":"product","2":"type-product","3":"status-publish","4":"has-post-thumbnail","6":"product_cat-bols","7":"product_tag-animaux","8":"pa_ciudad-mallorca","9":"pa_motivo-dauphins","10":"pa_pais-espana","12":"first","13":"instock","14":"shipping-taxable","15":"product-type-simple"},"acf":[],"_links":{"self":[{"href":"https:\/\/olemosaic.orbitalia.org\/fr\/wp-json\/wp\/v2\/product\/29021","targetHints":{"allow":["GET"]}}],"collection":[{"href":"https:\/\/olemosaic.orbitalia.org\/fr\/wp-json\/wp\/v2\/product"}],"about":[{"href":"https:\/\/olemosaic.orbitalia.org\/fr\/wp-json\/wp\/v2\/types\/product"}],"wp:featuredmedia":[{"embeddable":true,"href":"https:\/\/olemosaic.orbitalia.org\/fr\/wp-json\/wp\/v2\/media\/10258"}],"wp:attachment":[{"href":"https:\/\/olemosaic.orbitalia.org\/fr\/wp-json\/wp\/v2\/media?parent=29021"}],"wp:term":[{"taxonomy":"product_brand","embeddable":true,"href":"https:\/\/olemosaic.orbitalia.org\/fr\/wp-json\/wp\/v2\/product_brand?post=29021"},{"taxonomy":"product_cat","embeddable":true,"href":"https:\/\/olemosaic.orbitalia.org\/fr\/wp-json\/wp\/v2\/product_cat?post=29021"},{"taxonomy":"product_tag","embeddable":true,"href":"https:\/\/olemosaic.orbitalia.org\/fr\/wp-json\/wp\/v2\/product_tag?post=29021"}],"curies":[{"name":"wp","href":"https:\/\/api.w.org\/{rel}","templated":true}]}}